{"id":34,"date":"2022-10-27T10:33:50","date_gmt":"2022-10-27T08:33:50","guid":{"rendered":"https:\/\/cosmetique.renophase.fr\/?page_id=34"},"modified":"2025-02-27T12:58:22","modified_gmt":"2025-02-27T11:58:22","slug":"blog","status":"publish","type":"page","link":"https:\/\/renophase.fr\/en\/blog\/","title":{"rendered":"Blog"},"content":{"rendered":"<div data-elementor-type=\"wp-page\" data-elementor-id=\"34\" class=\"elementor elementor-34\" data-elementor-post-type=\"page\">\n\t\t\t\t\t\t<section class=\"elementor-section elementor-top-section elementor-element elementor-element-18321bf elementor-section-full_width elementor-section-height-min-height elementor-section-items-stretch elementor-section-content-space-around elementor-section-height-default\" data-id=\"18321bf\" data-element_type=\"section\" data-e-type=\"section\" id=\"top\" data-settings=\"{&quot;background_background&quot;:&quot;classic&quot;}\">\n\t\t\t\t\t\t\t<div class=\"elementor-background-overlay\"><\/div>\n\t\t\t\t\t\t\t<div class=\"elementor-container elementor-column-gap-no\">\n\t\t\t\t\t<div class=\"elementor-column elementor-col-100 elementor-top-column elementor-element elementor-element-266800b4\" data-id=\"266800b4\" data-element_type=\"column\" data-e-type=\"column\">\n\t\t\t<div class=\"elementor-widget-wrap elementor-element-populated\">\n\t\t\t\t<div class=\"elementor-element elementor-element-38072f47 e-flex e-con-boxed e-con e-parent\" data-id=\"38072f47\" data-element_type=\"container\" data-e-type=\"container\">\n\t\t\t\t\t<div class=\"e-con-inner\">\n\t\t\t\t<div class=\"elementor-element elementor-element-513af969 elementor-widget elementor-widget-heading\" data-id=\"513af969\" data-element_type=\"widget\" data-e-type=\"widget\" data-widget_type=\"heading.default\">\n\t\t\t\t<div class=\"elementor-widget-container\">\n\t\t\t\t\t<h2 class=\"elementor-heading-title elementor-size-default\">Blog<\/h2>\t\t\t\t<\/div>\n\t\t\t\t<\/div>\n\t\t\t\t\t<\/div>\n\t\t\t\t<\/div>\n\t\t\t\t\t<\/div>\n\t\t<\/div>\n\t\t\t\t\t<\/div>\n\t\t<\/section>\n\t\t<div class=\"elementor-element elementor-element-4c4eba2 e-flex e-con-boxed e-con e-parent\" data-id=\"4c4eba2\" data-element_type=\"container\" data-e-type=\"container\">\n\t\t\t\t\t<div class=\"e-con-inner\">\n\t\t\t\t<div class=\"elementor-element elementor-element-feb25de elementor-widget elementor-widget-heading\" data-id=\"feb25de\" data-element_type=\"widget\" data-e-type=\"widget\" data-widget_type=\"heading.default\">\n\t\t\t\t<div class=\"elementor-widget-container\">\n\t\t\t\t\t<h2 class=\"elementor-heading-title elementor-size-default\">Recent articles<\/h2>\t\t\t\t<\/div>\n\t\t\t\t<\/div>\n\t\t\t\t<div class=\"elementor-element elementor-element-5ba0805 elementor-widget-divider--view-line elementor-widget elementor-widget-divider\" data-id=\"5ba0805\" data-element_type=\"widget\" data-e-type=\"widget\" data-widget_type=\"divider.default\">\n\t\t\t\t<div class=\"elementor-widget-container\">\n\t\t\t\t\t\t\t<div class=\"elementor-divider\">\n\t\t\t<span class=\"elementor-divider-separator\">\n\t\t\t\t\t\t<\/span>\n\t\t<\/div>\n\t\t\t\t\t\t<\/div>\n\t\t\t\t<\/div>\n\t\t\t\t<div class=\"elementor-element elementor-element-ddc9472 elementor-grid-4 elementor-grid-tablet-2 elementor-grid-mobile-1 elementor-posts--thumbnail-top elementor-widget elementor-widget-posts\" data-id=\"ddc9472\" data-element_type=\"widget\" data-e-type=\"widget\" data-settings=\"{&quot;classic_columns&quot;:&quot;4&quot;,&quot;classic_columns_tablet&quot;:&quot;2&quot;,&quot;classic_columns_mobile&quot;:&quot;1&quot;,&quot;classic_row_gap&quot;:{&quot;unit&quot;:&quot;px&quot;,&quot;size&quot;:35,&quot;sizes&quot;:[]},&quot;classic_row_gap_widescreen&quot;:{&quot;unit&quot;:&quot;px&quot;,&quot;size&quot;:&quot;&quot;,&quot;sizes&quot;:[]},&quot;classic_row_gap_laptop&quot;:{&quot;unit&quot;:&quot;px&quot;,&quot;size&quot;:&quot;&quot;,&quot;sizes&quot;:[]},&quot;classic_row_gap_tablet_extra&quot;:{&quot;unit&quot;:&quot;px&quot;,&quot;size&quot;:&quot;&quot;,&quot;sizes&quot;:[]},&quot;classic_row_gap_tablet&quot;:{&quot;unit&quot;:&quot;px&quot;,&quot;size&quot;:&quot;&quot;,&quot;sizes&quot;:[]},&quot;classic_row_gap_mobile&quot;:{&quot;unit&quot;:&quot;px&quot;,&quot;size&quot;:&quot;&quot;,&quot;sizes&quot;:[]}}\" data-widget_type=\"posts.classic\">\n\t\t\t\t<div class=\"elementor-widget-container\">\n\t\t\t\t\t\t\t<div class=\"elementor-posts-container elementor-posts elementor-posts--skin-classic elementor-grid\" role=\"list\">\n\t\t\t\t<article class=\"elementor-post elementor-grid-item post-14674 post type-post status-publish format-standard has-post-thumbnail hentry category-non-classe\" role=\"listitem\">\n\t\t\t\t<a class=\"elementor-post__thumbnail__link\" href=\"https:\/\/renophase.fr\/en\/2025\/03\/10\/innovation-en-medecine-esthetique-avec-le-dr-tufet\/\" tabindex=\"-1\" target=\"&quot;_blank&quot;\">\n\t\t\t<div class=\"elementor-post__thumbnail\"><img fetchpriority=\"high\" decoding=\"async\" width=\"750\" height=\"750\" src=\"https:\/\/renophase.fr\/wp-content\/uploads\/2025\/03\/dr-tufet-750x750.jpg\" class=\"attachment-medium size-medium wp-image-14681\" alt=\"\" srcset=\"https:\/\/renophase.fr\/wp-content\/uploads\/2025\/03\/dr-tufet-750x750.jpg 750w, https:\/\/renophase.fr\/wp-content\/uploads\/2025\/03\/dr-tufet-150x150.jpg 150w, https:\/\/renophase.fr\/wp-content\/uploads\/2025\/03\/dr-tufet-768x768.jpg 768w, https:\/\/renophase.fr\/wp-content\/uploads\/2025\/03\/dr-tufet-12x12.jpg 12w, https:\/\/renophase.fr\/wp-content\/uploads\/2025\/03\/dr-tufet-100x100.jpg 100w, https:\/\/renophase.fr\/wp-content\/uploads\/2025\/03\/dr-tufet.jpg 854w\" sizes=\"(max-width: 750px) 100vw, 750px\" \/><\/div>\n\t\t<\/a>\n\t\t\t\t<div class=\"elementor-post__text\">\n\t\t\t\t<h3 class=\"elementor-post__title\">\n\t\t\t<a href=\"https:\/\/renophase.fr\/en\/2025\/03\/10\/innovation-en-medecine-esthetique-avec-le-dr-tufet\/\" target=\"&quot;_blank&quot;\">\n\t\t\t\tInnovation in Aesthetic Medicine with Dr. Tufet\t\t\t<\/a>\n\t\t<\/h3>\n\t\t\t\t<div class=\"elementor-post__meta-data\">\n\t\t\t\t\t<span class=\"elementor-post-date\">\n\t\t\t10 March 2025\t\t<\/span>\n\t\t\t\t<\/div>\n\t\t\t\t<div class=\"elementor-post__excerpt\">\n\t\t\t<p>Alliance and Innovation in Aesthetic Medicine with Dr. Tufet and Renophase\u00ae Laboratories Paris\nIn an unprecedented collaboration, Dr. Jaume Tufet, founder...<\/p>\n\t\t<\/div>\n\t\t\t\t\t<div class=\"elementor-post__read-more-wrapper\">\n\t\t\n\t\t<a class=\"elementor-post__read-more\" href=\"https:\/\/renophase.fr\/en\/2025\/03\/10\/innovation-en-medecine-esthetique-avec-le-dr-tufet\/\" aria-label=\"Read more about Innovation en m\u00e9decine esth\u00e9tique avec le Dr. Tufet\" tabindex=\"-1\" target=\"_blank\">\n\t\t\tRead more &gt;&gt;\t\t<\/a>\n\n\t\t\t\t\t<\/div>\n\t\t\t\t<\/div>\n\t\t\t\t<\/article>\n\t\t\t\t<article class=\"elementor-post elementor-grid-item post-14637 post type-post status-publish format-standard has-post-thumbnail hentry category-non-classe\" role=\"listitem\">\n\t\t\t\t<a class=\"elementor-post__thumbnail__link\" href=\"https:\/\/renophase.fr\/en\/2025\/03\/03\/medicina-oxidativa-regenerativa-y-well-aging\/\" tabindex=\"-1\" target=\"&quot;_blank&quot;\">\n\t\t\t<div class=\"elementor-post__thumbnail\"><img decoding=\"async\" width=\"750\" height=\"419\" src=\"https:\/\/renophase.fr\/wp-content\/uploads\/2025\/03\/benites-protocol-img-2-750x419.jpg\" class=\"attachment-medium size-medium wp-image-14643\" alt=\"\" srcset=\"https:\/\/renophase.fr\/wp-content\/uploads\/2025\/03\/benites-protocol-img-2-750x419.jpg 750w, https:\/\/renophase.fr\/wp-content\/uploads\/2025\/03\/benites-protocol-img-2-768x429.jpg 768w, https:\/\/renophase.fr\/wp-content\/uploads\/2025\/03\/benites-protocol-img-2-18x10.jpg 18w, https:\/\/renophase.fr\/wp-content\/uploads\/2025\/03\/benites-protocol-img-2.jpg 1242w\" sizes=\"(max-width: 750px) 100vw, 750px\" \/><\/div>\n\t\t<\/a>\n\t\t\t\t<div class=\"elementor-post__text\">\n\t\t\t\t<h3 class=\"elementor-post__title\">\n\t\t\t<a href=\"https:\/\/renophase.fr\/en\/2025\/03\/03\/medicina-oxidativa-regenerativa-y-well-aging\/\" target=\"&quot;_blank&quot;\">\n\t\t\t\tOxidative Regenerative Medicine and Well aging\t\t\t<\/a>\n\t\t<\/h3>\n\t\t\t\t<div class=\"elementor-post__meta-data\">\n\t\t\t\t\t<span class=\"elementor-post-date\">\n\t\t\t3 March 2025\t\t<\/span>\n\t\t\t\t<\/div>\n\t\t\t\t<div class=\"elementor-post__excerpt\">\n\t\t\t<p>Dr. Ben\u00edtez is a renowned expert in surgery and laser medicine, with extensive international experience, specializing in the rejuvenation of all skin types\u2026<\/p>\n\t\t<\/div>\n\t\t\t\t\t<div class=\"elementor-post__read-more-wrapper\">\n\t\t\n\t\t<a class=\"elementor-post__read-more\" href=\"https:\/\/renophase.fr\/en\/2025\/03\/03\/medicina-oxidativa-regenerativa-y-well-aging\/\" aria-label=\"Read more about M\u00e9decine Oxydative R\u00e9g\u00e9n\u00e9rative et  Well aging\" tabindex=\"-1\" target=\"_blank\">\n\t\t\tRead more &gt;&gt;\t\t<\/a>\n\n\t\t\t\t\t<\/div>\n\t\t\t\t<\/div>\n\t\t\t\t<\/article>\n\t\t\t\t<article class=\"elementor-post elementor-grid-item post-14375 post type-post status-publish format-standard has-post-thumbnail hentry category-news\" role=\"listitem\">\n\t\t\t\t<a class=\"elementor-post__thumbnail__link\" href=\"https:\/\/renophase.fr\/en\/2025\/02\/27\/medecine-regenerative-dra-esther-lliro\/\" tabindex=\"-1\" target=\"&quot;_blank&quot;\">\n\t\t\t<div class=\"elementor-post__thumbnail\"><img decoding=\"async\" width=\"750\" height=\"500\" src=\"https:\/\/renophase.fr\/wp-content\/uploads\/2025\/02\/img_c_67adbe00d9001-1080x720.jpg-750x500.webp\" class=\"attachment-medium size-medium wp-image-14400\" alt=\"\" srcset=\"https:\/\/renophase.fr\/wp-content\/uploads\/2025\/02\/img_c_67adbe00d9001-1080x720.jpg-750x500.webp 750w, https:\/\/renophase.fr\/wp-content\/uploads\/2025\/02\/img_c_67adbe00d9001-1080x720.jpg-768x512.webp 768w, https:\/\/renophase.fr\/wp-content\/uploads\/2025\/02\/img_c_67adbe00d9001-1080x720.jpg-18x12.webp 18w, https:\/\/renophase.fr\/wp-content\/uploads\/2025\/02\/img_c_67adbe00d9001-1080x720.jpg.webp 1080w\" sizes=\"(max-width: 750px) 100vw, 750px\" \/><\/div>\n\t\t<\/a>\n\t\t\t\t<div class=\"elementor-post__text\">\n\t\t\t\t<h3 class=\"elementor-post__title\">\n\t\t\t<a href=\"https:\/\/renophase.fr\/en\/2025\/02\/27\/medecine-regenerative-dra-esther-lliro\/\" target=\"&quot;_blank&quot;\">\n\t\t\t\tRegenerative Medicine \u2013 Dr. Esther Llir\u00f3\t\t\t<\/a>\n\t\t<\/h3>\n\t\t\t\t<div class=\"elementor-post__meta-data\">\n\t\t\t\t\t<span class=\"elementor-post-date\">\n\t\t\t27 February 2025\t\t<\/span>\n\t\t\t\t<\/div>\n\t\t\t\t<div class=\"elementor-post__excerpt\">\n\t\t\t<p>Aging is a natural process we all go through, but maintaining healthy, radiant skin throughout this ongoing journey is possible thanks to advancements in regenerative oxidative medicine.<\/p>\n\t\t<\/div>\n\t\t\t\t\t<div class=\"elementor-post__read-more-wrapper\">\n\t\t\n\t\t<a class=\"elementor-post__read-more\" href=\"https:\/\/renophase.fr\/en\/2025\/02\/27\/medecine-regenerative-dra-esther-lliro\/\" aria-label=\"Read more about M\u00e9decine R\u00e9g\u00e9n\u00e9rative Dra. Esther Llir\u00f3\" tabindex=\"-1\" target=\"_blank\">\n\t\t\tRead more &gt;&gt;\t\t<\/a>\n\n\t\t\t\t\t<\/div>\n\t\t\t\t<\/div>\n\t\t\t\t<\/article>\n\t\t\t\t<article class=\"elementor-post elementor-grid-item post-5043 post type-post status-publish format-standard has-post-thumbnail hentry category-valeurs-renophase\" role=\"listitem\">\n\t\t\t\t<a class=\"elementor-post__thumbnail__link\" href=\"https:\/\/renophase.fr\/en\/2023\/01\/03\/ma-vision-de-la-peau\/\" tabindex=\"-1\" target=\"&quot;_blank&quot;\">\n\t\t\t<div class=\"elementor-post__thumbnail\"><img loading=\"lazy\" decoding=\"async\" width=\"501\" height=\"750\" src=\"https:\/\/renophase.fr\/wp-content\/uploads\/2022\/11\/pexels-shiny-diamond-3762875-scaled-501x750.jpg\" class=\"attachment-medium size-medium wp-image-2182\" alt=\"\" srcset=\"https:\/\/renophase.fr\/wp-content\/uploads\/2022\/11\/pexels-shiny-diamond-3762875-scaled-501x750.jpg 501w, https:\/\/renophase.fr\/wp-content\/uploads\/2022\/11\/pexels-shiny-diamond-3762875-scaled-1001x1500.jpg 1001w, https:\/\/renophase.fr\/wp-content\/uploads\/2022\/11\/pexels-shiny-diamond-3762875-scaled-768x1150.jpg 768w, https:\/\/renophase.fr\/wp-content\/uploads\/2022\/11\/pexels-shiny-diamond-3762875-scaled-1025x1536.jpg 1025w, https:\/\/renophase.fr\/wp-content\/uploads\/2022\/11\/pexels-shiny-diamond-3762875-scaled-1367x2048.jpg 1367w, https:\/\/renophase.fr\/wp-content\/uploads\/2022\/11\/pexels-shiny-diamond-3762875-scaled-8x12.jpg 8w, https:\/\/renophase.fr\/wp-content\/uploads\/2022\/11\/pexels-shiny-diamond-3762875-scaled-600x899.jpg 600w, https:\/\/renophase.fr\/wp-content\/uploads\/2022\/11\/pexels-shiny-diamond-3762875-scaled.jpg 1709w\" sizes=\"(max-width: 501px) 100vw, 501px\" \/><\/div>\n\t\t<\/a>\n\t\t\t\t<div class=\"elementor-post__text\">\n\t\t\t\t<h3 class=\"elementor-post__title\">\n\t\t\t<a href=\"https:\/\/renophase.fr\/en\/2023\/01\/03\/ma-vision-de-la-peau\/\" target=\"&quot;_blank&quot;\">\n\t\t\t\tRENOPHASE&#039;S SKIN VISION\t\t\t<\/a>\n\t\t<\/h3>\n\t\t\t\t<div class=\"elementor-post__meta-data\">\n\t\t\t\t\t<span class=\"elementor-post-date\">\n\t\t\t3 January 2023\t\t<\/span>\n\t\t\t\t<\/div>\n\t\t\t\t<div class=\"elementor-post__excerpt\">\n\t\t\t<p>We must love, respect and maintain the health of our skin, because it protects us. It is a\nportal of vital exchanges between the interior and the exterior.<\/p>\n\t\t<\/div>\n\t\t\t\t\t<div class=\"elementor-post__read-more-wrapper\">\n\t\t\n\t\t<a class=\"elementor-post__read-more\" href=\"https:\/\/renophase.fr\/en\/2023\/01\/03\/ma-vision-de-la-peau\/\" aria-label=\"Read more about Ma vision de la peau\" tabindex=\"-1\" target=\"_blank\">\n\t\t\tRead more &gt;&gt;\t\t<\/a>\n\n\t\t\t\t\t<\/div>\n\t\t\t\t<\/div>\n\t\t\t\t<\/article>\n\t\t\t\t<article class=\"elementor-post elementor-grid-item post-4997 post type-post status-publish format-standard has-post-thumbnail hentry category-news\" role=\"listitem\">\n\t\t\t\t<a class=\"elementor-post__thumbnail__link\" href=\"https:\/\/renophase.fr\/en\/2023\/01\/03\/michele-eymard\/\" tabindex=\"-1\" target=\"&quot;_blank&quot;\">\n\t\t\t<div class=\"elementor-post__thumbnail\"><img loading=\"lazy\" decoding=\"async\" width=\"750\" height=\"549\" src=\"https:\/\/renophase.fr\/wp-content\/uploads\/2022\/11\/Mme-Eymard-UpscaleV3-750x549.jpg\" class=\"attachment-medium size-medium wp-image-1322\" alt=\"\" srcset=\"https:\/\/renophase.fr\/wp-content\/uploads\/2022\/11\/Mme-Eymard-UpscaleV3-750x549.jpg 750w, https:\/\/renophase.fr\/wp-content\/uploads\/2022\/11\/Mme-Eymard-UpscaleV3-768x562.jpg 768w, https:\/\/renophase.fr\/wp-content\/uploads\/2022\/11\/Mme-Eymard-UpscaleV3-1536x1125.jpg 1536w, https:\/\/renophase.fr\/wp-content\/uploads\/2022\/11\/Mme-Eymard-UpscaleV3-16x12.jpg 16w, https:\/\/renophase.fr\/wp-content\/uploads\/2022\/11\/Mme-Eymard-UpscaleV3-600x439.jpg 600w, https:\/\/renophase.fr\/wp-content\/uploads\/2022\/11\/Mme-Eymard-UpscaleV3-1320x967.jpg 1320w, https:\/\/renophase.fr\/wp-content\/uploads\/2022\/11\/Mme-Eymard-UpscaleV3.jpg 1692w\" sizes=\"(max-width: 750px) 100vw, 750px\" \/><\/div>\n\t\t<\/a>\n\t\t\t\t<div class=\"elementor-post__text\">\n\t\t\t\t<h3 class=\"elementor-post__title\">\n\t\t\t<a href=\"https:\/\/renophase.fr\/en\/2023\/01\/03\/michele-eymard\/\" target=\"&quot;_blank&quot;\">\n\t\t\t\tMich\u00e8le EYMARD\t\t\t<\/a>\n\t\t<\/h3>\n\t\t\t\t<div class=\"elementor-post__meta-data\">\n\t\t\t\t\t<span class=\"elementor-post-date\">\n\t\t\t3 January 2023\t\t<\/span>\n\t\t\t\t<\/div>\n\t\t\t\t<div class=\"elementor-post__excerpt\">\n\t\t\t<p>At the age of 24, a very serious car accident permanently marked the left side of my\nface. Multiple breaks and tears destroyed my profile.<\/p>\n\t\t<\/div>\n\t\t\t\t\t<div class=\"elementor-post__read-more-wrapper\">\n\t\t\n\t\t<a class=\"elementor-post__read-more\" href=\"https:\/\/renophase.fr\/en\/2023\/01\/03\/michele-eymard\/\" aria-label=\"Read more about Mich\u00e8le EYMARD\" tabindex=\"-1\" target=\"_blank\">\n\t\t\tRead more &gt;&gt;\t\t<\/a>\n\n\t\t\t\t\t<\/div>\n\t\t\t\t<\/div>\n\t\t\t\t<\/article>\n\t\t\t\t<\/div>\n\t\t\n\t\t\t\t\t\t<\/div>\n\t\t\t\t<\/div>\n\t\t\t\t\t<\/div>\n\t\t\t\t<\/div>\n\t\t\t\t<\/div>","protected":false},"excerpt":{"rendered":"<p>Blog Les articles r\u00e9cents<\/p>","protected":false},"author":3,"featured_media":0,"parent":0,"menu_order":0,"comment_status":"closed","ping_status":"closed","template":"elementor_header_footer","meta":{"_acf_changed":false,"footnotes":""},"class_list":["post-34","page","type-page","status-publish","hentry"],"acf":[],"_links":{"self":[{"href":"https:\/\/renophase.fr\/en\/wp-json\/wp\/v2\/pages\/34","targetHints":{"allow":["GET"]}}],"collection":[{"href":"https:\/\/renophase.fr\/en\/wp-json\/wp\/v2\/pages"}],"about":[{"href":"https:\/\/renophase.fr\/en\/wp-json\/wp\/v2\/types\/page"}],"author":[{"embeddable":true,"href":"https:\/\/renophase.fr\/en\/wp-json\/wp\/v2\/users\/3"}],"replies":[{"embeddable":true,"href":"https:\/\/renophase.fr\/en\/wp-json\/wp\/v2\/comments?post=34"}],"version-history":[{"count":0,"href":"https:\/\/renophase.fr\/en\/wp-json\/wp\/v2\/pages\/34\/revisions"}],"wp:attachment":[{"href":"https:\/\/renophase.fr\/en\/wp-json\/wp\/v2\/media?parent=34"}],"curies":[{"name":"wp","href":"https:\/\/api.w.org\/{rel}","templated":true}]}}