{"id":67,"date":"2022-10-27T11:19:38","date_gmt":"2022-10-27T09:19:38","guid":{"rendered":"https:\/\/cosmetique.renophase.fr\/panier\/"},"modified":"2023-02-28T16:31:09","modified_gmt":"2023-02-28T15:31:09","slug":"panier","status":"publish","type":"page","link":"https:\/\/renophase.fr\/en\/panier\/","title":{"rendered":"Basket"},"content":{"rendered":"<div data-elementor-type=\"wp-page\" data-elementor-id=\"67\" class=\"elementor elementor-67\" data-elementor-post-type=\"page\">\n\t\t\t\t<div class=\"elementor-element elementor-element-518ffc2 e-flex e-con-boxed e-con e-parent\" data-id=\"518ffc2\" data-element_type=\"container\" data-e-type=\"container\">\n\t\t\t\t\t<div class=\"e-con-inner\">\n\t\t\t\t<div class=\"elementor-element elementor-element-e95f3a5 elementor-widget elementor-widget-text-editor\" data-id=\"e95f3a5\" data-element_type=\"widget\" data-e-type=\"widget\" data-widget_type=\"text-editor.default\">\n\t\t\t\t<div class=\"elementor-widget-container\">\n\t\t\t\t\t\t\t\t\t<p>You can also like :<\/p>\t\t\t\t\t\t\t\t<\/div>\n\t\t\t\t<\/div>\n\t\t\t\t<div class=\"elementor-element elementor-element-f82720c elementor-product-loop-item--align-left elementor-grid-laptop-3 elementor-grid-tablet-3 elementor-product-loop-item--align-left elementor-grid-mobile-1 elementor-grid-3 elementor-products-grid elementor-wc-products elementor-widget elementor-widget-woocommerce-products\" data-id=\"f82720c\" data-element_type=\"widget\" data-e-type=\"widget\" data-widget_type=\"woocommerce-products.default\">\n\t\t\t\t<div class=\"elementor-widget-container\">\n\t\t\t\t\t<div class=\"woocommerce columns-3\"><span class=\"wpfHidden\" data-shortcode-attribute=\"{&quot;limit&quot;:&quot;-1&quot;,&quot;columns&quot;:3,&quot;rows&quot;:1,&quot;orderby&quot;:&quot;&quot;,&quot;order&quot;:&quot;&quot;,&quot;ids&quot;:&quot;&quot;,&quot;skus&quot;:&quot;&quot;,&quot;category&quot;:&quot;&quot;,&quot;cat_operator&quot;:&quot;IN&quot;,&quot;attribute&quot;:&quot;&quot;,&quot;terms&quot;:&quot;&quot;,&quot;terms_operator&quot;:&quot;IN&quot;,&quot;tag&quot;:&quot;&quot;,&quot;tag_operator&quot;:&quot;IN&quot;,&quot;visibility&quot;:&quot;visible&quot;,&quot;class&quot;:&quot;&quot;,&quot;page&quot;:1,&quot;paginate&quot;:&quot;&quot;,&quot;cache&quot;:false}\"><\/span><ul class=\"products elementor-grid columns-3\">\n<li class=\"product type-product post-7431 status-publish first instock product_cat-04-reveal product_cat-renewlight-04-reveal product_tag-des-taches-brunes product_tag-jour-nuit product_tag-peaux-grasses product_tag-peaux-normales product_tag-peaux-seches has-post-thumbnail taxable shipping-taxable purchasable product-type-simple\">\n\t<div class=\"tinv-wraper woocommerce tinv-wishlist tinvwl-above_thumb-add-to-cart tinvwl-loop-button-wrapper tinvwl-woocommerce_before_shop_loop_item\"\r\n\t data-tinvwl_product_id=\"7431\">\r\n\t<div class=\"tinv-wishlist-clear\"><\/div><a role=\"button\" tabindex=\"0\" name=\"ajouter-aux-favoris\" aria-label=\"remove from wishlist\" class=\"tinvwl_add_to_wishlist_button tinvwl-icon-heart icon-black  tinvwl-position-above_thumb tinvwl-loop\" data-tinv-wl-list=\"[]\" data-tinv-wl-product=\"7431\" data-tinv-wl-productvariation=\"0\" data-tinv-wl-productvariations=\"[]\" data-tinv-wl-producttype=\"simple\" data-tinv-wl-action=\"add\"><span class=\"tinvwl_add_to_wishlist-text\">remove from wishlist<\/span><span class=\"tinvwl_remove_from_wishlist-text\">remove from wishlist<\/span><\/a><div class=\"tinv-wishlist-clear\"><\/div>\t\t<div\r\n\t\tclass=\"tinvwl-tooltip\">remove from wishlist<\/div>\r\n<\/div>\r\n<a href=\"https:\/\/renophase.fr\/en\/product\/renewlight-tr-serum\/\" class=\"woocommerce-LoopProduct-link woocommerce-loop-product__link\"><div class=\"wpcbm-wrapper wpcbm-wrapper-archive-image\"><div class=\"wpcbm-badges wpcbm-badges-top-right wpcbm-badges-archive_image\"><div class=\"wpcbm-badge wpcbm-badge-7928 wpcbm-pid-7431 wpcbm-badge-style-23 wpcbm-badge-group-0 hint--top\" aria-label=\"\"><div class=\"wpcbm-badge-inner\">\u263e \u263c<\/div><\/div><\/div><img fetchpriority=\"high\" decoding=\"async\" width=\"1000\" height=\"1000\" src=\"https:\/\/renophase.fr\/wp-content\/uploads\/2023\/04\/04.Reveal_TRanexamique-2.png\" class=\"attachment-woocommerce_thumbnail size-woocommerce_thumbnail\" alt=\"&lt;strong&gt;RENEWLIGHT&lt;\/strong&gt;| TRanexamique S\u00e9rum\" srcset=\"https:\/\/renophase.fr\/wp-content\/uploads\/2023\/04\/04.Reveal_TRanexamique-2.png 1000w, https:\/\/renophase.fr\/wp-content\/uploads\/2023\/04\/04.Reveal_TRanexamique-2-750x750.png 750w, https:\/\/renophase.fr\/wp-content\/uploads\/2023\/04\/04.Reveal_TRanexamique-2-150x150.png 150w, https:\/\/renophase.fr\/wp-content\/uploads\/2023\/04\/04.Reveal_TRanexamique-2-768x768.png 768w, https:\/\/renophase.fr\/wp-content\/uploads\/2023\/04\/04.Reveal_TRanexamique-2-12x12.png 12w, https:\/\/renophase.fr\/wp-content\/uploads\/2023\/04\/04.Reveal_TRanexamique-2-100x100.png 100w\" sizes=\"(max-width: 1000px) 100vw, 1000px\" \/><\/div><h2 class=\"woocommerce-loop-product__title\"><strong>RENEWLIGHT<\/strong>| TRanexamique S\u00e9rum<\/h2><div class=\"woocommerce-product-details__short-description\">\n\t<h4 class=\"separacio-producte\"><strong>A CORRECTIVE SERUM FOR DARK SPOTS.<\/strong><\/h4>\n<div class=\"ecart\"><\/div>\n<p>Pronounced and deep hyperpigmentation is not only the result of the damaging action of UV rays, but is also caused by hormones, hereditary factors, certain medications and inflammation. To solve this complex problem, we have developed a unique formulation to restore even pigmentation.<\/p>\n<p>&nbsp;<\/p>\n<h4 class=\"separacio-producte\">ACTIVE INGREDIENTS<\/h4>\n<p>&nbsp;<\/p>\n<p>TRANEXAMIC ACID 2 %: Several international studies have shown that this active ingredient reduces melanin production and the spread of pro-inflammatory elements responsible for hyperpigmentation.<\/p>\n<p>RETINOL: Speeds up skin renewal.<\/p>\n<\/div>\n\n\t<span class=\"price\"><span class=\"woocommerce-Price-amount amount\"><bdi>74,20&nbsp;<span class=\"woocommerce-Price-currencySymbol\">\u20ac<\/span><\/bdi><\/span><\/span>\n<\/a><div class=\"woocommerce-loop-product__buttons\"><a href=\"\/en\/wp-json\/wp\/v2\/pages\/67?add-to-cart=7431\" aria-describedby=\"woocommerce_loop_add_to_cart_link_describedby_7431\" data-quantity=\"1\" class=\"button product_type_simple add_to_cart_button ajax_add_to_cart\" data-product_id=\"7431\" data-product_sku=\"RE.TRX\" aria-label=\"Add to basket: \u201cRENEWLIGHT| TRanexamique S\u00e9rum\u201d\" rel=\"nofollow\" data-success_message=\"\u201c&lt;strong&gt;RENEWLIGHT&lt;\/strong&gt;| TRanexamique S\u00e9rum\u201d has been added to your cart\" role=\"button\" data-no-translation=\"\" data-trp-gettext=\"\" data-no-translation-aria-label=\"\" data-no-translation-data-success_message=\"\">Add to cart<\/a><\/div>\t<span id=\"woocommerce_loop_add_to_cart_link_describedby_7431\" class=\"screen-reader-text\">\n\t\t\t<\/span>\n<\/li>\n<li class=\"product type-product post-7079 status-publish instock product_cat-04-reveal product_cat-newskin-04-reveal product_tag-des-premieres-rides product_tag-des-rides product_tag-jour-nuit product_tag-peaux-seches product_tag-une-peau-sensible product_tag-une-perte-delasticite-cutanee has-post-thumbnail taxable shipping-taxable purchasable product-type-simple\">\n\t<div class=\"tinv-wraper woocommerce tinv-wishlist tinvwl-above_thumb-add-to-cart tinvwl-loop-button-wrapper tinvwl-woocommerce_before_shop_loop_item\"\r\n\t data-tinvwl_product_id=\"7079\">\r\n\t<div class=\"tinv-wishlist-clear\"><\/div><a role=\"button\" tabindex=\"0\" name=\"ajouter-aux-favoris\" aria-label=\"remove from wishlist\" class=\"tinvwl_add_to_wishlist_button tinvwl-icon-heart icon-black  tinvwl-position-above_thumb tinvwl-loop\" data-tinv-wl-list=\"[]\" data-tinv-wl-product=\"7079\" data-tinv-wl-productvariation=\"0\" data-tinv-wl-productvariations=\"[]\" data-tinv-wl-producttype=\"simple\" data-tinv-wl-action=\"add\"><span class=\"tinvwl_add_to_wishlist-text\">remove from wishlist<\/span><span class=\"tinvwl_remove_from_wishlist-text\">remove from wishlist<\/span><\/a><div class=\"tinv-wishlist-clear\"><\/div>\t\t<div\r\n\t\tclass=\"tinvwl-tooltip\">remove from wishlist<\/div>\r\n<\/div>\r\n<a href=\"https:\/\/renophase.fr\/en\/product\/eye-c-creme\/\" class=\"woocommerce-LoopProduct-link woocommerce-loop-product__link\"><div class=\"wpcbm-wrapper wpcbm-wrapper-archive-image\"><div class=\"wpcbm-badges wpcbm-badges-top-right wpcbm-badges-archive_image\"><div class=\"wpcbm-badge wpcbm-badge-7928 wpcbm-pid-7079 wpcbm-badge-style-23 wpcbm-badge-group-0 hint--top\" aria-label=\"\"><div class=\"wpcbm-badge-inner\">\u263e \u263c<\/div><\/div><\/div><img decoding=\"async\" width=\"1000\" height=\"1000\" src=\"https:\/\/renophase.fr\/wp-content\/uploads\/2023\/04\/Creem-riche-photo-couveture.png\" class=\"attachment-woocommerce_thumbnail size-woocommerce_thumbnail\" alt=\"&lt;strong&gt;NEWSKIN&lt;\/strong&gt;| Cr\u00e8me Riche\" srcset=\"https:\/\/renophase.fr\/wp-content\/uploads\/2023\/04\/Creem-riche-photo-couveture.png 1000w, https:\/\/renophase.fr\/wp-content\/uploads\/2023\/04\/Creem-riche-photo-couveture-750x750.png 750w, https:\/\/renophase.fr\/wp-content\/uploads\/2023\/04\/Creem-riche-photo-couveture-150x150.png 150w, https:\/\/renophase.fr\/wp-content\/uploads\/2023\/04\/Creem-riche-photo-couveture-768x768.png 768w, https:\/\/renophase.fr\/wp-content\/uploads\/2023\/04\/Creem-riche-photo-couveture-12x12.png 12w, https:\/\/renophase.fr\/wp-content\/uploads\/2023\/04\/Creem-riche-photo-couveture-100x100.png 100w\" sizes=\"(max-width: 1000px) 100vw, 1000px\" \/><\/div><h2 class=\"woocommerce-loop-product__title\"><strong>NEWSKIN<\/strong>| Cr\u00e8me Riche<\/h2><div class=\"woocommerce-product-details__short-description\">\n\t<h4 class=\"separacio-producte\"><strong>AN ANTI-AGEING RADIANCE SMOOTHING CREAM FOR SENSITIVE\nSKIN.<\/strong><\/h4>\n<div class=\"ecart\"><\/div>\n<p>To correct the signs of ageing on sensitised skin, it is essential to gently exfoliate, restructure the skin\nbarrier, strengthen elastic fibres, stimulate collagen production and increase the water reserve. Aware\nof these challenges, we have formulated a retexturing and anti-ageing high-tolerance treatment.<\/p>\n<p>&nbsp;<\/p>\n<h4 class=\"separacio-producte\">ACTIVE INGREDIENTS<\/h4>\n<p>&nbsp;<\/p>\n<p>GLUCONOLACTONE: Natural molecule, emollient, antioxidant, improves the barrier function of the epidermis for very soft, moisturised skin.<\/p>\n<p>LACTOPEPTIDES: Skin-regenerating active ingredients that induce the production of collagen and hyaluronic acid.<\/p>\n<\/div>\n\n\t<span class=\"price\"><span class=\"woocommerce-Price-amount amount\"><bdi>110,00&nbsp;<span class=\"woocommerce-Price-currencySymbol\">\u20ac<\/span><\/bdi><\/span><\/span>\n<\/a><div class=\"woocommerce-loop-product__buttons\"><a href=\"\/en\/wp-json\/wp\/v2\/pages\/67?add-to-cart=7079\" aria-describedby=\"woocommerce_loop_add_to_cart_link_describedby_7079\" data-quantity=\"1\" class=\"button product_type_simple add_to_cart_button ajax_add_to_cart\" data-product_id=\"7079\" data-product_sku=\"RE.CRN\" aria-label=\"Add to basket: \u201cNEWSKIN| Cr\u00e8me Riche\u201d\" rel=\"nofollow\" data-success_message=\"\u201c&lt;strong&gt;NEWSKIN&lt;\/strong&gt;| Cr\u00e8me Riche\u201d has been added to your cart\" role=\"button\" data-no-translation=\"\" data-trp-gettext=\"\" data-no-translation-aria-label=\"\" data-no-translation-data-success_message=\"\">Add to cart<\/a><\/div>\t<span id=\"woocommerce_loop_add_to_cart_link_describedby_7079\" class=\"screen-reader-text\">\n\t\t\t<\/span>\n<\/li>\n<li class=\"product type-product post-13306 status-publish last instock product_cat-retargeting product_tag-des-rides product_tag-nuit product_tag-peaux-grasses product_tag-peaux-normales product_tag-peaux-seches has-post-thumbnail taxable shipping-taxable purchasable product-type-simple\">\n\t<div class=\"tinv-wraper woocommerce tinv-wishlist tinvwl-above_thumb-add-to-cart tinvwl-loop-button-wrapper tinvwl-woocommerce_before_shop_loop_item\"\r\n\t data-tinvwl_product_id=\"13306\">\r\n\t<div class=\"tinv-wishlist-clear\"><\/div><a role=\"button\" tabindex=\"0\" name=\"ajouter-aux-favoris\" aria-label=\"remove from wishlist\" class=\"tinvwl_add_to_wishlist_button tinvwl-icon-heart icon-black  tinvwl-position-above_thumb tinvwl-loop\" data-tinv-wl-list=\"[]\" data-tinv-wl-product=\"13306\" data-tinv-wl-productvariation=\"0\" data-tinv-wl-productvariations=\"[]\" data-tinv-wl-producttype=\"simple\" data-tinv-wl-action=\"add\"><span class=\"tinvwl_add_to_wishlist-text\">remove from wishlist<\/span><span class=\"tinvwl_remove_from_wishlist-text\">remove from wishlist<\/span><\/a><div class=\"tinv-wishlist-clear\"><\/div>\t\t<div\r\n\t\tclass=\"tinvwl-tooltip\">remove from wishlist<\/div>\r\n<\/div>\r\n<a href=\"https:\/\/renophase.fr\/en\/product\/le-serum-correcteur-multi-rides\/\" class=\"woocommerce-LoopProduct-link woocommerce-loop-product__link\"><div class=\"wpcbm-wrapper wpcbm-wrapper-archive-image\"><div class=\"wpcbm-badges wpcbm-badges-top-right wpcbm-badges-archive_image\"><div class=\"wpcbm-badge wpcbm-badge-7939 wpcbm-pid-13306 wpcbm-badge-style-23 wpcbm-badge-group-0 hint--top\" aria-label=\"\"><div class=\"wpcbm-badge-inner\">\u263e<\/div><\/div><\/div><img decoding=\"async\" width=\"1000\" height=\"1000\" src=\"https:\/\/renophase.fr\/wp-content\/uploads\/2024\/11\/serum-correcteur-multi-rides-couverture.png\" class=\"attachment-woocommerce_thumbnail size-woocommerce_thumbnail\" alt=\"&lt;strong&gt;Le S\u00e9rum&lt;\/strong&gt; Correcteur Multi-Rides\" srcset=\"https:\/\/renophase.fr\/wp-content\/uploads\/2024\/11\/serum-correcteur-multi-rides-couverture.png 1000w, https:\/\/renophase.fr\/wp-content\/uploads\/2024\/11\/serum-correcteur-multi-rides-couverture-750x750.png 750w, https:\/\/renophase.fr\/wp-content\/uploads\/2024\/11\/serum-correcteur-multi-rides-couverture-150x150.png 150w, https:\/\/renophase.fr\/wp-content\/uploads\/2024\/11\/serum-correcteur-multi-rides-couverture-768x768.png 768w, https:\/\/renophase.fr\/wp-content\/uploads\/2024\/11\/serum-correcteur-multi-rides-couverture-12x12.png 12w, https:\/\/renophase.fr\/wp-content\/uploads\/2024\/11\/serum-correcteur-multi-rides-couverture-100x100.png 100w\" sizes=\"(max-width: 1000px) 100vw, 1000px\" \/><\/div><h2 class=\"woocommerce-loop-product__title\"><strong>Le S\u00e9rum<\/strong> Correcteur Multi-Rides<\/h2><div class=\"woocommerce-product-details__short-description\">\n\t<h4 class=\"separacio-producte\"><strong>The Anti-Wrinkle Serum. <\/strong><\/h4>\n<div class=\"ecart\"><\/div>\n<p>Wrinkles originate from the cells' inability to produce, in sufficient quantity, the supportive and firming tissue that gives skin its bounce. We have developed an exceptional formula that optimizes cell functionality to reactivate their self-regeneration capacity. This formula is based on the science of skin longevity genes, combined with a new active form of retinol\u2014retinoyl\u2014with optimal skin tolerance.<\/p>\n<h4 class=\"separacio-producte\">ACTIVE INGREDIENTS<\/h4>\n<p>TRIPEPTIDE-56: Peptide that stimulates cell regeneration and enhances skin firmness.<br \/>\nTRIPEPTIDE-38: Peptide that boosts collagen production and improves skin structure to reduce wrinkles.<br \/>\nRETINOYL COMPLEX: Retinol complex that promotes cell renewal and enhances skin texture and radiance.<\/p>\n<\/div>\n\n\t<span class=\"price\"><span class=\"woocommerce-Price-amount amount\"><bdi>78,30&nbsp;<span class=\"woocommerce-Price-currencySymbol\">\u20ac<\/span><\/bdi><\/span><\/span>\n<\/a><div class=\"woocommerce-loop-product__buttons\"><a href=\"\/en\/wp-json\/wp\/v2\/pages\/67?add-to-cart=13306\" aria-describedby=\"woocommerce_loop_add_to_cart_link_describedby_13306\" data-quantity=\"1\" class=\"button product_type_simple add_to_cart_button ajax_add_to_cart\" data-product_id=\"13306\" data-product_sku=\"RE.RSCM\" aria-label=\"Add to basket: \u201cLe S\u00e9rum Correcteur Multi-Rides\u201d\" rel=\"nofollow\" data-success_message=\"\u201c&lt;strong&gt;Le S\u00e9rum&lt;\/strong&gt; Correcteur Multi-Rides\u201d has been added to your cart\" role=\"button\" data-no-translation=\"\" data-trp-gettext=\"\" data-no-translation-aria-label=\"\" data-no-translation-data-success_message=\"\">Add to cart<\/a><\/div>\t<span id=\"woocommerce_loop_add_to_cart_link_describedby_13306\" class=\"screen-reader-text\">\n\t\t\t<\/span>\n<\/li>\n<\/ul>\n<\/div>\t\t\t\t<\/div>\n\t\t\t\t<\/div>\n\t\t\t\t<div class=\"elementor-element elementor-element-02ff721 elementor-widget elementor-widget-button\" data-id=\"02ff721\" data-element_type=\"widget\" data-e-type=\"widget\" data-widget_type=\"button.default\">\n\t\t\t\t<div class=\"elementor-widget-container\">\n\t\t\t\t\t\t\t\t\t<div class=\"elementor-button-wrapper\">\n\t\t\t\t\t<a class=\"elementor-button elementor-button-link elementor-size-sm\" href=\"\/en\/e-boutique\/\">\n\t\t\t\t\t\t<span class=\"elementor-button-content-wrapper\">\n\t\t\t\t\t\t<span class=\"elementor-button-icon\">\n\t\t\t\t<svg aria-hidden=\"true\" class=\"e-font-icon-svg e-fas-arrow-left\" viewbox=\"0 0 448 512\" xmlns=\"http:\/\/www.w3.org\/2000\/svg\"><path d=\"M257.5 445.1l-22.2 22.2c-9.4 9.4-24.6 9.4-33.9 0L7 273c-9.4-9.4-9.4-24.6 0-33.9L201.4 44.7c9.4-9.4 24.6-9.4 33.9 0l22.2 22.2c9.5 9.5 9.3 25-.4 34.3L136.6 216H424c13.3 0 24 10.7 24 24v32c0 13.3-10.7 24-24 24H136.6l120.5 114.8c9.8 9.3 10 24.8.4 34.3z\"><\/path><\/svg>\t\t\t<\/span>\n\t\t\t\t\t\t\t\t\t<span class=\"elementor-button-text\">shop<\/span>\n\t\t\t\t\t<\/span>\n\t\t\t\t\t<\/a>\n\t\t\t\t<\/div>\n\t\t\t\t\t\t\t\t<\/div>\n\t\t\t\t<\/div>\n\t\t\t\t\t<\/div>\n\t\t\t\t<\/div>\n\t\t\t\t<\/div>","protected":false},"excerpt":{"rendered":"<p>Zone correspondant au client \u00ab\u00a0France\u00a0\u00bb Supprimer l\u2019\u00e9l\u00e9ment Miniature Produit Prix Quantit\u00e9 Sous-total &times; NECK| Smoothing 79,95&nbsp;&euro; quantit\u00e9 de NECK| Smoothing 79,95&nbsp;&euro; Appliquer le code promo Totaux du panier Sous-total 79,95&nbsp;&euro; Exp\u00e9dition Forfait: 16,00&nbsp;&euro; Livraison \u00e0 10 avenue de saint M\u00e9dard, 33320 EYSINES. Total 95,95&nbsp;&euro; &mdash; OU &mdash; Passer \u00e0 la commande Vous pourriez aimer : [&hellip;]<\/p>\n","protected":false},"author":3,"featured_media":0,"parent":0,"menu_order":0,"comment_status":"closed","ping_status":"closed","template":"elementor_header_footer","meta":{"_acf_changed":false,"footnotes":""},"class_list":["post-67","page","type-page","status-publish","hentry"],"acf":[],"_links":{"self":[{"href":"https:\/\/renophase.fr\/en\/wp-json\/wp\/v2\/pages\/67","targetHints":{"allow":["GET"]}}],"collection":[{"href":"https:\/\/renophase.fr\/en\/wp-json\/wp\/v2\/pages"}],"about":[{"href":"https:\/\/renophase.fr\/en\/wp-json\/wp\/v2\/types\/page"}],"author":[{"embeddable":true,"href":"https:\/\/renophase.fr\/en\/wp-json\/wp\/v2\/users\/3"}],"replies":[{"embeddable":true,"href":"https:\/\/renophase.fr\/en\/wp-json\/wp\/v2\/comments?post=67"}],"version-history":[{"count":0,"href":"https:\/\/renophase.fr\/en\/wp-json\/wp\/v2\/pages\/67\/revisions"}],"wp:attachment":[{"href":"https:\/\/renophase.fr\/en\/wp-json\/wp\/v2\/media?parent=67"}],"curies":[{"name":"wp","href":"https:\/\/api.w.org\/{rel}","templated":true}]}}