{"id":13264,"date":"2024-11-05T09:58:37","date_gmt":"2024-11-05T08:58:37","guid":{"rendered":"https:\/\/renophase.fr\/?post_type=product&#038;p=13264"},"modified":"2026-01-14T11:34:33","modified_gmt":"2026-01-14T10:34:33","slug":"la-creme-fermete-integrale","status":"publish","type":"product","link":"https:\/\/renophase.fr\/en\/product\/la-creme-fermete-integrale\/","title":{"rendered":"<strong>La Cr\u00e8me<\/strong> Fermet\u00e9 Int\u00e9grale"},"content":{"rendered":"<div class=\"desc\">\n<div class=\"text_desc\">\n<h4 style=\"text-align: center;width: 500px\">Application method<\/h4>\n<p>It is recommended to apply the cream to the face in the morning or evening, and the eye contour in the morning. La Cr\u00e8me Fermet\u00e9 Int\u00e9grale helps the skin regain firmness, a denser texture, and more defined contours.<\/p>\n<\/div>\n<\/div>","protected":false},"excerpt":{"rendered":"<h4 class=\"separacio-producte\"><strong>THE CREAM FOR ENHANCED DENSITY AND FIRMING.\u00a0<\/strong><\/h4>\n<p>Over the years, the facial contour loses its definition. The main cause is collagen fiber degradation: the deep structure loses tension, features sag, and the skin becomes lax. To restore firmness, redefine contours, and redensify volume, we have developed a unique multi-restructuring formula. It is based on the science of skin longevity genes and structural protein boosters.<\/p>\n<h4 class=\"separacio-producte\">ACTIVE INGREDIENTS<\/h4>\n<p>&nbsp;<\/p>\n<p>TRIPEPTIDE-56: Peptide that stimulates cell regeneration and enhances skin firmness.<br \/>\nWILD YAM STEROID: Plant extract rich in phytoestrogens, supports skin elasticity and hydration.<br \/>\nHYALURONIC ACID COMPLEX: Powerful moisturizer that retains water for plump and smooth skin.<\/p>","protected":false},"featured_media":13269,"template":"","meta":{"_acf_changed":false},"product_brand":[],"product_cat":[72,71],"product_tag":[84,101,102,75],"class_list":{"0":"post-13264","1":"product","2":"type-product","3":"status-publish","4":"has-post-thumbnail","6":"product_cat-neck","7":"product_cat-retargeting","8":"product_tag-jour-nuit","9":"product_tag-peaux-normales","10":"product_tag-peaux-seches","11":"product_tag-un-relachement-cutane","13":"first","14":"instock","15":"taxable","16":"shipping-taxable","17":"purchasable","18":"product-type-simple"},"acf":[],"_links":{"self":[{"href":"https:\/\/renophase.fr\/en\/wp-json\/wp\/v2\/product\/13264","targetHints":{"allow":["GET"]}}],"collection":[{"href":"https:\/\/renophase.fr\/en\/wp-json\/wp\/v2\/product"}],"about":[{"href":"https:\/\/renophase.fr\/en\/wp-json\/wp\/v2\/types\/product"}],"version-history":[{"count":0,"href":"https:\/\/renophase.fr\/en\/wp-json\/wp\/v2\/product\/13264\/revisions"}],"wp:featuredmedia":[{"embeddable":true,"href":"https:\/\/renophase.fr\/en\/wp-json\/wp\/v2\/media\/13269"}],"wp:attachment":[{"href":"https:\/\/renophase.fr\/en\/wp-json\/wp\/v2\/media?parent=13264"}],"wp:term":[{"taxonomy":"product_brand","embeddable":true,"href":"https:\/\/renophase.fr\/en\/wp-json\/wp\/v2\/product_brand?post=13264"},{"taxonomy":"product_cat","embeddable":true,"href":"https:\/\/renophase.fr\/en\/wp-json\/wp\/v2\/product_cat?post=13264"},{"taxonomy":"product_tag","embeddable":true,"href":"https:\/\/renophase.fr\/en\/wp-json\/wp\/v2\/product_tag?post=13264"}],"curies":[{"name":"wp","href":"https:\/\/api.w.org\/{rel}","templated":true}]}}