{"id":7054,"date":"2023-04-10T11:00:37","date_gmt":"2023-04-10T09:00:37","guid":{"rendered":"https:\/\/cosmetique.renophase.fr\/?post_type=product&#038;p=7054"},"modified":"2026-01-14T11:33:33","modified_gmt":"2026-01-14T10:33:33","slug":"h-regenerant-serum","status":"publish","type":"product","link":"https:\/\/renophase.fr\/en\/product\/h-regenerant-serum\/","title":{"rendered":"<strong>H+ R\u00c9G\u00c9N\u00c9RANT<\/strong>| S\u00e9rum"},"content":{"rendered":"<div class=\"desc\">\n<div class=\"text_desc\">\n<h4 style=\"text-align: center;width: 500px\">Application method<\/h4>\n<p>CORRECTIVE SERUM. Fine, devitalised, stressed skin with imperfections. Preferably in the morning, apply H+ REGENERANT Serum to the face, neck and d\u00e9collet\u00e9. From the very first application, you'll be able to fight off fatigue and plump up your skin. Used daily, you'll regain volume, radiance and a beautiful skin texture.<\/p>\n<\/div>\n<\/div>\n<div><\/div>\n<div>\n<p>&nbsp;<\/p>\n<\/div>","protected":false},"excerpt":{"rendered":"<h4 class=\"separacio-producte\"><strong>A CORRECTING SERUM.<\/strong><\/h4>\n<div class=\"ecart\"><\/div>\n<p>The skin is a fragile ecosystem that must constantly adapt to changes in its external environment (free radicals) and internal environment (hormonal changes). To support this process, we have developed a powerful antioxidant serum. It gradually releases the energy essential for revitalising the skin, to rebuild volume, the secret of youthful skin.<\/p>\n<p>&nbsp;<\/p>\n<h4 class=\"separacio-producte\">ACTIVE INGREDIENTS<\/h4>\n<p>SOYA ISOFLAVONES: Boost cellular functions and normalise sebum secretion.<\/p>\n<p>MAGNESIUM ASCORBYL PHOSPHATE: Stable, bio-available form of a vitamin C precursor protects the skin from environmental stress.<\/p>","protected":false},"featured_media":13135,"template":"","meta":{"_acf_changed":false},"product_brand":[],"product_cat":[54,61],"product_tag":[68,84,100,101,108,110],"class_list":{"0":"post-7054","1":"product","2":"type-product","3":"status-publish","4":"has-post-thumbnail","6":"product_cat-04-reveal","7":"product_cat-hregenerant","8":"product_tag-de-lacne","9":"product_tag-jour-nuit","10":"product_tag-peaux-grasses","11":"product_tag-peaux-normales","12":"product_tag-une-peau-menopausee","13":"product_tag-une-peau-sensible","15":"first","16":"instock","17":"taxable","18":"shipping-taxable","19":"purchasable","20":"product-type-simple"},"acf":[],"_links":{"self":[{"href":"https:\/\/renophase.fr\/en\/wp-json\/wp\/v2\/product\/7054","targetHints":{"allow":["GET"]}}],"collection":[{"href":"https:\/\/renophase.fr\/en\/wp-json\/wp\/v2\/product"}],"about":[{"href":"https:\/\/renophase.fr\/en\/wp-json\/wp\/v2\/types\/product"}],"version-history":[{"count":0,"href":"https:\/\/renophase.fr\/en\/wp-json\/wp\/v2\/product\/7054\/revisions"}],"wp:featuredmedia":[{"embeddable":true,"href":"https:\/\/renophase.fr\/en\/wp-json\/wp\/v2\/media\/13135"}],"wp:attachment":[{"href":"https:\/\/renophase.fr\/en\/wp-json\/wp\/v2\/media?parent=7054"}],"wp:term":[{"taxonomy":"product_brand","embeddable":true,"href":"https:\/\/renophase.fr\/en\/wp-json\/wp\/v2\/product_brand?post=7054"},{"taxonomy":"product_cat","embeddable":true,"href":"https:\/\/renophase.fr\/en\/wp-json\/wp\/v2\/product_cat?post=7054"},{"taxonomy":"product_tag","embeddable":true,"href":"https:\/\/renophase.fr\/en\/wp-json\/wp\/v2\/product_tag?post=7054"}],"curies":[{"name":"wp","href":"https:\/\/api.w.org\/{rel}","templated":true}]}}