{"id":7431,"date":"2023-04-10T08:00:59","date_gmt":"2023-04-10T06:00:59","guid":{"rendered":"https:\/\/cosmetique.renophase.fr\/?post_type=product&#038;p=7431"},"modified":"2026-01-14T11:53:49","modified_gmt":"2026-01-14T10:53:49","slug":"renewlight-tr-serum","status":"publish","type":"product","link":"https:\/\/renophase.fr\/en\/product\/renewlight-tr-serum\/","title":{"rendered":"<strong>RENEWLIGHT<\/strong>| TRanexamique S\u00e9rum"},"content":{"rendered":"<div class=\"desc\">\n<div class=\"text_desc\">\n<h4 style=\"text-align: center;width: 500px\">Application method<\/h4>\n<p>COMPLEXION-EVENING, ANTI-SPOT CORRECTOR SERUM. Dull complexion, uneven pigmentation, brown spots. All skin types. Preferably in the evening, apply the serum to the face, neck and d\u00e9collet\u00e9 before any other product. During the day, apply REPAIR Cr\u00e8me L. Used daily, RENEWLIGHT TR Serum corrects dark spots and improves the evenness of the complexion.<\/p>\n<\/div>\n<\/div>\n<div><\/div>","protected":false},"excerpt":{"rendered":"<h4 class=\"separacio-producte\"><strong>A CORRECTIVE SERUM FOR DARK SPOTS.<\/strong><\/h4>\n<div class=\"ecart\"><\/div>\n<p>Pronounced and deep hyperpigmentation is not only the result of the damaging action of UV rays, but is also caused by hormones, hereditary factors, certain medications and inflammation. To solve this complex problem, we have developed a unique formulation to restore even pigmentation.<\/p>\n<p>&nbsp;<\/p>\n<h4 class=\"separacio-producte\">ACTIVE INGREDIENTS<\/h4>\n<p>&nbsp;<\/p>\n<p>TRANEXAMIC ACID 2 %: Several international studies have shown that this active ingredient reduces melanin production and the spread of pro-inflammatory elements responsible for hyperpigmentation.<\/p>\n<p>RETINOL: Speeds up skin renewal.<\/p>","protected":false},"featured_media":13242,"template":"","meta":{"_acf_changed":false},"product_brand":[],"product_cat":[54,120],"product_tag":[69,84,100,101,102],"class_list":{"0":"post-7431","1":"product","2":"type-product","3":"status-publish","4":"has-post-thumbnail","6":"product_cat-04-reveal","7":"product_cat-renewlight-04-reveal","8":"product_tag-des-taches-brunes","9":"product_tag-jour-nuit","10":"product_tag-peaux-grasses","11":"product_tag-peaux-normales","12":"product_tag-peaux-seches","14":"first","15":"instock","16":"taxable","17":"shipping-taxable","18":"purchasable","19":"product-type-simple"},"acf":[],"_links":{"self":[{"href":"https:\/\/renophase.fr\/en\/wp-json\/wp\/v2\/product\/7431","targetHints":{"allow":["GET"]}}],"collection":[{"href":"https:\/\/renophase.fr\/en\/wp-json\/wp\/v2\/product"}],"about":[{"href":"https:\/\/renophase.fr\/en\/wp-json\/wp\/v2\/types\/product"}],"version-history":[{"count":0,"href":"https:\/\/renophase.fr\/en\/wp-json\/wp\/v2\/product\/7431\/revisions"}],"wp:featuredmedia":[{"embeddable":true,"href":"https:\/\/renophase.fr\/en\/wp-json\/wp\/v2\/media\/13242"}],"wp:attachment":[{"href":"https:\/\/renophase.fr\/en\/wp-json\/wp\/v2\/media?parent=7431"}],"wp:term":[{"taxonomy":"product_brand","embeddable":true,"href":"https:\/\/renophase.fr\/en\/wp-json\/wp\/v2\/product_brand?post=7431"},{"taxonomy":"product_cat","embeddable":true,"href":"https:\/\/renophase.fr\/en\/wp-json\/wp\/v2\/product_cat?post=7431"},{"taxonomy":"product_tag","embeddable":true,"href":"https:\/\/renophase.fr\/en\/wp-json\/wp\/v2\/product_tag?post=7431"}],"curies":[{"name":"wp","href":"https:\/\/api.w.org\/{rel}","templated":true}]}}