{"id":67,"date":"2022-10-27T11:19:38","date_gmt":"2022-10-27T09:19:38","guid":{"rendered":"https:\/\/cosmetique.renophase.fr\/panier\/"},"modified":"2023-02-28T16:31:09","modified_gmt":"2023-02-28T15:31:09","slug":"panier","status":"publish","type":"page","link":"https:\/\/renophase.fr\/es\/panier\/","title":{"rendered":"Panier"},"content":{"rendered":"<div data-elementor-type=\"wp-page\" data-elementor-id=\"67\" class=\"elementor elementor-67\" data-elementor-post-type=\"page\">\n\t\t\t\t<div class=\"elementor-element elementor-element-518ffc2 e-flex e-con-boxed e-con e-parent\" data-id=\"518ffc2\" data-element_type=\"container\" data-e-type=\"container\">\n\t\t\t\t\t<div class=\"e-con-inner\">\n\t\t\t\t<div class=\"elementor-element elementor-element-e95f3a5 elementor-widget elementor-widget-text-editor\" data-id=\"e95f3a5\" data-element_type=\"widget\" data-e-type=\"widget\" data-widget_type=\"text-editor.default\">\n\t\t\t\t<div class=\"elementor-widget-container\">\n\t\t\t\t\t\t\t\t\t<p>TAMBI\u00c9N TE PODR\u00cdA INTERESAR :<\/p>\t\t\t\t\t\t\t\t<\/div>\n\t\t\t\t<\/div>\n\t\t\t\t<div class=\"elementor-element elementor-element-f82720c elementor-product-loop-item--align-left elementor-grid-laptop-3 elementor-grid-tablet-3 elementor-product-loop-item--align-left elementor-grid-mobile-1 elementor-grid-3 elementor-products-grid elementor-wc-products elementor-widget elementor-widget-woocommerce-products\" data-id=\"f82720c\" data-element_type=\"widget\" data-e-type=\"widget\" data-widget_type=\"woocommerce-products.default\">\n\t\t\t\t<div class=\"elementor-widget-container\">\n\t\t\t\t\t<div class=\"woocommerce columns-3\"><span class=\"wpfHidden\" data-shortcode-attribute=\"{&quot;limit&quot;:&quot;-1&quot;,&quot;columns&quot;:3,&quot;rows&quot;:1,&quot;orderby&quot;:&quot;&quot;,&quot;order&quot;:&quot;&quot;,&quot;ids&quot;:&quot;&quot;,&quot;skus&quot;:&quot;&quot;,&quot;category&quot;:&quot;&quot;,&quot;cat_operator&quot;:&quot;IN&quot;,&quot;attribute&quot;:&quot;&quot;,&quot;terms&quot;:&quot;&quot;,&quot;terms_operator&quot;:&quot;IN&quot;,&quot;tag&quot;:&quot;&quot;,&quot;tag_operator&quot;:&quot;IN&quot;,&quot;visibility&quot;:&quot;visible&quot;,&quot;class&quot;:&quot;&quot;,&quot;page&quot;:1,&quot;paginate&quot;:&quot;&quot;,&quot;cache&quot;:false}\"><\/span><ul class=\"products elementor-grid columns-3\">\n<li class=\"product type-product post-7034 status-publish first instock product_cat-04-reveal product_cat-revitalisation product_tag-des-premieres-rides product_tag-jour-nuit product_tag-peaux-normales product_tag-peaux-seches product_tag-une-peau-menopausee product_tag-une-peau-sans-eclat product_tag-la-peau-terne has-post-thumbnail taxable shipping-taxable purchasable product-type-simple\">\n\t<div class=\"tinv-wraper woocommerce tinv-wishlist tinvwl-above_thumb-add-to-cart tinvwl-loop-button-wrapper tinvwl-woocommerce_before_shop_loop_item\"\r\n\t data-tinvwl_product_id=\"7034\">\r\n\t<div class=\"tinv-wishlist-clear\"><\/div><a role=\"button\" tabindex=\"0\" name=\"ajouter-aux-favoris\" aria-label=\"Agregar a los favoritos\" class=\"tinvwl_add_to_wishlist_button tinvwl-icon-heart icon-black  tinvwl-position-above_thumb tinvwl-loop\" data-tinv-wl-list=\"[]\" data-tinv-wl-product=\"7034\" data-tinv-wl-productvariation=\"0\" data-tinv-wl-productvariations=\"[]\" data-tinv-wl-producttype=\"simple\" data-tinv-wl-action=\"add\"><span class=\"tinvwl_add_to_wishlist-text\">Agregar a los favoritos<\/span><span class=\"tinvwl_remove_from_wishlist-text\">Borrar favoritos<\/span><\/a><div class=\"tinv-wishlist-clear\"><\/div>\t\t<div\r\n\t\tclass=\"tinvwl-tooltip\">Agregar a los favoritos<\/div>\r\n<\/div>\r\n<a href=\"https:\/\/renophase.fr\/es\/producto\/revitalisation-hyal-creme\/\" class=\"woocommerce-LoopProduct-link woocommerce-loop-product__link\"><div class=\"wpcbm-wrapper wpcbm-wrapper-archive-image\"><div class=\"wpcbm-badges wpcbm-badges-top-right wpcbm-badges-archive_image\"><div class=\"wpcbm-badge wpcbm-badge-7928 wpcbm-pid-7034 wpcbm-badge-style-23 wpcbm-badge-group-0 hint--top\" aria-label=\"\"><div class=\"wpcbm-badge-inner\">\u263e \u263c<\/div><\/div><\/div><img fetchpriority=\"high\" decoding=\"async\" width=\"1000\" height=\"1000\" src=\"https:\/\/renophase.fr\/wp-content\/uploads\/2023\/04\/revitalisation-hyal-creme-photo-couverture.png\" class=\"attachment-woocommerce_thumbnail size-woocommerce_thumbnail\" alt=\"&lt;strong&gt;REVITALISATION&lt;\/strong&gt;| Hyal Cr\u00e8me\" srcset=\"https:\/\/renophase.fr\/wp-content\/uploads\/2023\/04\/revitalisation-hyal-creme-photo-couverture.png 1000w, https:\/\/renophase.fr\/wp-content\/uploads\/2023\/04\/revitalisation-hyal-creme-photo-couverture-750x750.png 750w, https:\/\/renophase.fr\/wp-content\/uploads\/2023\/04\/revitalisation-hyal-creme-photo-couverture-150x150.png 150w, https:\/\/renophase.fr\/wp-content\/uploads\/2023\/04\/revitalisation-hyal-creme-photo-couverture-768x768.png 768w, https:\/\/renophase.fr\/wp-content\/uploads\/2023\/04\/revitalisation-hyal-creme-photo-couverture-12x12.png 12w, https:\/\/renophase.fr\/wp-content\/uploads\/2023\/04\/revitalisation-hyal-creme-photo-couverture-100x100.png 100w\" sizes=\"(max-width: 1000px) 100vw, 1000px\" \/><\/div><h2 class=\"woocommerce-loop-product__title\"><strong>REVITALISATION<\/strong>| Hyal Cr\u00e8me<\/h2><div class=\"woocommerce-product-details__short-description\">\n\t<h4 class=\"separacio-producte\"><strong>UNA CREMA ILUMINADORA HIDRATANTE REPULPANTE.<\/strong><\/h4>\n<div class=\"ecart\"><\/div>\n<p>A partir de los 30 a\u00f1os, se comienzan a ver las primeras arrugas, el rostro se marca un poco m\u00e1s despu\u00e9s de una noche corta... \u00a1Es hora de proteger las c\u00e9lulas! Para preservar la juventud de tu piel, hemos desarrollado este tratamiento hidratante, repulpante y antioxidante, muy concentrado en \u00e1cido hialur\u00f3nico fragmentado.<\/p>\n<p>&nbsp;<\/p>\n<h4 class=\"separacio-producte\">PRINCIPALES ACTIVOS<\/h4>\n<p>&nbsp;<\/p>\n<p>COMPLEJO DE \u00c1CIDOS HIALUR\u00d3NICOS: Combinaci\u00f3n sin\u00e9rgica de varios \u00e1cidos hialur\u00f3nicos para restaurar la hidrataci\u00f3n activa, aumentar el volumen, reducir la profundidad de las arrugas y restaurar una piel flexible, luminosa y visiblemente rellena.<\/p>\n<p>CER\u00c1MIDAS: Refuerzan la barrera cut\u00e1nea aumentando la cohesi\u00f3n celular y regulando la p\u00e9rdida de agua.<\/p>\n<\/div>\n\n\t<span class=\"price\"><span class=\"woocommerce-Price-amount amount\"><bdi>85,70&nbsp;<span class=\"woocommerce-Price-currencySymbol\">\u20ac<\/span><\/bdi><\/span><\/span>\n<\/a><div class=\"woocommerce-loop-product__buttons\"><a href=\"\/es\/wp-json\/wp\/v2\/pages\/67?add-to-cart=7034\" aria-describedby=\"woocommerce_loop_add_to_cart_link_describedby_7034\" data-quantity=\"1\" class=\"button product_type_simple add_to_cart_button ajax_add_to_cart\" data-product_id=\"7034\" data-product_sku=\"RE.CRH\" aria-label=\"A\u00f1adir a la cesta: &quot;REVITALISATION| Hyal Cr\u00e8me&quot;\" rel=\"nofollow\" data-success_message=\"&quot;&lt;strong&gt;REVITALISATION&lt;\/strong&gt;| Hyal Cr\u00e8me&quot; se ha a\u00f1adido a tu carrito\" role=\"button\" data-no-translation=\"\" data-trp-gettext=\"\" data-no-translation-aria-label=\"\" data-no-translation-data-success_message=\"\">A\u00f1adir a la cesta<\/a><\/div>\t<span id=\"woocommerce_loop_add_to_cart_link_describedby_7034\" class=\"screen-reader-text\">\n\t\t\t<\/span>\n<\/li>\n<li class=\"product type-product post-7015 status-publish instock product_cat-04-reveal product_cat-r-elastine product_tag-des-rides product_tag-jour-nuit product_tag-peaux-normales product_tag-peaux-seches product_tag-une-perte-delasticite-cutanee has-post-thumbnail taxable shipping-taxable purchasable product-type-simple\">\n\t<div class=\"tinv-wraper woocommerce tinv-wishlist tinvwl-above_thumb-add-to-cart tinvwl-loop-button-wrapper tinvwl-woocommerce_before_shop_loop_item\"\r\n\t data-tinvwl_product_id=\"7015\">\r\n\t<div class=\"tinv-wishlist-clear\"><\/div><a role=\"button\" tabindex=\"0\" name=\"ajouter-aux-favoris\" aria-label=\"Agregar a los favoritos\" class=\"tinvwl_add_to_wishlist_button tinvwl-icon-heart icon-black  tinvwl-position-above_thumb tinvwl-loop\" data-tinv-wl-list=\"[]\" data-tinv-wl-product=\"7015\" data-tinv-wl-productvariation=\"0\" data-tinv-wl-productvariations=\"[]\" data-tinv-wl-producttype=\"simple\" data-tinv-wl-action=\"add\"><span class=\"tinvwl_add_to_wishlist-text\">Agregar a los favoritos<\/span><span class=\"tinvwl_remove_from_wishlist-text\">Borrar favoritos<\/span><\/a><div class=\"tinv-wishlist-clear\"><\/div>\t\t<div\r\n\t\tclass=\"tinvwl-tooltip\">Agregar a los favoritos<\/div>\r\n<\/div>\r\n<a href=\"https:\/\/renophase.fr\/es\/producto\/r-elastine-creme\/\" class=\"woocommerce-LoopProduct-link woocommerce-loop-product__link\"><div class=\"wpcbm-wrapper wpcbm-wrapper-archive-image\"><div class=\"wpcbm-badges wpcbm-badges-top-right wpcbm-badges-archive_image\"><div class=\"wpcbm-badge wpcbm-badge-7928 wpcbm-pid-7015 wpcbm-badge-style-23 wpcbm-badge-group-0 hint--top\" aria-label=\"\"><div class=\"wpcbm-badge-inner\">\u263e \u263c<\/div><\/div><\/div><img decoding=\"async\" width=\"1000\" height=\"1000\" src=\"https:\/\/renophase.fr\/wp-content\/uploads\/2023\/04\/R-elastine-photo-couverture.png\" class=\"attachment-woocommerce_thumbnail size-woocommerce_thumbnail\" alt=\"&lt;strong&gt;R-\u00c9LASTINE&lt;\/strong&gt;| Cr\u00e8me\" srcset=\"https:\/\/renophase.fr\/wp-content\/uploads\/2023\/04\/R-elastine-photo-couverture.png 1000w, https:\/\/renophase.fr\/wp-content\/uploads\/2023\/04\/R-elastine-photo-couverture-750x750.png 750w, https:\/\/renophase.fr\/wp-content\/uploads\/2023\/04\/R-elastine-photo-couverture-150x150.png 150w, https:\/\/renophase.fr\/wp-content\/uploads\/2023\/04\/R-elastine-photo-couverture-768x768.png 768w, https:\/\/renophase.fr\/wp-content\/uploads\/2023\/04\/R-elastine-photo-couverture-12x12.png 12w, https:\/\/renophase.fr\/wp-content\/uploads\/2023\/04\/R-elastine-photo-couverture-100x100.png 100w\" sizes=\"(max-width: 1000px) 100vw, 1000px\" \/><\/div><h2 class=\"woocommerce-loop-product__title\"><strong>R-\u00c9LASTINE<\/strong>| Cr\u00e8me<\/h2><div class=\"woocommerce-product-details__short-description\">\n\t<h4 class=\"separacio-producte\"><strong>UN CUIDADO ANTI-EDAD GLOBAL: DENSIDAD, TENSI\u00d3N DIN\u00c1MICA.<\/strong><\/h4>\n<div class=\"ecart\"><\/div>\n<p>A partir de los 45 a\u00f1os, la piel pierde gradualmente sus redes de fibras el\u00e1sticas, su materia disminuye y las arrugas se vuelven m\u00e1s visibles. Para responder a las necesidades de las pieles maduras o prematuramente envejecidas por exceso de sol, hemos formulado R-ELASTINA regenerativa, cuya acci\u00f3n \u00fanica amplifica la tasa de elastina que controla la flexibilidad, la din\u00e1mica y la solidez de la piel.<\/p>\n<p>&nbsp;<\/p>\n<h4 class=\"separacio-producte\">PRINCIPALES ACTIVOS<\/h4>\n<p>&nbsp;<\/p>\n<p>PENTAPEPTIDE 3: Reactiva la densificaci\u00f3n de las fibras de elastina y mejora significativamente la elasticidad de la piel.<\/p>\n<p>HEXAP\u00c9PTIDO 8: Act\u00faa sobre las microcontracciones del rostro. Minimiza la aparici\u00f3n de l\u00edneas de expresi\u00f3n y ayuda a restaurar la piel relajada.<\/p>\n<\/div>\n\n\t<span class=\"price\"><span class=\"woocommerce-Price-amount amount\"><bdi>123,00&nbsp;<span class=\"woocommerce-Price-currencySymbol\">\u20ac<\/span><\/bdi><\/span><\/span>\n<\/a><div class=\"woocommerce-loop-product__buttons\"><a href=\"\/es\/wp-json\/wp\/v2\/pages\/67?add-to-cart=7015\" aria-describedby=\"woocommerce_loop_add_to_cart_link_describedby_7015\" data-quantity=\"1\" class=\"button product_type_simple add_to_cart_button ajax_add_to_cart\" data-product_id=\"7015\" data-product_sku=\"RE.CEF\" aria-label=\"A\u00f1adir a la cesta: &quot;R-\u00c9LASTINE| Cr\u00e8me&quot;\" rel=\"nofollow\" data-success_message=\"&quot;&lt;strong&gt;R-\u00c9LASTINE&lt;\/strong&gt;| Cr\u00e8me&quot; se ha a\u00f1adido a tu carrito\" role=\"button\" data-no-translation=\"\" data-trp-gettext=\"\" data-no-translation-aria-label=\"\" data-no-translation-data-success_message=\"\">A\u00f1adir a la cesta<\/a><\/div>\t<span id=\"woocommerce_loop_add_to_cart_link_describedby_7015\" class=\"screen-reader-text\">\n\t\t\t<\/span>\n<\/li>\n<li class=\"product type-product post-11264 status-publish last instock product_cat-creme product_cat-rbio product_tag-besoin-de-detoxifier-ma-peau product_tag-jour-nuit product_tag-peaux-seches product_tag-sensible has-post-thumbnail taxable shipping-taxable purchasable product-type-simple\">\n\t<div class=\"tinv-wraper woocommerce tinv-wishlist tinvwl-above_thumb-add-to-cart tinvwl-loop-button-wrapper tinvwl-woocommerce_before_shop_loop_item\"\r\n\t data-tinvwl_product_id=\"11264\">\r\n\t<div class=\"tinv-wishlist-clear\"><\/div><a role=\"button\" tabindex=\"0\" name=\"ajouter-aux-favoris\" aria-label=\"Agregar a los favoritos\" class=\"tinvwl_add_to_wishlist_button tinvwl-icon-heart icon-black  tinvwl-position-above_thumb tinvwl-loop\" data-tinv-wl-list=\"[]\" data-tinv-wl-product=\"11264\" data-tinv-wl-productvariation=\"0\" data-tinv-wl-productvariations=\"[]\" data-tinv-wl-producttype=\"simple\" data-tinv-wl-action=\"add\"><span class=\"tinvwl_add_to_wishlist-text\">Agregar a los favoritos<\/span><span class=\"tinvwl_remove_from_wishlist-text\">Borrar favoritos<\/span><\/a><div class=\"tinv-wishlist-clear\"><\/div>\t\t<div\r\n\t\tclass=\"tinvwl-tooltip\">Agregar a los favoritos<\/div>\r\n<\/div>\r\n<a href=\"https:\/\/renophase.fr\/es\/producto\/rbio-creme-glow\/\" class=\"woocommerce-LoopProduct-link woocommerce-loop-product__link\"><div class=\"wpcbm-wrapper wpcbm-wrapper-archive-image\"><div class=\"wpcbm-badges wpcbm-badges-top-right wpcbm-badges-archive_image\"><div class=\"wpcbm-badge wpcbm-badge-7928 wpcbm-pid-11264 wpcbm-badge-style-23 wpcbm-badge-group-0 hint--top\" aria-label=\"\"><div class=\"wpcbm-badge-inner\">\u263e \u263c<\/div><\/div><\/div><img decoding=\"async\" width=\"1000\" height=\"1000\" src=\"https:\/\/renophase.fr\/wp-content\/uploads\/2024\/02\/MOCKUP-RBIO-CREME-glow-e1730715541628.png\" class=\"attachment-woocommerce_thumbnail size-woocommerce_thumbnail\" alt=\"&lt;strong&gt;Cr\u00e8me&lt;\/strong&gt; Glow\" srcset=\"https:\/\/renophase.fr\/wp-content\/uploads\/2024\/02\/MOCKUP-RBIO-CREME-glow-e1730715541628.png 1000w, https:\/\/renophase.fr\/wp-content\/uploads\/2024\/02\/MOCKUP-RBIO-CREME-glow-e1730715541628-750x750.png 750w, https:\/\/renophase.fr\/wp-content\/uploads\/2024\/02\/MOCKUP-RBIO-CREME-glow-e1730715541628-150x150.png 150w, https:\/\/renophase.fr\/wp-content\/uploads\/2024\/02\/MOCKUP-RBIO-CREME-glow-e1730715541628-768x768.png 768w, https:\/\/renophase.fr\/wp-content\/uploads\/2024\/02\/MOCKUP-RBIO-CREME-glow-e1730715541628-12x12.png 12w, https:\/\/renophase.fr\/wp-content\/uploads\/2024\/02\/MOCKUP-RBIO-CREME-glow-e1730715541628-100x100.png 100w\" sizes=\"(max-width: 1000px) 100vw, 1000px\" \/><\/div><h2 class=\"woocommerce-loop-product__title translation-block\"><strong>Cr\u00e8me<\/strong> Glow<\/h2><div class=\"woocommerce-product-details__short-description\">\n\t<h4 class=\"separacio-producte\"><strong>Una crema regeneradora e hidratante certificada ECOCERT COSMOS BIO-ORGANIC.<\/strong><\/h4>\n<div class=\"ecart\"><\/div>\n<p>CREME GLOW retexturiza, revitaliza la piel y aporta un tono radiante.<\/p>\n<h4 class=\"separacio-producte\">PRINCIPALES ACTIVOS<\/h4>\n<p>COMPLEJO BIOACTIVO \u00c1CIDO HIALUR\u00d3NICO: Hidrata, regenera y densifica la piel.<br \/>\nAGUA DE ROSA Y EXTRACTO DE AR\u00c1NDANO: Aportan mol\u00e9culas antioxidantes y calmantes.<\/p>\n<h4 class=\"separacio-producte\"><\/h4>\n<\/div>\n\n\t<span class=\"price\"><span class=\"woocommerce-Price-amount amount\"><bdi>67,00&nbsp;<span class=\"woocommerce-Price-currencySymbol\">\u20ac<\/span><\/bdi><\/span><\/span>\n<\/a><div class=\"woocommerce-loop-product__buttons\"><a href=\"\/es\/wp-json\/wp\/v2\/pages\/67?add-to-cart=11264\" aria-describedby=\"woocommerce_loop_add_to_cart_link_describedby_11264\" data-quantity=\"1\" class=\"button product_type_simple add_to_cart_button ajax_add_to_cart\" data-product_id=\"11264\" data-product_sku=\"RE.BCGPN\" aria-label=\"A\u00f1adir a la cesta: &quot;Cr\u00e8me Glow&quot;\" rel=\"nofollow\" data-success_message=\"&quot;&lt;strong&gt;Cr\u00e8me&lt;\/strong&gt; Glow&quot; se ha a\u00f1adido a tu carrito\" role=\"button\" data-no-translation=\"\" data-trp-gettext=\"\" data-no-translation-aria-label=\"\" data-no-translation-data-success_message=\"\">A\u00f1adir a la cesta<\/a><\/div>\t<span id=\"woocommerce_loop_add_to_cart_link_describedby_11264\" class=\"screen-reader-text\">\n\t\t\t<\/span>\n<\/li>\n<\/ul>\n<\/div>\t\t\t\t<\/div>\n\t\t\t\t<\/div>\n\t\t\t\t<div class=\"elementor-element elementor-element-02ff721 elementor-widget elementor-widget-button\" data-id=\"02ff721\" data-element_type=\"widget\" data-e-type=\"widget\" data-widget_type=\"button.default\">\n\t\t\t\t<div class=\"elementor-widget-container\">\n\t\t\t\t\t\t\t\t\t<div class=\"elementor-button-wrapper\">\n\t\t\t\t\t<a class=\"elementor-button elementor-button-link elementor-size-sm\" href=\"\/es\/e-boutique\/\">\n\t\t\t\t\t\t<span class=\"elementor-button-content-wrapper\">\n\t\t\t\t\t\t<span class=\"elementor-button-icon\">\n\t\t\t\t<svg aria-hidden=\"true\" class=\"e-font-icon-svg e-fas-arrow-left\" viewbox=\"0 0 448 512\" xmlns=\"http:\/\/www.w3.org\/2000\/svg\"><path d=\"M257.5 445.1l-22.2 22.2c-9.4 9.4-24.6 9.4-33.9 0L7 273c-9.4-9.4-9.4-24.6 0-33.9L201.4 44.7c9.4-9.4 24.6-9.4 33.9 0l22.2 22.2c9.5 9.5 9.3 25-.4 34.3L136.6 216H424c13.3 0 24 10.7 24 24v32c0 13.3-10.7 24-24 24H136.6l120.5 114.8c9.8 9.3 10 24.8.4 34.3z\"><\/path><\/svg>\t\t\t<\/span>\n\t\t\t\t\t\t\t\t\t<span class=\"elementor-button-text\">tienda<\/span>\n\t\t\t\t\t<\/span>\n\t\t\t\t\t<\/a>\n\t\t\t\t<\/div>\n\t\t\t\t\t\t\t\t<\/div>\n\t\t\t\t<\/div>\n\t\t\t\t\t<\/div>\n\t\t\t\t<\/div>\n\t\t\t\t<\/div>","protected":false},"excerpt":{"rendered":"<p>Zone correspondant au client \u00ab\u00a0France\u00a0\u00bb Supprimer l\u2019\u00e9l\u00e9ment Miniature Produit Prix Quantit\u00e9 Sous-total &times; NECK| Smoothing 79,95&nbsp;&euro; quantit\u00e9 de NECK| Smoothing 79,95&nbsp;&euro; Appliquer le code promo Totaux du panier Sous-total 79,95&nbsp;&euro; Exp\u00e9dition Forfait: 16,00&nbsp;&euro; Livraison \u00e0 10 avenue de saint M\u00e9dard, 33320 EYSINES. Total 95,95&nbsp;&euro; &mdash; OU &mdash; Passer \u00e0 la commande Vous pourriez aimer : [&hellip;]<\/p>\n","protected":false},"author":3,"featured_media":0,"parent":0,"menu_order":0,"comment_status":"closed","ping_status":"closed","template":"elementor_header_footer","meta":{"_acf_changed":false,"footnotes":""},"class_list":["post-67","page","type-page","status-publish","hentry"],"acf":[],"_links":{"self":[{"href":"https:\/\/renophase.fr\/es\/wp-json\/wp\/v2\/pages\/67","targetHints":{"allow":["GET"]}}],"collection":[{"href":"https:\/\/renophase.fr\/es\/wp-json\/wp\/v2\/pages"}],"about":[{"href":"https:\/\/renophase.fr\/es\/wp-json\/wp\/v2\/types\/page"}],"author":[{"embeddable":true,"href":"https:\/\/renophase.fr\/es\/wp-json\/wp\/v2\/users\/3"}],"replies":[{"embeddable":true,"href":"https:\/\/renophase.fr\/es\/wp-json\/wp\/v2\/comments?post=67"}],"version-history":[{"count":0,"href":"https:\/\/renophase.fr\/es\/wp-json\/wp\/v2\/pages\/67\/revisions"}],"wp:attachment":[{"href":"https:\/\/renophase.fr\/es\/wp-json\/wp\/v2\/media?parent=67"}],"curies":[{"name":"wp","href":"https:\/\/api.w.org\/{rel}","templated":true}]}}