{"id":11971,"date":"2024-02-22T11:00:51","date_gmt":"2024-02-22T10:00:51","guid":{"rendered":"http:\/\/localhost\/cosmetique\/wordpress\/?post_type=product&#038;p=11971"},"modified":"2026-01-14T12:06:52","modified_gmt":"2026-01-14T11:06:52","slug":"serum-booster-eclat","status":"publish","type":"product","link":"https:\/\/renophase.fr\/es\/producto\/serum-booster-eclat\/","title":{"rendered":"<strong>S\u00e9rum<\/strong> Booster \u00c9clat"},"content":{"rendered":"<div class=\"desc\">\n<div class=\"text_desc\">\n<h4 style=\"text-align: center;width: 500px\">M\u00e9todo de aplicaci\u00f3n<\/h4>\n<h4 style=\"text-align: center;width: 500px\"><\/h4>\n<p>S\u00e9rum reestructurante, potenciador de col\u00e1geno para una piel hermosa. Aplicar por la ma\u00f1ana y\/o por la noche. Extender el producto sobre la piel y hacer que penetre con suaves presiones de los dedos<\/p>\n<\/div>\n<div class=\"img_desc\"><\/div>\n<\/div>","protected":false},"excerpt":{"rendered":"<h4 class=\"separacio-producte\"><strong>S\u00e9rum certificado ECOCERT COSMOS BIO-ORGANIC con \u00e1cido hialur\u00f3nico, potenciador de col\u00e1geno, reestructurante y amplificador de luminosidad.<\/strong><\/h4>\n<div class=\"ecart\"><\/div>\n<p>S\u00c9RUM BOOSTER ECLAT,  devuelve una piel densificada y visiblemente m\u00e1s hermosa.<\/p>\n<h4 class=\"separacio-producte\">PRINCIPALES ACTIVOS<\/h4>\n<p>COMPLEJO BIOACTIVO \u00c1CIDO HIALUR\u00d3NICO: Hidrata, regenera y densifica la piel.<br \/>\nAGUA DE ROSA Y EXTRACTO DE AR\u00c1NDANO: Aportan mol\u00e9culas antioxidantes y calmantes.<\/p>\n<h4 class=\"separacio-producte\"><\/h4>","protected":false},"featured_media":13127,"template":"","meta":{"_acf_changed":false},"product_brand":[],"product_cat":[115,118],"product_tag":[77,114,74,84,101,102,108,76],"class_list":{"0":"post-11971","1":"product","2":"type-product","3":"status-publish","4":"has-post-thumbnail","6":"product_cat-rbio","7":"product_cat-serum-rbio","8":"product_tag-besoin-de-detoxifier-ma-peau","9":"product_tag-des-premieres-rides","10":"product_tag-des-rides","11":"product_tag-jour-nuit","12":"product_tag-peaux-normales","13":"product_tag-peaux-seches","14":"product_tag-une-peau-menopausee","15":"product_tag-la-peau-terne","17":"first","18":"instock","19":"taxable","20":"shipping-taxable","21":"purchasable","22":"product-type-simple"},"acf":[],"_links":{"self":[{"href":"https:\/\/renophase.fr\/es\/wp-json\/wp\/v2\/product\/11971","targetHints":{"allow":["GET"]}}],"collection":[{"href":"https:\/\/renophase.fr\/es\/wp-json\/wp\/v2\/product"}],"about":[{"href":"https:\/\/renophase.fr\/es\/wp-json\/wp\/v2\/types\/product"}],"version-history":[{"count":0,"href":"https:\/\/renophase.fr\/es\/wp-json\/wp\/v2\/product\/11971\/revisions"}],"wp:featuredmedia":[{"embeddable":true,"href":"https:\/\/renophase.fr\/es\/wp-json\/wp\/v2\/media\/13127"}],"wp:attachment":[{"href":"https:\/\/renophase.fr\/es\/wp-json\/wp\/v2\/media?parent=11971"}],"wp:term":[{"taxonomy":"product_brand","embeddable":true,"href":"https:\/\/renophase.fr\/es\/wp-json\/wp\/v2\/product_brand?post=11971"},{"taxonomy":"product_cat","embeddable":true,"href":"https:\/\/renophase.fr\/es\/wp-json\/wp\/v2\/product_cat?post=11971"},{"taxonomy":"product_tag","embeddable":true,"href":"https:\/\/renophase.fr\/es\/wp-json\/wp\/v2\/product_tag?post=11971"}],"curies":[{"name":"wp","href":"https:\/\/api.w.org\/{rel}","templated":true}]}}