{"id":13264,"date":"2024-11-05T09:58:37","date_gmt":"2024-11-05T08:58:37","guid":{"rendered":"https:\/\/renophase.fr\/?post_type=product&#038;p=13264"},"modified":"2026-01-14T11:34:33","modified_gmt":"2026-01-14T10:34:33","slug":"la-creme-fermete-integrale","status":"publish","type":"product","link":"https:\/\/renophase.fr\/es\/producto\/la-creme-fermete-integrale\/","title":{"rendered":"<strong>La Cr\u00e8me<\/strong> Fermet\u00e9 Int\u00e9grale"},"content":{"rendered":"<div class=\"desc\">\n<div class=\"text_desc\">\n<h4 style=\"text-align: center;width: 500px\">M\u00e9todo de aplicaci\u00f3n<\/h4>\n<p>Se recomienda aplicar la crema por la ma\u00f1ana o por la noche sobre el rostro y por la ma\u00f1ana sobre el contorno de los ojos. La cr\u00e8me fermet\u00e9 int\u00e9grale permite que la piel recupere su firmeza, una textura m\u00e1s densa y contornos m\u00e1s uniformes.<\/p>\n<\/div>\n<\/div>","protected":false},"excerpt":{"rendered":"<h4 class=\"separacio-producte\"><strong>CREMA PARA EL REFORZAMIENTO DE LA DENSIFICACI\u00d3N Y TENSI\u00d3N\u00a0<\/strong><\/h4>\n<p>Con los a\u00f1os, el \u00f3valo del rostro pierde definici\u00f3n. La causa principal es la degradaci\u00f3n de las fibras de col\u00e1geno: la estructura profunda est\u00e1 menos tensada, los rasgos se caen y la piel se relaja. Para reactivar su tensi\u00f3n, redefinir los contornos y redensificar su volumen, hemos desarrollado una f\u00f3rmula \u00fanica y multi-reestructurante. Se basa en la ciencia de los genes de longevidad cut\u00e1nea y los potenciadores de prote\u00ednas estructurales de la piel.<\/p>\n<h4 class=\"separacio-producte\">PRINCIPALES ACTIVOS<\/h4>\n<p>&nbsp;<\/p>\n<p>TRIPEPTIDE-56: P\u00e9ptido que estimula la regeneraci\u00f3n celular y mejora la firmeza de la piel.<br \/>\nWILD YAM STEROID: Extracto vegetal rico en fitoestr\u00f3genos, favorece la elasticidad y la hidrataci\u00f3n de la piel.<br \/>\nCOMPLEJO \u00c1CIDO HIALUR\u00d3NICO: Un potente hidratante que retiene el agua para una piel tersa y tersa.<\/p>","protected":false},"featured_media":13269,"template":"","meta":{"_acf_changed":false},"product_brand":[],"product_cat":[72,71],"product_tag":[84,101,102,75],"class_list":{"0":"post-13264","1":"product","2":"type-product","3":"status-publish","4":"has-post-thumbnail","6":"product_cat-neck","7":"product_cat-retargeting","8":"product_tag-jour-nuit","9":"product_tag-peaux-normales","10":"product_tag-peaux-seches","11":"product_tag-un-relachement-cutane","13":"first","14":"instock","15":"taxable","16":"shipping-taxable","17":"purchasable","18":"product-type-simple"},"acf":[],"_links":{"self":[{"href":"https:\/\/renophase.fr\/es\/wp-json\/wp\/v2\/product\/13264","targetHints":{"allow":["GET"]}}],"collection":[{"href":"https:\/\/renophase.fr\/es\/wp-json\/wp\/v2\/product"}],"about":[{"href":"https:\/\/renophase.fr\/es\/wp-json\/wp\/v2\/types\/product"}],"version-history":[{"count":0,"href":"https:\/\/renophase.fr\/es\/wp-json\/wp\/v2\/product\/13264\/revisions"}],"wp:featuredmedia":[{"embeddable":true,"href":"https:\/\/renophase.fr\/es\/wp-json\/wp\/v2\/media\/13269"}],"wp:attachment":[{"href":"https:\/\/renophase.fr\/es\/wp-json\/wp\/v2\/media?parent=13264"}],"wp:term":[{"taxonomy":"product_brand","embeddable":true,"href":"https:\/\/renophase.fr\/es\/wp-json\/wp\/v2\/product_brand?post=13264"},{"taxonomy":"product_cat","embeddable":true,"href":"https:\/\/renophase.fr\/es\/wp-json\/wp\/v2\/product_cat?post=13264"},{"taxonomy":"product_tag","embeddable":true,"href":"https:\/\/renophase.fr\/es\/wp-json\/wp\/v2\/product_tag?post=13264"}],"curies":[{"name":"wp","href":"https:\/\/api.w.org\/{rel}","templated":true}]}}