{"id":13290,"date":"2024-11-05T12:10:01","date_gmt":"2024-11-05T11:10:01","guid":{"rendered":"https:\/\/renophase.fr\/?post_type=product&#038;p=13290"},"modified":"2026-01-14T11:36:09","modified_gmt":"2026-01-14T10:36:09","slug":"le-serumliftant","status":"publish","type":"product","link":"https:\/\/renophase.fr\/es\/producto\/le-serumliftant\/","title":{"rendered":"<strong>Le S\u00e9rum<\/strong> Liftant"},"content":{"rendered":"<div class=\"desc\">\n<div class=\"text_desc\">\n<h4 style=\"text-align: center;width: 500px\">M\u00e9todo de aplicaci\u00f3n<\/h4>\n<p>Por la ma\u00f1ana, aplicar el s\u00e9rum sobre el rostro y el contorno de los ojos. Usado diariamente, el S\u00e9rum Liftant reafirma los rasgos, alisa las arrugas de expresi\u00f3n y disminuye la apariencia de las arrugas. Prolonga los efectos de relleno sobre las arrugas.<\/p>\n<\/div>\n<\/div>\n<div><\/div>","protected":false},"excerpt":{"rendered":"<h4 class=\"separacio-producte\"><strong>El s\u00e9rum anti-flacidez <\/strong><\/h4>\n<div class=\"ecart\"><\/div>\n<p>Las microcontracciones repetidas del rostro crean las arrugas de expresi\u00f3n que se instalan e intensifican con el tiempo. Para relajar las tensiones de la piel, reafirmar los rasgos y realzar el aspecto del contorno de los ojos, hemos desarrollado una f\u00f3rmula de acci\u00f3n r\u00e1pida, basada en la ciencia de los potenciadores de longevidad cut\u00e1nea. Prolonga idealmente los efectos de las inyecciones sobre las arrugas.<\/p>\n<h4 class=\"separacio-producte\">PRINCIPALES ACTIVOS<\/h4>\n<p>TETRAPEPTIDE-1: P\u00e9ptido que ayuda a reparar y proteger la piel contra los da\u00f1os.<br \/>\nHEXAPEPTIDE-8: P\u00e9ptido relajante que ayuda a reducir la aparici\u00f3n de l\u00edneas de expresi\u00f3n.<\/p>","protected":false},"featured_media":13292,"template":"","meta":{"_acf_changed":false},"product_brand":[],"product_cat":[71],"product_tag":[114,85,100,101,102,75],"class_list":{"0":"post-13290","1":"product","2":"type-product","3":"status-publish","4":"has-post-thumbnail","6":"product_cat-retargeting","7":"product_tag-des-premieres-rides","8":"product_tag-jour","9":"product_tag-peaux-grasses","10":"product_tag-peaux-normales","11":"product_tag-peaux-seches","12":"product_tag-un-relachement-cutane","14":"first","15":"instock","16":"taxable","17":"shipping-taxable","18":"purchasable","19":"product-type-simple"},"acf":[],"_links":{"self":[{"href":"https:\/\/renophase.fr\/es\/wp-json\/wp\/v2\/product\/13290","targetHints":{"allow":["GET"]}}],"collection":[{"href":"https:\/\/renophase.fr\/es\/wp-json\/wp\/v2\/product"}],"about":[{"href":"https:\/\/renophase.fr\/es\/wp-json\/wp\/v2\/types\/product"}],"version-history":[{"count":0,"href":"https:\/\/renophase.fr\/es\/wp-json\/wp\/v2\/product\/13290\/revisions"}],"wp:featuredmedia":[{"embeddable":true,"href":"https:\/\/renophase.fr\/es\/wp-json\/wp\/v2\/media\/13292"}],"wp:attachment":[{"href":"https:\/\/renophase.fr\/es\/wp-json\/wp\/v2\/media?parent=13290"}],"wp:term":[{"taxonomy":"product_brand","embeddable":true,"href":"https:\/\/renophase.fr\/es\/wp-json\/wp\/v2\/product_brand?post=13290"},{"taxonomy":"product_cat","embeddable":true,"href":"https:\/\/renophase.fr\/es\/wp-json\/wp\/v2\/product_cat?post=13290"},{"taxonomy":"product_tag","embeddable":true,"href":"https:\/\/renophase.fr\/es\/wp-json\/wp\/v2\/product_tag?post=13290"}],"curies":[{"name":"wp","href":"https:\/\/api.w.org\/{rel}","templated":true}]}}