{"id":13306,"date":"2024-11-05T12:48:37","date_gmt":"2024-11-05T11:48:37","guid":{"rendered":"https:\/\/renophase.fr\/?post_type=product&#038;p=13306"},"modified":"2026-01-14T11:35:29","modified_gmt":"2026-01-14T10:35:29","slug":"le-serum-correcteur-multi-rides","status":"publish","type":"product","link":"https:\/\/renophase.fr\/es\/producto\/le-serum-correcteur-multi-rides\/","title":{"rendered":"<strong>Le S\u00e9rum<\/strong> Correcteur Multi-Rides"},"content":{"rendered":"<div class=\"desc\">\n<div class=\"text_desc\">\n<h4 style=\"text-align: center;width: 500px\">M\u00e9todo de aplicaci\u00f3n<\/h4>\n<p>Por la noche, aplicar el s\u00e9rum correcteur multi rides sobre el rostro, el contorno de los ojos y las arrugas del cuello. Tratamiento de un mes a renovar.<\/p>\n<\/div>\n<\/div>\n<div><\/div>","protected":false},"excerpt":{"rendered":"<h4 class=\"separacio-producte\"><strong>Suero antiarrugas <\/strong><\/h4>\n<div class=\"ecart\"><\/div>\n<p>Las arrugas tienen su origen en la incapacidad de las c\u00e9lulas para fabricar en cantidad suficiente el tejido de soporte y tensi\u00f3n de la piel que garantiza su elasticidad. Hemos desarrollado una f\u00f3rmula excepcional que optimiza su funcionalidad para reactivar su capacidad de autorregeneraci\u00f3n. Se basa en la ciencia de los genes de longevidad cut\u00e1nea asociada a una nueva forma activa de retinol, el retino\u00edl, con una tolerancia cut\u00e1nea \u00f3ptima.<\/p>\n<h4 class=\"separacio-producte\">PRINCIPALES ACTIVOS<\/h4>\n<p>TRIPEPTIDE-56: P\u00e9ptido que estimula la regeneraci\u00f3n celular y mejora la firmeza de la piel.<br \/>\nTRIPEPTIDE-38: P\u00e9ptido que estimula la producci\u00f3n de col\u00e1geno y mejora la estructura de la piel para reducir las arrugas.<br \/>\nCOMPLEJO RETINOIL: Complejo de retinol que favorece la renovaci\u00f3n celular y mejora la textura y luminosidad de la piel.<\/p>","protected":false},"featured_media":13308,"template":"","meta":{"_acf_changed":false},"product_brand":[],"product_cat":[71],"product_tag":[74,86,100,101,102],"class_list":{"0":"post-13306","1":"product","2":"type-product","3":"status-publish","4":"has-post-thumbnail","6":"product_cat-retargeting","7":"product_tag-des-rides","8":"product_tag-nuit","9":"product_tag-peaux-grasses","10":"product_tag-peaux-normales","11":"product_tag-peaux-seches","13":"first","14":"instock","15":"taxable","16":"shipping-taxable","17":"purchasable","18":"product-type-simple"},"acf":[],"_links":{"self":[{"href":"https:\/\/renophase.fr\/es\/wp-json\/wp\/v2\/product\/13306","targetHints":{"allow":["GET"]}}],"collection":[{"href":"https:\/\/renophase.fr\/es\/wp-json\/wp\/v2\/product"}],"about":[{"href":"https:\/\/renophase.fr\/es\/wp-json\/wp\/v2\/types\/product"}],"version-history":[{"count":0,"href":"https:\/\/renophase.fr\/es\/wp-json\/wp\/v2\/product\/13306\/revisions"}],"wp:featuredmedia":[{"embeddable":true,"href":"https:\/\/renophase.fr\/es\/wp-json\/wp\/v2\/media\/13308"}],"wp:attachment":[{"href":"https:\/\/renophase.fr\/es\/wp-json\/wp\/v2\/media?parent=13306"}],"wp:term":[{"taxonomy":"product_brand","embeddable":true,"href":"https:\/\/renophase.fr\/es\/wp-json\/wp\/v2\/product_brand?post=13306"},{"taxonomy":"product_cat","embeddable":true,"href":"https:\/\/renophase.fr\/es\/wp-json\/wp\/v2\/product_cat?post=13306"},{"taxonomy":"product_tag","embeddable":true,"href":"https:\/\/renophase.fr\/es\/wp-json\/wp\/v2\/product_tag?post=13306"}],"curies":[{"name":"wp","href":"https:\/\/api.w.org\/{rel}","templated":true}]}}