{"id":15810,"date":"2026-01-06T09:30:27","date_gmt":"2026-01-06T08:30:27","guid":{"rendered":"https:\/\/renophase.fr\/?post_type=product&#038;p=15810"},"modified":"2026-01-14T12:04:31","modified_gmt":"2026-01-14T11:04:31","slug":"retinol-a-serum","status":"publish","type":"product","link":"https:\/\/renophase.fr\/es\/producto\/retinol-a-serum\/","title":{"rendered":"<strong>R\u00c9TINOL A<\/strong> S\u00e9rum"},"content":{"rendered":"<div class=\"desc\">\n<div class=\"text_desc\">\n<h4 style=\"text-align: center;width: 500px\">M\u00e9todo de aplicaci\u00f3n<\/h4>\n<\/div>\n<\/div>\n<div>Aplicar diariamente, por la noche, en un tratamiento de un mes renovable. R\u00c9TINOL A S\u00e9rum reduce el exceso de sebo, mejora la calidad de la piel y disminuye el aspecto visible de las imperfecciones cut\u00e1neas.<\/div>","protected":false},"excerpt":{"rendered":"<h4 class=\"separacio-producte\"><strong>S\u00e9rum antioxidante, alisante y reparador<\/strong><\/h4>\n<div class=\"ecart\"><\/div>\n<p>Las erupciones cut\u00e1neas en adultos corresponden a un estado inflamatorio del fol\u00edculo piloso, activado por el estr\u00e9s y un desequilibrio hormonal. Para ayudar a recuperar una piel equilibrada y m\u00e1s lisa, hemos desarrollado una formulaci\u00f3n que reduce su estado reactivo y mejora visiblemente la uniformidad de su<\/p>\n<p>&nbsp;<\/p>\n<h4 class=\"separacio-producte\">PRINCIPALES ACTIVOS<\/h4>\n<p>R\u00c9TINOL: Deux formes actives de la vitamine A, pour stimuler le renouvellement de l\u2019\u00e9piderme, la synth\u00e8se de collag\u00e8ne et r\u00e9g\u00e9n\u00e9rer la peau en douceur.<br \/>\nACIDE AZ\u00c9LA\u00cfQUE<\/p>","protected":false},"featured_media":15832,"template":"","meta":{"_acf_changed":false},"product_brand":[],"product_cat":[54,55],"product_tag":[68,105,84,100,101],"class_list":{"0":"post-15810","1":"product","2":"type-product","3":"status-publish","4":"has-post-thumbnail","6":"product_cat-04-reveal","7":"product_cat-retinol","8":"product_tag-de-lacne","9":"product_tag-grasse-a-tendance-acneique","10":"product_tag-jour-nuit","11":"product_tag-peaux-grasses","12":"product_tag-peaux-normales","14":"first","15":"instock","16":"taxable","17":"shipping-taxable","18":"purchasable","19":"product-type-simple"},"acf":[],"_links":{"self":[{"href":"https:\/\/renophase.fr\/es\/wp-json\/wp\/v2\/product\/15810","targetHints":{"allow":["GET"]}}],"collection":[{"href":"https:\/\/renophase.fr\/es\/wp-json\/wp\/v2\/product"}],"about":[{"href":"https:\/\/renophase.fr\/es\/wp-json\/wp\/v2\/types\/product"}],"version-history":[{"count":0,"href":"https:\/\/renophase.fr\/es\/wp-json\/wp\/v2\/product\/15810\/revisions"}],"wp:featuredmedia":[{"embeddable":true,"href":"https:\/\/renophase.fr\/es\/wp-json\/wp\/v2\/media\/15832"}],"wp:attachment":[{"href":"https:\/\/renophase.fr\/es\/wp-json\/wp\/v2\/media?parent=15810"}],"wp:term":[{"taxonomy":"product_brand","embeddable":true,"href":"https:\/\/renophase.fr\/es\/wp-json\/wp\/v2\/product_brand?post=15810"},{"taxonomy":"product_cat","embeddable":true,"href":"https:\/\/renophase.fr\/es\/wp-json\/wp\/v2\/product_cat?post=15810"},{"taxonomy":"product_tag","embeddable":true,"href":"https:\/\/renophase.fr\/es\/wp-json\/wp\/v2\/product_tag?post=15810"}],"curies":[{"name":"wp","href":"https:\/\/api.w.org\/{rel}","templated":true}]}}