{"id":3760,"date":"2023-04-10T22:30:54","date_gmt":"2023-04-10T20:30:54","guid":{"rendered":"https:\/\/cosmetique.renophase.fr\/?post_type=product&#038;p=3760"},"modified":"2026-01-14T11:26:53","modified_gmt":"2026-01-14T10:26:53","slug":"newskin-lait-nettoyant","status":"publish","type":"product","link":"https:\/\/renophase.fr\/es\/producto\/newskin-lait-nettoyant\/","title":{"rendered":"<strong>NEWSKIN <\/strong>| Lait Nettoyant"},"content":{"rendered":"<div class=\"desc\">\n<div class=\"text_desc\">\n<h4 style=\"text-align: center;width: 500px\">M\u00e9todo de aplicaci\u00f3n<\/h4>\n<p>SOIN NETTOYANT D\u00c9MAQUILLANT DOUX Peaux sensibles, normales \u00e0 s\u00e8ches. Matin et soir, \u00e0 l\u2019aide de vos doigts humides, appliquez en<br \/>\nmouvements doux et circulaires, sur le visage et le cou. Apr\u00e8s un rin\u00e7age \u00e0 l\u2019eau, votre peau est<br \/>\nd\u00e9licatement nettoy\u00e9e, et vous ressentez une r\u00e9elle sensation de douceur.<\/p>\n<\/div>\n<div class=\"img_desc\"><\/div>\n<\/div>","protected":false},"excerpt":{"rendered":"<h4 class=\"separacio-producte\"><strong>UN CUIDADO LIMPIADOR DESMAQUILLANTE SUAVE.<\/strong><\/h4>\n<div class=\"ecart\"><\/div>\n<p>La piel sensible necesita confort debido a que su protecci\u00f3n est\u00e1 debilitada. Por ello, hemos desarrollado un limpiador suave y de alta tolerancia, sin jab\u00f3n ni alcohol.<\/p>\n<h4 class=\"separacio-producte\">PRINCIPALES ACTIVOS<\/h4>\n<div class=\"ecart\"><\/div>\n<p>GLUCONOLACTONA: Exfoliante suave y emoliente.<br \/>\nBASE LIMPIADORA SUAVE.<\/p>","protected":false},"featured_media":15634,"template":"","meta":{"_acf_changed":false},"product_brand":[],"product_cat":[32,33],"product_tag":[74,70,69,84,101,102,107,75,110,83],"class_list":{"0":"post-3760","1":"product","2":"type-product","3":"status-publish","4":"has-post-thumbnail","6":"product_cat-01-geste-essentiel","7":"product_cat-newskin","8":"product_tag-des-rides","9":"product_tag-des-rougeurs","10":"product_tag-des-taches-brunes","11":"product_tag-jour-nuit","12":"product_tag-peaux-normales","13":"product_tag-peaux-seches","14":"product_tag-sensible","15":"product_tag-un-relachement-cutane","16":"product_tag-une-peau-sensible","17":"product_tag-une-perte-delasticite-cutanee","19":"first","20":"instock","21":"taxable","22":"shipping-taxable","23":"purchasable","24":"product-type-simple"},"acf":[],"_links":{"self":[{"href":"https:\/\/renophase.fr\/es\/wp-json\/wp\/v2\/product\/3760","targetHints":{"allow":["GET"]}}],"collection":[{"href":"https:\/\/renophase.fr\/es\/wp-json\/wp\/v2\/product"}],"about":[{"href":"https:\/\/renophase.fr\/es\/wp-json\/wp\/v2\/types\/product"}],"version-history":[{"count":0,"href":"https:\/\/renophase.fr\/es\/wp-json\/wp\/v2\/product\/3760\/revisions"}],"wp:featuredmedia":[{"embeddable":true,"href":"https:\/\/renophase.fr\/es\/wp-json\/wp\/v2\/media\/15634"}],"wp:attachment":[{"href":"https:\/\/renophase.fr\/es\/wp-json\/wp\/v2\/media?parent=3760"}],"wp:term":[{"taxonomy":"product_brand","embeddable":true,"href":"https:\/\/renophase.fr\/es\/wp-json\/wp\/v2\/product_brand?post=3760"},{"taxonomy":"product_cat","embeddable":true,"href":"https:\/\/renophase.fr\/es\/wp-json\/wp\/v2\/product_cat?post=3760"},{"taxonomy":"product_tag","embeddable":true,"href":"https:\/\/renophase.fr\/es\/wp-json\/wp\/v2\/product_tag?post=3760"}],"curies":[{"name":"wp","href":"https:\/\/api.w.org\/{rel}","templated":true}]}}