{"id":6006,"date":"2023-04-10T22:00:42","date_gmt":"2023-04-10T20:00:42","guid":{"rendered":"https:\/\/cosmetique.renophase.fr\/?post_type=product&#038;p=6006"},"modified":"2026-01-14T11:29:18","modified_gmt":"2026-01-14T10:29:18","slug":"lotion","status":"publish","type":"product","link":"https:\/\/renophase.fr\/es\/producto\/lotion\/","title":{"rendered":"<strong>NEWSKIN <\/strong> | Lotion"},"content":{"rendered":"<div class=\"desc\">\n<div class=\"text_desc\">\n<h4 style=\"text-align: center;width: 500px\">M\u00e9todo de aplicaci\u00f3n<\/h4>\n<p>LOTION APAISANTE DOUCE. Toutes les peaux sensibles. Apr\u00e8s chaque nettoyage du visage,<br \/>\nappliquer d\u00e9licatement un coton imbib\u00e9 de lotion sur le visage, le cou et le d\u00e9collet\u00e9. Utilis\u00e9e quotidiennement,<br \/>\nNEWSKIN Lotion apporte l\u2019\u00e9clat et la douceur aux peaux sensibles.<\/p>\n<h4 style=\"text-align: center;width: 500px\"><\/h4>\n<\/div>\n<div class=\"img_desc\"><img fetchpriority=\"high\" decoding=\"async\" class=\"alignnone wp-image-6016 size-full\" src=\"https:\/\/renophase.fr\/wp-content\/uploads\/2023\/01\/Lotion-Newskin-Photo-description.jpg\" alt=\"\" width=\"640\" height=\"960\" srcset=\"https:\/\/renophase.fr\/wp-content\/uploads\/2023\/01\/Lotion-Newskin-Photo-description.jpg 640w, https:\/\/renophase.fr\/wp-content\/uploads\/2023\/01\/Lotion-Newskin-Photo-description-500x750.jpg 500w, https:\/\/renophase.fr\/wp-content\/uploads\/2023\/01\/Lotion-Newskin-Photo-description-8x12.jpg 8w\" sizes=\"(max-width: 640px) 100vw, 640px\" \/><\/div>\n<\/div>","protected":false},"excerpt":{"rendered":"<h4 class=\"separacio-producte\"><strong>UNA LOCI\u00d3N SUAVE Y CALMANTE<\/strong><\/h4>\n<div class=\"ecart\"><\/div>\n<p>Formulada con extractos de manzanilla y cal\u00e9ndula, esta loci\u00f3n proporciona un gran alivio y confort a las pieles sensibles.<\/p>\n<h4 class=\"separacio-producte\">PRINCIPALES ACTIVOS<\/h4>\n<div class=\"ecart\"><\/div>\n<p>MANZANILLA Y CAL\u00c9NDULA: Calmantes y suavizantes<\/p>","protected":false},"featured_media":15630,"template":"","meta":{"_acf_changed":false},"product_brand":[],"product_cat":[32,33],"product_tag":[114,74,70,105,84,104,100,101,102,106,107,75,108,79,110,76,83],"class_list":{"0":"post-6006","1":"product","2":"type-product","3":"status-publish","4":"has-post-thumbnail","6":"product_cat-01-geste-essentiel","7":"product_cat-newskin","8":"product_tag-des-premieres-rides","9":"product_tag-des-rides","10":"product_tag-des-rougeurs","11":"product_tag-grasse-a-tendance-acneique","12":"product_tag-jour-nuit","13":"product_tag-normale","14":"product_tag-peaux-grasses","15":"product_tag-peaux-normales","16":"product_tag-peaux-seches","17":"product_tag-seche","18":"product_tag-sensible","19":"product_tag-un-relachement-cutane","20":"product_tag-une-peau-menopausee","21":"product_tag-une-peau-sans-eclat","22":"product_tag-une-peau-sensible","23":"product_tag-la-peau-terne","24":"product_tag-une-perte-delasticite-cutanee","26":"first","27":"instock","28":"taxable","29":"shipping-taxable","30":"purchasable","31":"product-type-simple"},"acf":[],"_links":{"self":[{"href":"https:\/\/renophase.fr\/es\/wp-json\/wp\/v2\/product\/6006","targetHints":{"allow":["GET"]}}],"collection":[{"href":"https:\/\/renophase.fr\/es\/wp-json\/wp\/v2\/product"}],"about":[{"href":"https:\/\/renophase.fr\/es\/wp-json\/wp\/v2\/types\/product"}],"version-history":[{"count":0,"href":"https:\/\/renophase.fr\/es\/wp-json\/wp\/v2\/product\/6006\/revisions"}],"wp:featuredmedia":[{"embeddable":true,"href":"https:\/\/renophase.fr\/es\/wp-json\/wp\/v2\/media\/15630"}],"wp:attachment":[{"href":"https:\/\/renophase.fr\/es\/wp-json\/wp\/v2\/media?parent=6006"}],"wp:term":[{"taxonomy":"product_brand","embeddable":true,"href":"https:\/\/renophase.fr\/es\/wp-json\/wp\/v2\/product_brand?post=6006"},{"taxonomy":"product_cat","embeddable":true,"href":"https:\/\/renophase.fr\/es\/wp-json\/wp\/v2\/product_cat?post=6006"},{"taxonomy":"product_tag","embeddable":true,"href":"https:\/\/renophase.fr\/es\/wp-json\/wp\/v2\/product_tag?post=6006"}],"curies":[{"name":"wp","href":"https:\/\/api.w.org\/{rel}","templated":true}]}}