{"id":6104,"date":"2023-04-10T20:30:30","date_gmt":"2023-04-10T18:30:30","guid":{"rendered":"https:\/\/cosmetique.renophase.fr\/?post_type=product&#038;p=6104"},"modified":"2026-01-14T12:02:06","modified_gmt":"2026-01-14T11:02:06","slug":"renosource-serum","status":"publish","type":"product","link":"https:\/\/renophase.fr\/es\/producto\/renosource-serum\/","title":{"rendered":"<strong>RENOSOURCE<\/strong> | S\u00e9rum"},"content":{"rendered":"<div class=\"desc\">\n<div class=\"text_desc\">\n<h4 style=\"text-align: center;width: 500px\">M\u00e9todo de aplicaci\u00f3n<\/h4>\n<p>S\u00c9RUM R\u00c9HYDRATANT \u00c9QUILIBRANT NONGRAS. Manque d\u2019hydratation des peaux normales \u00e0<br \/>\ngrasses. Matin et\/ou soir, lisser le s\u00e9rum sur le visage. Appliqu\u00e9 quotidiennement,<br \/>\nRENOSOURCE S\u00e9rum r\u00e9hydrate et repulpe.<\/p>\n<\/div>\n<div class=\"img_desc\"><\/div>\n<\/div>","protected":false},"excerpt":{"rendered":"<h4 class=\"separacio-producte\"><strong>UN SUERO REHIDRATANTE EQUILIBRANTE NO GRASO.<\/strong><\/h4>\n<div class=\"ecart\"><\/div>\n<p>Formulado ligeramente para satisfacer las necesidades de hidrataci\u00f3n de la piel grasa, este producto para el cuidado de la piel restaura la homeostasis de la hidrataci\u00f3n mediante un aporte concentrado de \u00e1cido hialur\u00f3nico fragmentado.<\/p>\n<h4 class=\"separacio-producte\">PRINCIPALES ACTIVOS<\/h4>\n<div class=\"ecart\"><\/div>\n<p>COMPLEJO \u00c1CIDO HIALUR\u00d3NICO FRAGMENTADO: Hidrata, restaura la barrera cut\u00e1nea, controla la secreci\u00f3n seb\u00e1cea y reduce las rojeces.<\/p>","protected":false},"featured_media":13198,"template":"","meta":{"_acf_changed":false},"product_brand":[],"product_cat":[32,44],"product_tag":[105,85,100],"class_list":{"0":"post-6104","1":"product","2":"type-product","3":"status-publish","4":"has-post-thumbnail","6":"product_cat-01-geste-essentiel","7":"product_cat-renosource","8":"product_tag-grasse-a-tendance-acneique","9":"product_tag-jour","10":"product_tag-peaux-grasses","12":"first","13":"instock","14":"taxable","15":"shipping-taxable","16":"purchasable","17":"product-type-simple"},"acf":[],"_links":{"self":[{"href":"https:\/\/renophase.fr\/es\/wp-json\/wp\/v2\/product\/6104","targetHints":{"allow":["GET"]}}],"collection":[{"href":"https:\/\/renophase.fr\/es\/wp-json\/wp\/v2\/product"}],"about":[{"href":"https:\/\/renophase.fr\/es\/wp-json\/wp\/v2\/types\/product"}],"version-history":[{"count":0,"href":"https:\/\/renophase.fr\/es\/wp-json\/wp\/v2\/product\/6104\/revisions"}],"wp:featuredmedia":[{"embeddable":true,"href":"https:\/\/renophase.fr\/es\/wp-json\/wp\/v2\/media\/13198"}],"wp:attachment":[{"href":"https:\/\/renophase.fr\/es\/wp-json\/wp\/v2\/media?parent=6104"}],"wp:term":[{"taxonomy":"product_brand","embeddable":true,"href":"https:\/\/renophase.fr\/es\/wp-json\/wp\/v2\/product_brand?post=6104"},{"taxonomy":"product_cat","embeddable":true,"href":"https:\/\/renophase.fr\/es\/wp-json\/wp\/v2\/product_cat?post=6104"},{"taxonomy":"product_tag","embeddable":true,"href":"https:\/\/renophase.fr\/es\/wp-json\/wp\/v2\/product_tag?post=6104"}],"curies":[{"name":"wp","href":"https:\/\/api.w.org\/{rel}","templated":true}]}}