{"id":6118,"date":"2023-04-10T23:30:20","date_gmt":"2023-04-10T21:30:20","guid":{"rendered":"https:\/\/cosmetique.renophase.fr\/?post_type=product&#038;p=6118"},"modified":"2026-01-14T11:56:55","modified_gmt":"2026-01-14T10:56:55","slug":"renewpeel-emulsion-nettoyante","status":"publish","type":"product","link":"https:\/\/renophase.fr\/es\/producto\/renewpeel-emulsion-nettoyante\/","title":{"rendered":"<strong>RENEWPEEL<\/strong>| Gel Nettoyant"},"content":{"rendered":"<div class=\"desc\">\n<div class=\"text_desc\">\n<h4 style=\"text-align: center;width: 500px\">M\u00e9todo de aplicaci\u00f3n<\/h4>\n<p>GEL EXFOLIANT PURIFIANT. Peaux grasses et \u00e0 imperfections. Matin et soir, \u00e0 l\u2019aide de vos doigts<br \/>\nhumides, appliquez en mouvements doux et circulaires, sur le visage et le cou. Apr\u00e8s un rin\u00e7age \u00e0<br \/>\nl\u2019eau, votre peau est purifi\u00e9e, matifi\u00e9e et assouplie.<\/p>\n<h4 style=\"text-align: center;width: 500px\">Precauciones de uso<\/h4>\n<p>No usar en ni\u00f1os menores de 3 a\u00f1os. No aplicar sobre pieles irritadas. En caso de contacto con los ojos, enjuagar abundantemente con agua.<\/p>\n<h4 style=\"text-align: center;width: 500px\"><\/h4>\n<\/div>\n<div class=\"img_desc\"><img fetchpriority=\"high\" decoding=\"async\" class=\"alignnone wp-image-13118 size-medium\" src=\"https:\/\/renophase.fr\/wp-content\/uploads\/2023\/04\/Gel-Nettoyant-description-500x750.webp\" alt=\"\" width=\"500\" height=\"750\" srcset=\"https:\/\/renophase.fr\/wp-content\/uploads\/2023\/04\/Gel-Nettoyant-description-500x750.webp 500w, https:\/\/renophase.fr\/wp-content\/uploads\/2023\/04\/Gel-Nettoyant-description-8x12.webp 8w, https:\/\/renophase.fr\/wp-content\/uploads\/2023\/04\/Gel-Nettoyant-description.webp 720w\" sizes=\"(max-width: 500px) 100vw, 500px\" \/><\/div>\n<\/div>","protected":false},"excerpt":{"rendered":"<h4 class=\"separacio-producte\"><strong>UN GEL EXFOLIANTE PURIFICANTE.<\/strong><\/h4>\n<div class=\"ecart\"><\/div>\n<p>La piel grasa produce una cantidad significativa de sebo, que se acumula y genera imperfecciones. Una limpieza activa es indispensable para mantener una piel sana y radiante.<\/p>\n<h4 class=\"separacio-producte\">PRINCIPALES ACTIVOS<\/h4>\n<div class=\"ecart\"><\/div>\n<p>\u00c1CIDO GLIC\u00d3LICO: Estimula la exfoliaci\u00f3n para mantener la piel fina.<\/p>\n<p>EXTRACTOS DE TOMILLO Y ROMERO: Antis\u00e9pticos naturales.<\/p>\n<p>&nbsp;<\/p>\n<p>&nbsp;<\/p>","protected":false},"featured_media":15632,"template":"","meta":{"_acf_changed":false},"product_brand":[],"product_cat":[32,47],"product_tag":[68,114,74,69,105,84,104,100,101,75,108,79,76],"class_list":{"0":"post-6118","1":"product","2":"type-product","3":"status-publish","4":"has-post-thumbnail","6":"product_cat-01-geste-essentiel","7":"product_cat-renewpeel","8":"product_tag-de-lacne","9":"product_tag-des-premieres-rides","10":"product_tag-des-rides","11":"product_tag-des-taches-brunes","12":"product_tag-grasse-a-tendance-acneique","13":"product_tag-jour-nuit","14":"product_tag-normale","15":"product_tag-peaux-grasses","16":"product_tag-peaux-normales","17":"product_tag-un-relachement-cutane","18":"product_tag-une-peau-menopausee","19":"product_tag-une-peau-sans-eclat","20":"product_tag-la-peau-terne","22":"first","23":"instock","24":"taxable","25":"shipping-taxable","26":"purchasable","27":"product-type-simple"},"acf":[],"_links":{"self":[{"href":"https:\/\/renophase.fr\/es\/wp-json\/wp\/v2\/product\/6118","targetHints":{"allow":["GET"]}}],"collection":[{"href":"https:\/\/renophase.fr\/es\/wp-json\/wp\/v2\/product"}],"about":[{"href":"https:\/\/renophase.fr\/es\/wp-json\/wp\/v2\/types\/product"}],"version-history":[{"count":0,"href":"https:\/\/renophase.fr\/es\/wp-json\/wp\/v2\/product\/6118\/revisions"}],"wp:featuredmedia":[{"embeddable":true,"href":"https:\/\/renophase.fr\/es\/wp-json\/wp\/v2\/media\/15632"}],"wp:attachment":[{"href":"https:\/\/renophase.fr\/es\/wp-json\/wp\/v2\/media?parent=6118"}],"wp:term":[{"taxonomy":"product_brand","embeddable":true,"href":"https:\/\/renophase.fr\/es\/wp-json\/wp\/v2\/product_brand?post=6118"},{"taxonomy":"product_cat","embeddable":true,"href":"https:\/\/renophase.fr\/es\/wp-json\/wp\/v2\/product_cat?post=6118"},{"taxonomy":"product_tag","embeddable":true,"href":"https:\/\/renophase.fr\/es\/wp-json\/wp\/v2\/product_tag?post=6118"}],"curies":[{"name":"wp","href":"https:\/\/api.w.org\/{rel}","templated":true}]}}