{"id":6144,"date":"2023-04-10T23:00:20","date_gmt":"2023-04-10T21:00:20","guid":{"rendered":"https:\/\/cosmetique.renophase.fr\/?post_type=product&#038;p=6144"},"modified":"2026-01-14T11:56:16","modified_gmt":"2026-01-14T10:56:16","slug":"renewpeel-emulsion-nettoyante-copie-copie","status":"publish","type":"product","link":"https:\/\/renophase.fr\/es\/producto\/renewpeel-emulsion-nettoyante-copie-copie\/","title":{"rendered":"<strong>RENEWPEEL<\/strong>| \u00c9mulsion Nettoyante"},"content":{"rendered":"<div class=\"desc\">\n<div class=\"text_desc\">\n<h4 style=\"text-align: center;width: 500px\">M\u00e9todo de aplicaci\u00f3n<\/h4>\n<p>\u00c9mulsion Nettoyante. Pieles normales a secas. Ma\u00f1ana y noche, con los dedos h\u00famedos, aplique con movimientos suaves y circulares en el rostro y el cuello. Despu\u00e9s de enjuagar con agua, su piel quedar\u00e1 perfectamente limpia, c\u00f3moda, fresca y luminosa.<\/p>\n<div class=\"ecart\">\n<h4 style=\"text-align: center;width: 500px\">Precauciones de uso<\/h4>\n<p>No usar en ni\u00f1os menores de 3 a\u00f1os. No aplicar sobre pieles irritadas. En caso de contacto con los ojos, enjuagar abundantemente con agua.<\/p>\n<h4 style=\"text-align: center;width: 500px\"><\/h4>\n<\/div>\n<\/div>\n<div class=\"img_desc\"><img fetchpriority=\"high\" decoding=\"async\" class=\"alignnone wp-image-13189 size-medium\" src=\"https:\/\/renophase.fr\/wp-content\/uploads\/2023\/04\/Gel-Nettoyant-description-500x750.jpg\" alt=\"\" width=\"500\" height=\"750\" srcset=\"https:\/\/renophase.fr\/wp-content\/uploads\/2023\/04\/Gel-Nettoyant-description-500x750.jpg 500w, https:\/\/renophase.fr\/wp-content\/uploads\/2023\/04\/Gel-Nettoyant-description-8x12.jpg 8w, https:\/\/renophase.fr\/wp-content\/uploads\/2023\/04\/Gel-Nettoyant-description.jpg 720w\" sizes=\"(max-width: 500px) 100vw, 500px\" \/><\/div>\n<\/div>","protected":false},"excerpt":{"rendered":"<h4 class=\"separacio-producte\"><strong>UNA LECHE DESMAQUILLANTE EXFOLIANTE RICA.<\/strong><\/h4>\n<div class=\"ecart\"><\/div>\n<p>La piel seca tiene una protecci\u00f3n hidrolip\u00eddica debilitada y puede carecer de luminosidad. Este tratamiento rico elimina las impurezas, hidrata y exfolia delicadamente la piel.<\/p>\n<h4 class=\"separacio-producte\">PRINCIPALES ACTIVOS<\/h4>\n<div class=\"ecart\"><\/div>\n<p>\u00c1CIDO GLIC\u00d3LICO: Exfoliaci\u00f3n suave que alisa la gruesa capa c\u00f3rnea.<\/p>\n<p>BASE LIMPIADORA SUAVE Y RICA.<\/p>","protected":false},"featured_media":15637,"template":"","meta":{"_acf_changed":false},"product_brand":[],"product_cat":[32,47],"product_tag":[114,74,84,104,101,102,106,80,81,75,108,79,76,83],"class_list":{"0":"post-6144","1":"product","2":"type-product","3":"status-publish","4":"has-post-thumbnail","6":"product_cat-01-geste-essentiel","7":"product_cat-renewpeel","8":"product_tag-des-premieres-rides","9":"product_tag-des-rides","10":"product_tag-jour-nuit","11":"product_tag-normale","12":"product_tag-peaux-normales","13":"product_tag-peaux-seches","14":"product_tag-seche","15":"product_tag-un-cou-relache","16":"product_tag-un-cou-ride","17":"product_tag-un-relachement-cutane","18":"product_tag-une-peau-menopausee","19":"product_tag-une-peau-sans-eclat","20":"product_tag-la-peau-terne","21":"product_tag-une-perte-delasticite-cutanee","23":"first","24":"instock","25":"taxable","26":"shipping-taxable","27":"purchasable","28":"product-type-simple"},"acf":[],"_links":{"self":[{"href":"https:\/\/renophase.fr\/es\/wp-json\/wp\/v2\/product\/6144","targetHints":{"allow":["GET"]}}],"collection":[{"href":"https:\/\/renophase.fr\/es\/wp-json\/wp\/v2\/product"}],"about":[{"href":"https:\/\/renophase.fr\/es\/wp-json\/wp\/v2\/types\/product"}],"version-history":[{"count":0,"href":"https:\/\/renophase.fr\/es\/wp-json\/wp\/v2\/product\/6144\/revisions"}],"wp:featuredmedia":[{"embeddable":true,"href":"https:\/\/renophase.fr\/es\/wp-json\/wp\/v2\/media\/15637"}],"wp:attachment":[{"href":"https:\/\/renophase.fr\/es\/wp-json\/wp\/v2\/media?parent=6144"}],"wp:term":[{"taxonomy":"product_brand","embeddable":true,"href":"https:\/\/renophase.fr\/es\/wp-json\/wp\/v2\/product_brand?post=6144"},{"taxonomy":"product_cat","embeddable":true,"href":"https:\/\/renophase.fr\/es\/wp-json\/wp\/v2\/product_cat?post=6144"},{"taxonomy":"product_tag","embeddable":true,"href":"https:\/\/renophase.fr\/es\/wp-json\/wp\/v2\/product_tag?post=6144"}],"curies":[{"name":"wp","href":"https:\/\/api.w.org\/{rel}","templated":true}]}}