{"id":6221,"date":"2023-04-10T20:00:43","date_gmt":"2023-04-10T18:00:43","guid":{"rendered":"https:\/\/cosmetique.renophase.fr\/?post_type=product&#038;p=6221"},"modified":"2026-01-14T11:54:45","modified_gmt":"2026-01-14T10:54:45","slug":"renewpeel-creme-10","status":"publish","type":"product","link":"https:\/\/renophase.fr\/es\/producto\/renewpeel-creme-10\/","title":{"rendered":"<strong>RENEWPEEL<\/strong>| Cr\u00e8me 10"},"content":{"rendered":"<div class=\"desc\">\n<div class=\"text_desc\">\n<h4 style=\"text-align: center;width: 500px\">M\u00e9todo de aplicaci\u00f3n<\/h4>\n<p>CREMA EXFOLIANTE ANTIOXIDANTE ILUMINADORA. Tono irregular, falta de luminosidad, l\u00edneas finas, primeras arrugas. Todo tipo de piel.\nAplicar la crema por la ma\u00f1ana o por la noche sobre el rostro y el cuello, evitando el contorno de los ojos. Usada diariamente, Renewpeel Creme 10 unifica las irregularidades del tono, mejora la apariencia de las l\u00edneas finas, alisa y renueva la luminosidad de la piel.<\/p>\n<h4 style=\"text-align: center;width: 500px\">Precauciones de uso<\/h4>\n<p>No usar en ni\u00f1os menores de 3 a\u00f1os. No aplicar sobre pieles irritadas. En caso de contacto con los ojos, enjuagar abundantemente con agua.<\/p>\n<\/div>\n<div class=\"img_desc\"><img fetchpriority=\"high\" decoding=\"async\" class=\"alignnone wp-image-6488 size-full\" src=\"https:\/\/renophase.fr\/wp-content\/uploads\/2023\/01\/creme_10_descr.jpg\" alt=\"\" width=\"720\" height=\"1080\" \/><\/div>\n<\/div>","protected":false},"excerpt":{"rendered":"<h4 class=\"separacio-producte\"><strong>UNA CREMA EXFOLIANTE ANTIOXIDANTE ILUMINADORA.<\/strong><\/h4>\n<div class=\"ecart\"><\/div>\n<p>El engrosamiento anormal de la capa c\u00f3rnea, combinado con la acci\u00f3n da\u00f1ina de los radicales libres, puede acelerar la aparici\u00f3n de los signos del envejecimiento. Para invertir este proceso, hemos formulado un exfoliante diario antioxidante, suavizante y suave que estimula la capacidad de la piel para renovarse, devolvi\u00e9ndole su belleza y luminosidad.<\/p>\n<h4 class=\"separacio-producte\">PRINCIPALES ACTIVOS<\/h4>\n<div class=\"ecart\"><\/div>\n<p>\u00c1CIDO GLIC\u00d3LICO: Renovador cut\u00e1neo, humectante, mejora la renovaci\u00f3n celular.<\/p>\n<p>CER\u00c1MIDAS: Refuerzan la barrera cut\u00e1nea aumentando la cohesi\u00f3n celular y regulando la respiraci\u00f3n transepitelial.<\/p>","protected":false},"featured_media":13195,"template":"","meta":{"_acf_changed":false},"product_brand":[],"product_cat":[48,49],"product_tag":[114,74,69,100,101,102,75,109,108,79,76,83],"class_list":{"0":"post-6221","1":"product","2":"type-product","3":"status-publish","4":"has-post-thumbnail","6":"product_cat-02-reboost","7":"product_cat-renewpeel-02-reboost","8":"product_tag-des-premieres-rides","9":"product_tag-des-rides","10":"product_tag-des-taches-brunes","11":"product_tag-peaux-grasses","12":"product_tag-peaux-normales","13":"product_tag-peaux-seches","14":"product_tag-un-relachement-cutane","15":"product_tag-une-peau-de-fumeur","16":"product_tag-une-peau-menopausee","17":"product_tag-une-peau-sans-eclat","18":"product_tag-la-peau-terne","19":"product_tag-une-perte-delasticite-cutanee","21":"first","22":"instock","23":"taxable","24":"shipping-taxable","25":"purchasable","26":"product-type-simple"},"acf":[],"_links":{"self":[{"href":"https:\/\/renophase.fr\/es\/wp-json\/wp\/v2\/product\/6221","targetHints":{"allow":["GET"]}}],"collection":[{"href":"https:\/\/renophase.fr\/es\/wp-json\/wp\/v2\/product"}],"about":[{"href":"https:\/\/renophase.fr\/es\/wp-json\/wp\/v2\/types\/product"}],"version-history":[{"count":0,"href":"https:\/\/renophase.fr\/es\/wp-json\/wp\/v2\/product\/6221\/revisions"}],"wp:featuredmedia":[{"embeddable":true,"href":"https:\/\/renophase.fr\/es\/wp-json\/wp\/v2\/media\/13195"}],"wp:attachment":[{"href":"https:\/\/renophase.fr\/es\/wp-json\/wp\/v2\/media?parent=6221"}],"wp:term":[{"taxonomy":"product_brand","embeddable":true,"href":"https:\/\/renophase.fr\/es\/wp-json\/wp\/v2\/product_brand?post=6221"},{"taxonomy":"product_cat","embeddable":true,"href":"https:\/\/renophase.fr\/es\/wp-json\/wp\/v2\/product_cat?post=6221"},{"taxonomy":"product_tag","embeddable":true,"href":"https:\/\/renophase.fr\/es\/wp-json\/wp\/v2\/product_tag?post=6221"}],"curies":[{"name":"wp","href":"https:\/\/api.w.org\/{rel}","templated":true}]}}