{"id":6490,"date":"2023-04-10T18:30:31","date_gmt":"2023-04-10T16:30:31","guid":{"rendered":"https:\/\/cosmetique.renophase.fr\/?post_type=product&#038;p=6490"},"modified":"2026-01-14T11:40:15","modified_gmt":"2026-01-14T10:40:15","slug":"newskin-hydra","status":"publish","type":"product","link":"https:\/\/renophase.fr\/es\/producto\/newskin-hydra\/","title":{"rendered":"<strong>NEWSKIN<\/strong>| Cr\u00e8me Hydra+"},"content":{"rendered":"<div class=\"desc\">\n<div class=\"text_desc\">\n<h4 style=\"text-align: center;width: 500px\">M\u00e9todo de aplicaci\u00f3n<\/h4>\n<p>CREMA ALISADORA E HIDRATANTE PARA PIELES SENSIBLES. Falta de hidrataci\u00f3n, luminosidad y vitalidad. Apta para todas las pieles sensibles. Por la ma\u00f1ana o por la noche, aplicar la crema en el rostro, el cuello y el escote. Usada diariamente, NEWSKIN Creme Hydra+ restaura una piel m\u00e1s suave, tersa, luminosa y alisada.<\/p>\n<\/div>\n<div class=\"img_desc\"><\/div>\n<\/div>","protected":false},"excerpt":{"rendered":"<h4 class=\"separacio-producte\"><strong>UNA CREMA ALISADORA E HIDRATANTE PARA PIELES SENSIBLES.<\/strong><\/h4>\n<div class=\"ecart\"><\/div>\n<p>El mal funcionamiento de la exfoliaci\u00f3n tambi\u00e9n afecta a las pieles sensibles, que pierden luminosidad e hidrataci\u00f3n. Antioxidante, exfoliante, rehidratante, esta formulaci\u00f3n act\u00faa simult\u00e1neamente sobre la textura y la hidrataci\u00f3n para devolver el resplandor de una piel joven.<\/p>\n<h4 class=\"separacio-producte\">PRINCIPALES ACTIVOS<\/h4>\n<div class=\"ecart\"><\/div>\n<p>GLUCONOLACTONA: Mol\u00e9cula natural, emoliente, antioxidante, mejora la funci\u00f3n barrera de la epidermis para una piel muy suave e hidratada.<\/p>\n<p>EXTRACTO DE SINORHIZOBIUM MELILOTI: Proporciona a la piel un alto nivel de protecci\u00f3n frente a los agresores externos y una hidrataci\u00f3n continua para garantizar su confort y flexibilidad.<\/p>","protected":false},"featured_media":13181,"template":"","meta":{"_acf_changed":false},"product_brand":[],"product_cat":[48,50],"product_tag":[85,100,101,75,79,110,76,83],"class_list":{"0":"post-6490","1":"product","2":"type-product","3":"status-publish","4":"has-post-thumbnail","6":"product_cat-02-reboost","7":"product_cat-newskin-02-reboost","8":"product_tag-jour","9":"product_tag-peaux-grasses","10":"product_tag-peaux-normales","11":"product_tag-un-relachement-cutane","12":"product_tag-une-peau-sans-eclat","13":"product_tag-une-peau-sensible","14":"product_tag-la-peau-terne","15":"product_tag-une-perte-delasticite-cutanee","17":"first","18":"instock","19":"taxable","20":"shipping-taxable","21":"purchasable","22":"product-type-simple"},"acf":[],"_links":{"self":[{"href":"https:\/\/renophase.fr\/es\/wp-json\/wp\/v2\/product\/6490","targetHints":{"allow":["GET"]}}],"collection":[{"href":"https:\/\/renophase.fr\/es\/wp-json\/wp\/v2\/product"}],"about":[{"href":"https:\/\/renophase.fr\/es\/wp-json\/wp\/v2\/types\/product"}],"version-history":[{"count":0,"href":"https:\/\/renophase.fr\/es\/wp-json\/wp\/v2\/product\/6490\/revisions"}],"wp:featuredmedia":[{"embeddable":true,"href":"https:\/\/renophase.fr\/es\/wp-json\/wp\/v2\/media\/13181"}],"wp:attachment":[{"href":"https:\/\/renophase.fr\/es\/wp-json\/wp\/v2\/media?parent=6490"}],"wp:term":[{"taxonomy":"product_brand","embeddable":true,"href":"https:\/\/renophase.fr\/es\/wp-json\/wp\/v2\/product_brand?post=6490"},{"taxonomy":"product_cat","embeddable":true,"href":"https:\/\/renophase.fr\/es\/wp-json\/wp\/v2\/product_cat?post=6490"},{"taxonomy":"product_tag","embeddable":true,"href":"https:\/\/renophase.fr\/es\/wp-json\/wp\/v2\/product_tag?post=6490"}],"curies":[{"name":"wp","href":"https:\/\/api.w.org\/{rel}","templated":true}]}}