{"id":6499,"date":"2023-04-10T19:30:54","date_gmt":"2023-04-10T17:30:54","guid":{"rendered":"https:\/\/cosmetique.renophase.fr\/?post_type=product&#038;p=6499"},"modified":"2026-01-14T11:55:30","modified_gmt":"2026-01-14T10:55:30","slug":"renewpeel-creme-20","status":"publish","type":"product","link":"https:\/\/renophase.fr\/es\/producto\/renewpeel-creme-20\/","title":{"rendered":"<strong>RENEWPEEL<\/strong>| Cr\u00e8me 20"},"content":{"rendered":"<div class=\"desc\">\n<div class=\"text_desc\">\n<h4 style=\"text-align: center;width: 500px\">M\u00e9todo de aplicaci\u00f3n<\/h4>\n<p>CREMA EXFOLIANTE ANTIOXIDANTE POTENCIADORA DE LUMINOSIDAD. Piel engrosada, sin luminosidad, arrugas. Tratamiento espec\u00edfico para pieles da\u00f1adas por el sol.\nAplicar la crema por la ma\u00f1ana o por la noche sobre el rostro y el cuello, evitando el contorno de los ojos. Utilizada en un tratamiento de 1 mes, renovable, RENEWPEEL Creme 20 renueva y alisa la textura, restaura la luminosidad, unifica el tono, reduce la apariencia de las arrugas y devuelve a la piel un aspecto liso y rejuvenecido.<\/p>\n<h4 style=\"text-align: center;width: 500px\">Precauciones de uso<\/h4>\n<p>No usar en ni\u00f1os menores de 3 a\u00f1os. No aplicar sobre pieles irritadas. En caso de contacto con los ojos, enjuagar abundantemente con agua.<\/p>\n<\/div>\n<div class=\"img_desc\"><\/div>\n<\/div>","protected":false},"excerpt":{"rendered":"<h4 class=\"separacio-producte\"><strong>UNA CREMA EXFOLIANTE ANTIOXIDANTE POTENCIADORA DE LUMINOSIDAD.<\/strong><\/h4>\n<div class=\"ecart\"><\/div>\n<p>Con el paso de los a\u00f1os, la piel se engrosa, se vuelve m\u00e1s seca, irregular y pierde su luminosidad. Se observa un engrosamiento anormal de la capa c\u00f3rnea. La acci\u00f3n combinada y da\u00f1ina de los radicales libres acelera la aparici\u00f3n de los signos de la edad. Conscientes de estos procesos, hemos formulado un tratamiento antioxidante, potenciador de la renovaci\u00f3n cut\u00e1nea, altamente concentrado en \u00e1cido glic\u00f3lico, para rejuvenecer el aspecto de la piel y restaurar una luminosidad visible y duradera.<\/p>\n<h4 class=\"separacio-producte\">PRINCIPALES ACTIVOS<\/h4>\n<div class=\"ecart\"><\/div>\n<p>\u00c1CIDO GLIC\u00d3LICO: Estimula la renovaci\u00f3n celular y afina las pieles engrosadas.<\/p>","protected":false},"featured_media":13191,"template":"","meta":{"_acf_changed":false},"product_brand":[],"product_cat":[48,49],"product_tag":[74,101,102,75,109,108,79,76,83],"class_list":{"0":"post-6499","1":"product","2":"type-product","3":"status-publish","4":"has-post-thumbnail","6":"product_cat-02-reboost","7":"product_cat-renewpeel-02-reboost","8":"product_tag-des-rides","9":"product_tag-peaux-normales","10":"product_tag-peaux-seches","11":"product_tag-un-relachement-cutane","12":"product_tag-une-peau-de-fumeur","13":"product_tag-une-peau-menopausee","14":"product_tag-une-peau-sans-eclat","15":"product_tag-la-peau-terne","16":"product_tag-une-perte-delasticite-cutanee","18":"first","19":"instock","20":"taxable","21":"shipping-taxable","22":"purchasable","23":"product-type-simple"},"acf":[],"_links":{"self":[{"href":"https:\/\/renophase.fr\/es\/wp-json\/wp\/v2\/product\/6499","targetHints":{"allow":["GET"]}}],"collection":[{"href":"https:\/\/renophase.fr\/es\/wp-json\/wp\/v2\/product"}],"about":[{"href":"https:\/\/renophase.fr\/es\/wp-json\/wp\/v2\/types\/product"}],"version-history":[{"count":0,"href":"https:\/\/renophase.fr\/es\/wp-json\/wp\/v2\/product\/6499\/revisions"}],"wp:featuredmedia":[{"embeddable":true,"href":"https:\/\/renophase.fr\/es\/wp-json\/wp\/v2\/media\/13191"}],"wp:attachment":[{"href":"https:\/\/renophase.fr\/es\/wp-json\/wp\/v2\/media?parent=6499"}],"wp:term":[{"taxonomy":"product_brand","embeddable":true,"href":"https:\/\/renophase.fr\/es\/wp-json\/wp\/v2\/product_brand?post=6499"},{"taxonomy":"product_cat","embeddable":true,"href":"https:\/\/renophase.fr\/es\/wp-json\/wp\/v2\/product_cat?post=6499"},{"taxonomy":"product_tag","embeddable":true,"href":"https:\/\/renophase.fr\/es\/wp-json\/wp\/v2\/product_tag?post=6499"}],"curies":[{"name":"wp","href":"https:\/\/api.w.org\/{rel}","templated":true}]}}