{"id":6505,"date":"2023-04-10T19:00:18","date_gmt":"2023-04-10T17:00:18","guid":{"rendered":"https:\/\/cosmetique.renophase.fr\/?post_type=product&#038;p=6505"},"modified":"2026-01-14T11:57:42","modified_gmt":"2026-01-14T10:57:42","slug":"renewpeel-masque","status":"publish","type":"product","link":"https:\/\/renophase.fr\/es\/producto\/renewpeel-masque\/","title":{"rendered":"<strong>RENEWPEEL<\/strong>| Masque"},"content":{"rendered":"<div class=\"desc\">\n<div class=\"text_desc\">\n<h4 style=\"text-align: center;width: 500px\">M\u00e9todo de aplicaci\u00f3n<\/h4>\n<p>MASCARILLA PEELING RESURFACING CORRECTORA DE LUMINOSIDAD. Tono apagado, textura irregular con imperfecciones, falta de luminosidad. Todo tipo de piel.\nAplicar sobre la piel seca, evitando el contorno de los ojos. Dejar actuar durante 15 minutos y luego enjuagar con agua.\nUtilizada de 1 a 2 veces por semana, RENEWPEEL Masque renueva y alisa el micro-relieve, restaura la luminosidad, unifica el tono, reduce la apariencia de las l\u00edneas finas y refina visiblemente la textura de la piel.<\/p>\n<h4 style=\"text-align: center;width: 500px\">Precauciones de uso<\/h4>\n<p>No usar en ni\u00f1os menores de 3 a\u00f1os. No aplicar sobre pieles irritadas. En caso de contacto con los ojos, enjuagar abundantemente con agua.<\/p>\n<\/div>\n<\/div>\n<div class=\"img_desc\"><\/div>","protected":false},"excerpt":{"rendered":"<h4 class=\"separacio-producte\"><strong>UNA MASCARILLA PEELING RESURFACING CORRECTORA DE LUMINOSIDAD.<\/strong><\/h4>\n<div class=\"ecart\"><\/div>\n<p>Expertos en peelings dermatol\u00f3gicos, hemos desarrollado nuestra tecnolog\u00eda en una formulaci\u00f3n en mascarilla radiante, exfoliante y retexturizante. Su efecto r\u00e1pido permite revitalizar y rellenar las pieles apagadas y fatigadas, alisar la textura irregular con imperfecciones, potenciar la luminosidad y redefinir una textura de piel ideal.<\/p>\n<h4 class=\"separacio-producte\">PRINCIPALES ACTIVOS<\/h4>\n<div class=\"ecart\"><\/div>\n<p>\u00c1cido glic\u00f3lico: Renovador cut\u00e1neo, exfoliante, renueva y alisa la epidermis.<\/p>\n<p>Isoflavonas de soja: Estimulan el sistema de reparaci\u00f3n natural de la piel y activan su capacidad de regeneraci\u00f3n.<\/p>","protected":false},"featured_media":13186,"template":"","meta":{"_acf_changed":false},"product_brand":[],"product_cat":[48,49],"product_tag":[74,69,84,100,101,102,109,108,79,76],"class_list":{"0":"post-6505","1":"product","2":"type-product","3":"status-publish","4":"has-post-thumbnail","6":"product_cat-02-reboost","7":"product_cat-renewpeel-02-reboost","8":"product_tag-des-rides","9":"product_tag-des-taches-brunes","10":"product_tag-jour-nuit","11":"product_tag-peaux-grasses","12":"product_tag-peaux-normales","13":"product_tag-peaux-seches","14":"product_tag-une-peau-de-fumeur","15":"product_tag-une-peau-menopausee","16":"product_tag-une-peau-sans-eclat","17":"product_tag-la-peau-terne","19":"first","20":"instock","21":"taxable","22":"shipping-taxable","23":"purchasable","24":"product-type-simple"},"acf":[],"_links":{"self":[{"href":"https:\/\/renophase.fr\/es\/wp-json\/wp\/v2\/product\/6505","targetHints":{"allow":["GET"]}}],"collection":[{"href":"https:\/\/renophase.fr\/es\/wp-json\/wp\/v2\/product"}],"about":[{"href":"https:\/\/renophase.fr\/es\/wp-json\/wp\/v2\/types\/product"}],"version-history":[{"count":0,"href":"https:\/\/renophase.fr\/es\/wp-json\/wp\/v2\/product\/6505\/revisions"}],"wp:featuredmedia":[{"embeddable":true,"href":"https:\/\/renophase.fr\/es\/wp-json\/wp\/v2\/media\/13186"}],"wp:attachment":[{"href":"https:\/\/renophase.fr\/es\/wp-json\/wp\/v2\/media?parent=6505"}],"wp:term":[{"taxonomy":"product_brand","embeddable":true,"href":"https:\/\/renophase.fr\/es\/wp-json\/wp\/v2\/product_brand?post=6505"},{"taxonomy":"product_cat","embeddable":true,"href":"https:\/\/renophase.fr\/es\/wp-json\/wp\/v2\/product_cat?post=6505"},{"taxonomy":"product_tag","embeddable":true,"href":"https:\/\/renophase.fr\/es\/wp-json\/wp\/v2\/product_tag?post=6505"}],"curies":[{"name":"wp","href":"https:\/\/api.w.org\/{rel}","templated":true}]}}