{"id":6515,"date":"2023-04-10T18:00:58","date_gmt":"2023-04-10T16:00:58","guid":{"rendered":"https:\/\/cosmetique.renophase.fr\/?post_type=product&#038;p=6515"},"modified":"2026-02-18T09:22:20","modified_gmt":"2026-02-18T08:22:20","slug":"repair-creme-l","status":"publish","type":"product","link":"https:\/\/renophase.fr\/es\/producto\/repair-creme-l\/","title":{"rendered":"<strong>REPAIR<\/strong>| Cr\u00e8me L"},"content":{"rendered":"<div class=\"desc\">\n<div class=\"text_desc\">\n<h4 style=\"text-align: center;width: 500px\">M\u00e9todo de aplicaci\u00f3n<\/h4>\n<p>PROTECCI\u00d3N DIARIA ANTIOXIDANTE DE ALTA RECUPERACI\u00d3N CUT\u00c1NEA. Protecci\u00f3n diaria para todos los fototipos. Aplicar REPAIR Cr\u00e8me L de 1 a 2 veces al d\u00eda seg\u00fan las necesidades de la piel, por la ma\u00f1ana y por la noche. Durante los dos d\u00edas posteriores a una intervenci\u00f3n, se recomienda renovar la aplicaci\u00f3n de 2 a 4 veces al d\u00eda, dependiendo del grado de irritaci\u00f3n cut\u00e1nea.<\/p>\n<\/div>\n<div class=\"img_desc\"><\/div>\n<\/div>","protected":false},"excerpt":{"rendered":"<h4 class=\"separacio-producte\"><strong>UNA PROTECCI\u00d3N DIARIA ANTIOXIDANTE DE ALTA RECUPERACI\u00d3N CUT\u00c1NEA.<\/strong><\/h4>\n<div class=\"ecart\"><\/div>\n<p>Recuperar la integridad de la piel implica actuar simult\u00e1neamente sobre la hidrataci\u00f3n, la reconstrucci\u00f3n epid\u00e9rmica y la protecci\u00f3n contra los da\u00f1os causados por los radicales libres. Concentrada en mad\u00e9cassoside, un poderoso antioxidante, esta formulaci\u00f3n bloquea el proceso de irritaci\u00f3n, calma y optimiza la capacidad natural de recuperaci\u00f3n cut\u00e1nea, ya sea despu\u00e9s de un procedimiento est\u00e9tico o tras una exposici\u00f3n solar.<\/p>\n<h4 class=\"separacio-producte\">PRINCIPALES ACTIVOS<\/h4>\n<div class=\"ecart\"><\/div>\n<p>MADECASSOSIDE : EXTRACTO PURO DE CENTELLA ASIATICA: Mejora la organizaci\u00f3n de la epidermis. Restablece el equilibrio h\u00eddrico y bloquea los radicales libres.<\/p>\n<p>\u00c1CIDO GLICIRRET\u00cdNICO: Reduce la inflamaci\u00f3n de la piel.<\/p>","protected":false},"featured_media":13178,"template":"","meta":{"_acf_changed":false},"product_brand":[],"product_cat":[51,52],"product_tag":[77,70,69,84,104,101,102,106,107],"class_list":{"0":"post-6515","1":"product","2":"type-product","3":"status-publish","4":"has-post-thumbnail","6":"product_cat-03-rebirth","7":"product_cat-repair","8":"product_tag-besoin-de-detoxifier-ma-peau","9":"product_tag-des-rougeurs","10":"product_tag-des-taches-brunes","11":"product_tag-jour-nuit","12":"product_tag-normale","13":"product_tag-peaux-normales","14":"product_tag-peaux-seches","15":"product_tag-seche","16":"product_tag-sensible","18":"first","19":"instock","20":"taxable","21":"shipping-taxable","22":"purchasable","23":"product-type-simple"},"acf":[],"_links":{"self":[{"href":"https:\/\/renophase.fr\/es\/wp-json\/wp\/v2\/product\/6515","targetHints":{"allow":["GET"]}}],"collection":[{"href":"https:\/\/renophase.fr\/es\/wp-json\/wp\/v2\/product"}],"about":[{"href":"https:\/\/renophase.fr\/es\/wp-json\/wp\/v2\/types\/product"}],"version-history":[{"count":0,"href":"https:\/\/renophase.fr\/es\/wp-json\/wp\/v2\/product\/6515\/revisions"}],"wp:featuredmedia":[{"embeddable":true,"href":"https:\/\/renophase.fr\/es\/wp-json\/wp\/v2\/media\/13178"}],"wp:attachment":[{"href":"https:\/\/renophase.fr\/es\/wp-json\/wp\/v2\/media?parent=6515"}],"wp:term":[{"taxonomy":"product_brand","embeddable":true,"href":"https:\/\/renophase.fr\/es\/wp-json\/wp\/v2\/product_brand?post=6515"},{"taxonomy":"product_cat","embeddable":true,"href":"https:\/\/renophase.fr\/es\/wp-json\/wp\/v2\/product_cat?post=6515"},{"taxonomy":"product_tag","embeddable":true,"href":"https:\/\/renophase.fr\/es\/wp-json\/wp\/v2\/product_tag?post=6515"}],"curies":[{"name":"wp","href":"https:\/\/api.w.org\/{rel}","templated":true}]}}