{"id":6522,"date":"2023-04-10T17:30:22","date_gmt":"2023-04-10T15:30:22","guid":{"rendered":"https:\/\/cosmetique.renophase.fr\/?post_type=product&#038;p=6522"},"modified":"2026-02-16T14:12:18","modified_gmt":"2026-02-16T13:12:18","slug":"nativ-serum","status":"publish","type":"product","link":"https:\/\/renophase.fr\/es\/producto\/nativ-serum\/","title":{"rendered":"<strong>NATIV<\/strong>| S\u00e9rum"},"content":{"rendered":"<div class=\"desc\">\n<div class=\"text_desc\">\n<h4 style=\"text-align: center;width: 500px\">M\u00e9todo de aplicaci\u00f3n<\/h4>\n<p>SUERO DEFINITIVO DE DESINTOXICACI\u00d3N Y REGENERACI\u00d3N. Signos de la edad y mejora de todo tipo de piel. Por la ma\u00f1ana o por la noche, aplicar el suero en el rostro y el cuello antes de cualquier otro producto. Usado diariamente, el NATIV S\u00e9rum reduce la profundidad de las arrugas, mejora la elasticidad, refuerza la firmeza y regula la producci\u00f3n de sebo. La piel renace luminosa.<\/p>\n<\/div>\n<\/div>","protected":false},"excerpt":{"rendered":"<h4 class=\"separacio-producte\"><strong>UN SUERO DEFINITIVO DE DESINTOXICACI\u00d3N Y REGENERACI\u00d3N.<\/strong><\/h4>\n<div class=\"ecart\"><\/div>\n<p>La piel se auto-regenera cada d\u00eda para mantener su juventud. Con el tiempo, su capacidad para eliminar eficazmente las toxinas disminuye, las c\u00e9lulas pierden energ\u00eda, lo que acelera la aparici\u00f3n de los signos de la edad. Para actuar sobre este proceso esencial, hemos formulado este potente tratamiento revitalizante. Reactiva el ciclo de transformaci\u00f3n de toxinas y libera la capacidad de reparaci\u00f3n de la piel, que renace.<\/p>\n<h4 class=\"separacio-producte\">PRINCIPALES ACTIVOS<\/h4>\n<div class=\"ecart\"><\/div>\n<p>HEXAP\u00c9PTIDO 60: Desintoxicante cut\u00e1neo.<\/p>\n<p>COMPLEJO \u00c1CIDO HIALUR\u00d3NICO: Aumenta la hidrataci\u00f3n, mejora la oxigenaci\u00f3n y rellena la piel.<\/p>","protected":false},"featured_media":13175,"template":"","meta":{"_acf_changed":false},"product_brand":[],"product_cat":[51,53],"product_tag":[77,114,74,70,84,104,100,101,102,106,107,75,108,79,110,76,83],"class_list":{"0":"post-6522","1":"product","2":"type-product","3":"status-publish","4":"has-post-thumbnail","6":"product_cat-03-rebirth","7":"product_cat-nativ","8":"product_tag-besoin-de-detoxifier-ma-peau","9":"product_tag-des-premieres-rides","10":"product_tag-des-rides","11":"product_tag-des-rougeurs","12":"product_tag-jour-nuit","13":"product_tag-normale","14":"product_tag-peaux-grasses","15":"product_tag-peaux-normales","16":"product_tag-peaux-seches","17":"product_tag-seche","18":"product_tag-sensible","19":"product_tag-un-relachement-cutane","20":"product_tag-une-peau-menopausee","21":"product_tag-une-peau-sans-eclat","22":"product_tag-une-peau-sensible","23":"product_tag-la-peau-terne","24":"product_tag-une-perte-delasticite-cutanee","26":"first","27":"instock","28":"taxable","29":"shipping-taxable","30":"purchasable","31":"product-type-simple"},"acf":[],"_links":{"self":[{"href":"https:\/\/renophase.fr\/es\/wp-json\/wp\/v2\/product\/6522","targetHints":{"allow":["GET"]}}],"collection":[{"href":"https:\/\/renophase.fr\/es\/wp-json\/wp\/v2\/product"}],"about":[{"href":"https:\/\/renophase.fr\/es\/wp-json\/wp\/v2\/types\/product"}],"version-history":[{"count":0,"href":"https:\/\/renophase.fr\/es\/wp-json\/wp\/v2\/product\/6522\/revisions"}],"wp:featuredmedia":[{"embeddable":true,"href":"https:\/\/renophase.fr\/es\/wp-json\/wp\/v2\/media\/13175"}],"wp:attachment":[{"href":"https:\/\/renophase.fr\/es\/wp-json\/wp\/v2\/media?parent=6522"}],"wp:term":[{"taxonomy":"product_brand","embeddable":true,"href":"https:\/\/renophase.fr\/es\/wp-json\/wp\/v2\/product_brand?post=6522"},{"taxonomy":"product_cat","embeddable":true,"href":"https:\/\/renophase.fr\/es\/wp-json\/wp\/v2\/product_cat?post=6522"},{"taxonomy":"product_tag","embeddable":true,"href":"https:\/\/renophase.fr\/es\/wp-json\/wp\/v2\/product_tag?post=6522"}],"curies":[{"name":"wp","href":"https:\/\/api.w.org\/{rel}","templated":true}]}}