{"id":7007,"date":"2023-04-10T14:30:06","date_gmt":"2023-04-10T12:30:06","guid":{"rendered":"https:\/\/cosmetique.renophase.fr\/?post_type=product&#038;p=7007"},"modified":"2026-01-14T12:05:21","modified_gmt":"2026-01-14T11:05:21","slug":"retinol-serum-copie","status":"publish","type":"product","link":"https:\/\/renophase.fr\/es\/producto\/retinol-serum-copie\/","title":{"rendered":"<strong>R\u00c9TINOL<\/strong>| (Ag) Cr\u00e8me"},"content":{"rendered":"<div class=\"desc\">\n<div class=\"text_desc\">\n<h4 style=\"text-align: center;width: 500px\">M\u00e9todo de aplicaci\u00f3n<\/h4>\n<p>CREMA RENOVADORA ALISANTE ANTI-ARRUGAS.\nArrugas, textura irregular. Pieles normales a secas. Por la noche, aplicar la crema sobre el rostro, cuello y escote, evitando el contorno de los ojos. Usada diariamente, RETINOL (AG) Cr\u00e8me alisa, suaviza visiblemente la textura y devuelve un tono uniforme y luminoso.<\/p>\n<h4 style=\"text-align: center;width: 500px\">Precauciones de uso<\/h4>\n<p>No usar en ni\u00f1os menores de 3 a\u00f1os. No aplicar sobre pieles irritadas. En caso de contacto con los ojos, enjuagar abundantemente con agua.<\/p>\n<\/div>\n<div class=\"img_desc\"><\/div>\n<\/div>","protected":false},"excerpt":{"rendered":"<h4 class=\"separacio-producte\"><strong>UNA CREMA RENOVADORA ALISANTE ANTI-ARRUGAS.<\/strong><\/h4>\n<div class=\"ecart\"><\/div>\n<p>Las arrugas aparecen alrededor de los 40 a\u00f1os y con el tiempo se acent\u00faan. Es la consecuencia de una estructura cut\u00e1nea menos densa. Para redensificar y consolidar la piel, hemos elaborado una f\u00f3rmula rica en retinol activo, un potente antiarrugas, asociado a un pentap\u00e9ptido reestructurante.<\/p>\n<h4 class=\"separacio-producte\">PRINCIPALES ACTIVOS<\/h4>\n<p>&nbsp;<\/p>\n<p>\u00c1CIDO GLIC\u00d3LICO: Renovador cut\u00e1neo, humectante, mejora la renovaci\u00f3n celular.<\/p>\n<p>PALMITATO DE RETINILO Y RETINOL: Dos formas activas de vitamina A, para estimular la renovaci\u00f3n epid\u00e9rmica y la s\u00edntesis de col\u00e1geno y regenerar suavemente la piel.<\/p>\n<p>PENTAPEPTIDE 4: Estimula la s\u00edntesis de fibras y mejora la estructura de la piel.<\/p>","protected":false},"featured_media":13154,"template":"","meta":{"_acf_changed":false},"product_brand":[],"product_cat":[54,55],"product_tag":[74,86,101,102],"class_list":{"0":"post-7007","1":"product","2":"type-product","3":"status-publish","4":"has-post-thumbnail","6":"product_cat-04-reveal","7":"product_cat-retinol","8":"product_tag-des-rides","9":"product_tag-nuit","10":"product_tag-peaux-normales","11":"product_tag-peaux-seches","13":"first","14":"instock","15":"taxable","16":"shipping-taxable","17":"purchasable","18":"product-type-simple"},"acf":[],"_links":{"self":[{"href":"https:\/\/renophase.fr\/es\/wp-json\/wp\/v2\/product\/7007","targetHints":{"allow":["GET"]}}],"collection":[{"href":"https:\/\/renophase.fr\/es\/wp-json\/wp\/v2\/product"}],"about":[{"href":"https:\/\/renophase.fr\/es\/wp-json\/wp\/v2\/types\/product"}],"version-history":[{"count":0,"href":"https:\/\/renophase.fr\/es\/wp-json\/wp\/v2\/product\/7007\/revisions"}],"wp:featuredmedia":[{"embeddable":true,"href":"https:\/\/renophase.fr\/es\/wp-json\/wp\/v2\/media\/13154"}],"wp:attachment":[{"href":"https:\/\/renophase.fr\/es\/wp-json\/wp\/v2\/media?parent=7007"}],"wp:term":[{"taxonomy":"product_brand","embeddable":true,"href":"https:\/\/renophase.fr\/es\/wp-json\/wp\/v2\/product_brand?post=7007"},{"taxonomy":"product_cat","embeddable":true,"href":"https:\/\/renophase.fr\/es\/wp-json\/wp\/v2\/product_cat?post=7007"},{"taxonomy":"product_tag","embeddable":true,"href":"https:\/\/renophase.fr\/es\/wp-json\/wp\/v2\/product_tag?post=7007"}],"curies":[{"name":"wp","href":"https:\/\/api.w.org\/{rel}","templated":true}]}}