{"id":7015,"date":"2023-04-10T14:00:24","date_gmt":"2023-04-10T12:00:24","guid":{"rendered":"https:\/\/cosmetique.renophase.fr\/?post_type=product&#038;p=7015"},"modified":"2026-01-14T11:41:46","modified_gmt":"2026-01-14T10:41:46","slug":"r-elastine-creme","status":"publish","type":"product","link":"https:\/\/renophase.fr\/es\/producto\/r-elastine-creme\/","title":{"rendered":"<strong>R-\u00c9LASTINE<\/strong>| Cr\u00e8me"},"content":{"rendered":"<div class=\"desc\">\n<div class=\"text_desc\">\n<h4 style=\"text-align: center;width: 500px\">M\u00e9todo de aplicaci\u00f3n<\/h4>\n<p>ANTI-EDAD GLOBAL: DENSIDAD TENSI\u00d3N DIN\u00c1MICA.\nPor la ma\u00f1ana o por la noche, aplicar la crema sobre el rostro, cuello y escote. Usada diariamente, R-\u00c9LASTINE Cr\u00e8me favorece la recuperaci\u00f3n de la tensi\u00f3n en tu rostro, que se redensifica y la calidad de la piel mejora visiblemente.<\/p>\n<\/div>\n<\/div>\n<div><\/div>\n<div><\/div>","protected":false},"excerpt":{"rendered":"<h4 class=\"separacio-producte\"><strong>UN CUIDADO ANTI-EDAD GLOBAL: DENSIDAD, TENSI\u00d3N DIN\u00c1MICA.<\/strong><\/h4>\n<div class=\"ecart\"><\/div>\n<p>A partir de los 45 a\u00f1os, la piel pierde gradualmente sus redes de fibras el\u00e1sticas, su materia disminuye y las arrugas se vuelven m\u00e1s visibles. Para responder a las necesidades de las pieles maduras o prematuramente envejecidas por exceso de sol, hemos formulado R-ELASTINA regenerativa, cuya acci\u00f3n \u00fanica amplifica la tasa de elastina que controla la flexibilidad, la din\u00e1mica y la solidez de la piel.<\/p>\n<p>&nbsp;<\/p>\n<h4 class=\"separacio-producte\">PRINCIPALES ACTIVOS<\/h4>\n<p>&nbsp;<\/p>\n<p>PENTAPEPTIDE 3: Reactiva la densificaci\u00f3n de las fibras de elastina y mejora significativamente la elasticidad de la piel.<\/p>\n<p>HEXAP\u00c9PTIDO 8: Act\u00faa sobre las microcontracciones del rostro. Minimiza la aparici\u00f3n de l\u00edneas de expresi\u00f3n y ayuda a restaurar la piel relajada.<\/p>","protected":false},"featured_media":13150,"template":"","meta":{"_acf_changed":false},"product_brand":[],"product_cat":[54,56],"product_tag":[74,84,101,102,83],"class_list":{"0":"post-7015","1":"product","2":"type-product","3":"status-publish","4":"has-post-thumbnail","6":"product_cat-04-reveal","7":"product_cat-r-elastine","8":"product_tag-des-rides","9":"product_tag-jour-nuit","10":"product_tag-peaux-normales","11":"product_tag-peaux-seches","12":"product_tag-une-perte-delasticite-cutanee","14":"first","15":"instock","16":"taxable","17":"shipping-taxable","18":"purchasable","19":"product-type-simple"},"acf":[],"_links":{"self":[{"href":"https:\/\/renophase.fr\/es\/wp-json\/wp\/v2\/product\/7015","targetHints":{"allow":["GET"]}}],"collection":[{"href":"https:\/\/renophase.fr\/es\/wp-json\/wp\/v2\/product"}],"about":[{"href":"https:\/\/renophase.fr\/es\/wp-json\/wp\/v2\/types\/product"}],"version-history":[{"count":0,"href":"https:\/\/renophase.fr\/es\/wp-json\/wp\/v2\/product\/7015\/revisions"}],"wp:featuredmedia":[{"embeddable":true,"href":"https:\/\/renophase.fr\/es\/wp-json\/wp\/v2\/media\/13150"}],"wp:attachment":[{"href":"https:\/\/renophase.fr\/es\/wp-json\/wp\/v2\/media?parent=7015"}],"wp:term":[{"taxonomy":"product_brand","embeddable":true,"href":"https:\/\/renophase.fr\/es\/wp-json\/wp\/v2\/product_brand?post=7015"},{"taxonomy":"product_cat","embeddable":true,"href":"https:\/\/renophase.fr\/es\/wp-json\/wp\/v2\/product_cat?post=7015"},{"taxonomy":"product_tag","embeddable":true,"href":"https:\/\/renophase.fr\/es\/wp-json\/wp\/v2\/product_tag?post=7015"}],"curies":[{"name":"wp","href":"https:\/\/api.w.org\/{rel}","templated":true}]}}