{"id":7034,"date":"2023-04-10T15:30:35","date_gmt":"2023-04-10T13:30:35","guid":{"rendered":"https:\/\/cosmetique.renophase.fr\/?post_type=product&#038;p=7034"},"modified":"2026-01-14T12:05:59","modified_gmt":"2026-01-14T11:05:59","slug":"revitalisation-hyal-creme","status":"publish","type":"product","link":"https:\/\/renophase.fr\/es\/producto\/revitalisation-hyal-creme\/","title":{"rendered":"<strong>REVITALISATION<\/strong>| Hyal Cr\u00e8me"},"content":{"rendered":"<div class=\"desc\">\n<div class=\"text_desc\">\n<h4 style=\"text-align: center;width: 500px\">M\u00e9todo de aplicaci\u00f3n<\/h4>\n<p>CREMA ILUMINADORA HIDRATANTE REPULPANTE. L\u00edneas finas, primeras arrugas, deshidrataci\u00f3n. Pieles normales a secas. Por la ma\u00f1ana o por la noche, aplicar la crema sobre el rostro, cuello y escote. Usada diariamente, REVITALISATION HYAL Cr\u00e8me revela una nueva piel fresca y retexturizada.<\/p>\n<\/div>\n<\/div>\n<div><\/div>\n<div><\/div>","protected":false},"excerpt":{"rendered":"<h4 class=\"separacio-producte\"><strong>UNA CREMA ILUMINADORA HIDRATANTE REPULPANTE.<\/strong><\/h4>\n<div class=\"ecart\"><\/div>\n<p>A partir de los 30 a\u00f1os, se comienzan a ver las primeras arrugas, el rostro se marca un poco m\u00e1s despu\u00e9s de una noche corta... \u00a1Es hora de proteger las c\u00e9lulas! Para preservar la juventud de tu piel, hemos desarrollado este tratamiento hidratante, repulpante y antioxidante, muy concentrado en \u00e1cido hialur\u00f3nico fragmentado.<\/p>\n<p>&nbsp;<\/p>\n<h4 class=\"separacio-producte\">PRINCIPALES ACTIVOS<\/h4>\n<p>&nbsp;<\/p>\n<p>COMPLEJO DE \u00c1CIDOS HIALUR\u00d3NICOS: Combinaci\u00f3n sin\u00e9rgica de varios \u00e1cidos hialur\u00f3nicos para restaurar la hidrataci\u00f3n activa, aumentar el volumen, reducir la profundidad de las arrugas y restaurar una piel flexible, luminosa y visiblemente rellena.<\/p>\n<p>CER\u00c1MIDAS: Refuerzan la barrera cut\u00e1nea aumentando la cohesi\u00f3n celular y regulando la p\u00e9rdida de agua.<\/p>","protected":false},"featured_media":13161,"template":"","meta":{"_acf_changed":false},"product_brand":[],"product_cat":[54,58],"product_tag":[114,84,101,102,108,79,76],"class_list":{"0":"post-7034","1":"product","2":"type-product","3":"status-publish","4":"has-post-thumbnail","6":"product_cat-04-reveal","7":"product_cat-revitalisation","8":"product_tag-des-premieres-rides","9":"product_tag-jour-nuit","10":"product_tag-peaux-normales","11":"product_tag-peaux-seches","12":"product_tag-une-peau-menopausee","13":"product_tag-une-peau-sans-eclat","14":"product_tag-la-peau-terne","16":"first","17":"instock","18":"taxable","19":"shipping-taxable","20":"purchasable","21":"product-type-simple"},"acf":[],"_links":{"self":[{"href":"https:\/\/renophase.fr\/es\/wp-json\/wp\/v2\/product\/7034","targetHints":{"allow":["GET"]}}],"collection":[{"href":"https:\/\/renophase.fr\/es\/wp-json\/wp\/v2\/product"}],"about":[{"href":"https:\/\/renophase.fr\/es\/wp-json\/wp\/v2\/types\/product"}],"version-history":[{"count":0,"href":"https:\/\/renophase.fr\/es\/wp-json\/wp\/v2\/product\/7034\/revisions"}],"wp:featuredmedia":[{"embeddable":true,"href":"https:\/\/renophase.fr\/es\/wp-json\/wp\/v2\/media\/13161"}],"wp:attachment":[{"href":"https:\/\/renophase.fr\/es\/wp-json\/wp\/v2\/media?parent=7034"}],"wp:term":[{"taxonomy":"product_brand","embeddable":true,"href":"https:\/\/renophase.fr\/es\/wp-json\/wp\/v2\/product_brand?post=7034"},{"taxonomy":"product_cat","embeddable":true,"href":"https:\/\/renophase.fr\/es\/wp-json\/wp\/v2\/product_cat?post=7034"},{"taxonomy":"product_tag","embeddable":true,"href":"https:\/\/renophase.fr\/es\/wp-json\/wp\/v2\/product_tag?post=7034"}],"curies":[{"name":"wp","href":"https:\/\/api.w.org\/{rel}","templated":true}]}}