{"id":7040,"date":"2023-04-10T16:30:36","date_gmt":"2023-04-10T14:30:36","guid":{"rendered":"https:\/\/cosmetique.renophase.fr\/?post_type=product&#038;p=7040"},"modified":"2026-01-14T12:08:06","modified_gmt":"2026-01-14T11:08:06","slug":"skinbiotic-fluide","status":"publish","type":"product","link":"https:\/\/renophase.fr\/es\/producto\/skinbiotic-fluide\/","title":{"rendered":"<strong>SKINBIOTIC<\/strong>| Fluide"},"content":{"rendered":"<div class=\"desc\">\n<div class=\"text_desc\">\n<h4 style=\"text-align: center;width: 500px\">M\u00e9todo de aplicaci\u00f3n<\/h4>\n<p>FLUIDO CALMANTE Y PROTECTOR DE ALTA TOLERANCIA. Pieles intolerantes, reactivas sensibilizadas. Todo tipo de pieles. Por la ma\u00f1ana o por la noche, aplicar el fluido sobre el rostro. Usado diariamente, SKINBIOTIC Fluide disminuye progresivamente la sensibilidad de la piel y los signos de irritaci\u00f3n al estimular sus defensas naturales.<\/p>\n<\/div>\n<\/div>\n<div><\/div>\n<div><\/div>","protected":false},"excerpt":{"rendered":"<h4 class=\"separacio-producte\"><strong>UN FLUIDO CALMANTE Y PROTECTOR DE ALTA TOLERANCIA<\/strong><\/h4>\n<div class=\"ecart\"><\/div>\n<p>La reactividad de una piel intolerante es m\u00e1s pronunciada debido a que su capacidad de autoprotecci\u00f3n est\u00e1 disminuida. Para reforzar su defensa natural y aumentar su capacidad de resistencia al estr\u00e9s ambiental, hemos formulado SKINBIOTIC Fluide. Altamente concentrado en postbi\u00f3ticos cut\u00e1neos, reequilibra el microbioma y las pieles sensibilizadas.<\/p>\n<p>&nbsp;<\/p>\n<h4 class=\"separacio-producte\">PRINCIPALES ACTIVOS<\/h4>\n<p>&nbsp;<\/p>\n<p>LIPOAMINOACIDOS: Fuente natural de \u00e1cidos grasos esenciales, mejora las membranas celulares, regenera y refuerza la pel\u00edcula hidrolip\u00eddica natural de la piel y reduce su sensibilidad.<\/p>\n<p>FERMENT BIFIDUS: LACTOBIFIDUS: Los postbi\u00f3ticos cut\u00e1neos aumentan las defensas de la piel, la protegen y reducen su reactividad.<\/p>","protected":false},"featured_media":13172,"template":"","meta":{"_acf_changed":false},"product_brand":[],"product_cat":[54,59],"product_tag":[68,70,84,100,101,102,110],"class_list":{"0":"post-7040","1":"product","2":"type-product","3":"status-publish","4":"has-post-thumbnail","6":"product_cat-04-reveal","7":"product_cat-skinbiotic","8":"product_tag-de-lacne","9":"product_tag-des-rougeurs","10":"product_tag-jour-nuit","11":"product_tag-peaux-grasses","12":"product_tag-peaux-normales","13":"product_tag-peaux-seches","14":"product_tag-une-peau-sensible","16":"first","17":"instock","18":"taxable","19":"shipping-taxable","20":"purchasable","21":"product-type-simple"},"acf":[],"_links":{"self":[{"href":"https:\/\/renophase.fr\/es\/wp-json\/wp\/v2\/product\/7040","targetHints":{"allow":["GET"]}}],"collection":[{"href":"https:\/\/renophase.fr\/es\/wp-json\/wp\/v2\/product"}],"about":[{"href":"https:\/\/renophase.fr\/es\/wp-json\/wp\/v2\/types\/product"}],"version-history":[{"count":0,"href":"https:\/\/renophase.fr\/es\/wp-json\/wp\/v2\/product\/7040\/revisions"}],"wp:featuredmedia":[{"embeddable":true,"href":"https:\/\/renophase.fr\/es\/wp-json\/wp\/v2\/media\/13172"}],"wp:attachment":[{"href":"https:\/\/renophase.fr\/es\/wp-json\/wp\/v2\/media?parent=7040"}],"wp:term":[{"taxonomy":"product_brand","embeddable":true,"href":"https:\/\/renophase.fr\/es\/wp-json\/wp\/v2\/product_brand?post=7040"},{"taxonomy":"product_cat","embeddable":true,"href":"https:\/\/renophase.fr\/es\/wp-json\/wp\/v2\/product_cat?post=7040"},{"taxonomy":"product_tag","embeddable":true,"href":"https:\/\/renophase.fr\/es\/wp-json\/wp\/v2\/product_tag?post=7040"}],"curies":[{"name":"wp","href":"https:\/\/api.w.org\/{rel}","templated":true}]}}