{"id":7048,"date":"2023-04-10T16:00:10","date_gmt":"2023-04-10T14:00:10","guid":{"rendered":"https:\/\/cosmetique.renophase.fr\/?post_type=product&#038;p=7048"},"modified":"2026-02-16T14:19:05","modified_gmt":"2026-02-16T13:19:05","slug":"renewpure-emulsion","status":"publish","type":"product","link":"https:\/\/renophase.fr\/es\/producto\/renewpure-emulsion\/","title":{"rendered":"<strong>RENEWPURE<\/strong>| \u00c9mulsion"},"content":{"rendered":"<div class=\"desc\">\n<div class=\"text_desc\">\n<h4 style=\"text-align: center;width: 500px\">M\u00e9todo de aplicaci\u00f3n<\/h4>\n<p>EMULSI\u00d3N EXFOLIANTE ANTIOXIDANTE ANTI-IMPERFECCIONES. Imperfecciones pronunciadas. Pieles normales, mixtas a muy grasas. Por la ma\u00f1ana o por la noche, aplicar la emulsi\u00f3n sobre el rostro, evitando el contorno de los ojos. No enjuagar. Usada diariamente, RENEWPURE \u00c9mulsion regula la producci\u00f3n de sebo, alisa las irregularidades y renueva el resplandor de la piel.\nPrecauciones de uso<\/p>\n<div class=\"ecart\">\n<h4 style=\"text-align: center;width: 500px\">Precauciones de uso<\/h4>\n<p>No usar en ni\u00f1os menores de 3 a\u00f1os. No aplicar sobre pieles irritadas. En caso de contacto con los ojos, enjuagar abundantemente con agua.<\/p>\n<h4 style=\"text-align: center;width: 500px\"><\/h4>\n<\/div>\n<\/div>\n<\/div>","protected":false},"excerpt":{"rendered":"<h4 class=\"separacio-producte\"><strong>UNA EMULSI\u00d3N EXFOLIANTE ANTIOXIDANTE ANTI-IMPERFECCIONES.<\/strong><\/h4>\n<div class=\"ecart\"><\/div>\n<p>Cuidar una piel con imperfecciones pronunciadas implica actuar sobre varios componentes: liberar los poros, regular la producci\u00f3n de sebo y la proliferaci\u00f3n bacteriana. Por eso, hemos desarrollado una f\u00f3rmula anti-imperfecciones que estimula la renovaci\u00f3n celular, exfolia y purifica la epidermis para recuperar el resplandor de una piel saludable.<\/p>\n<p>&nbsp;<\/p>\n<h4 class=\"separacio-producte\">PRINCIPALES ACTIVOS<\/h4>\n<p>&nbsp;<\/p>\n<p>\u00c1CIDO GLIC\u00d3LICO: Su acci\u00f3n exfoliante ayuda a liberar los poros y a afinar la capa c\u00f3rnea engrosada.<\/p>\n<p>ZINC PCA: Agente antibacteriano y regulador de la secreci\u00f3n seb\u00e1cea.<\/p>","protected":false},"featured_media":13165,"template":"","meta":{"_acf_changed":false},"product_brand":[],"product_cat":[54,60],"product_tag":[68,86,100],"class_list":{"0":"post-7048","1":"product","2":"type-product","3":"status-publish","4":"has-post-thumbnail","6":"product_cat-04-reveal","7":"product_cat-renewpure","8":"product_tag-de-lacne","9":"product_tag-nuit","10":"product_tag-peaux-grasses","12":"first","13":"instock","14":"taxable","15":"shipping-taxable","16":"purchasable","17":"product-type-simple"},"acf":[],"_links":{"self":[{"href":"https:\/\/renophase.fr\/es\/wp-json\/wp\/v2\/product\/7048","targetHints":{"allow":["GET"]}}],"collection":[{"href":"https:\/\/renophase.fr\/es\/wp-json\/wp\/v2\/product"}],"about":[{"href":"https:\/\/renophase.fr\/es\/wp-json\/wp\/v2\/types\/product"}],"version-history":[{"count":0,"href":"https:\/\/renophase.fr\/es\/wp-json\/wp\/v2\/product\/7048\/revisions"}],"wp:featuredmedia":[{"embeddable":true,"href":"https:\/\/renophase.fr\/es\/wp-json\/wp\/v2\/media\/13165"}],"wp:attachment":[{"href":"https:\/\/renophase.fr\/es\/wp-json\/wp\/v2\/media?parent=7048"}],"wp:term":[{"taxonomy":"product_brand","embeddable":true,"href":"https:\/\/renophase.fr\/es\/wp-json\/wp\/v2\/product_brand?post=7048"},{"taxonomy":"product_cat","embeddable":true,"href":"https:\/\/renophase.fr\/es\/wp-json\/wp\/v2\/product_cat?post=7048"},{"taxonomy":"product_tag","embeddable":true,"href":"https:\/\/renophase.fr\/es\/wp-json\/wp\/v2\/product_tag?post=7048"}],"curies":[{"name":"wp","href":"https:\/\/api.w.org\/{rel}","templated":true}]}}