{"id":7060,"date":"2023-04-10T15:00:59","date_gmt":"2023-04-10T13:00:59","guid":{"rendered":"https:\/\/cosmetique.renophase.fr\/?post_type=product&#038;p=7060"},"modified":"2026-01-14T11:32:49","modified_gmt":"2026-01-14T10:32:49","slug":"h-comblement-creme","status":"publish","type":"product","link":"https:\/\/renophase.fr\/es\/producto\/h-comblement-creme\/","title":{"rendered":"<strong>H+ COMBLEMENT<\/strong>| Cr\u00e8me"},"content":{"rendered":"<div class=\"desc\">\n<div class=\"text_desc\">\n<h4 style=\"text-align: center;width: 500px\">M\u00e9todo de aplicaci\u00f3n<\/h4>\n<p>CREMA REDENSIFICANTE ANTI-ARRUGAS VOLUMEN. P\u00e9rdida de volumen, pieles menop\u00e1usicas, estresadas o de fumadores. Pieles normales a secas. Preferentemente por la ma\u00f1ana, aplicar la crema uniformemente sobre el rostro, cuello y escote. Usada diariamente, H+ COMBLEMENT Cr\u00e8me permite recuperar una textura densificada, jugosa, hidratada y reducir la profundidad de las arrugas.<\/p>\n<\/div>\n<\/div>\n<div><\/div>","protected":false},"excerpt":{"rendered":"<h4 class=\"separacio-producte\"><strong>UNA CREMA REDENSIFICANTE ANTI-ARRUGAS VOLUMEN.<\/strong><\/h4>\n<div class=\"ecart\"><\/div>\n<p>La menopausia provoca un cambio hormonal que conlleva transformaciones biol\u00f3gicas. La piel pierde volumen y luminosidad, se vuelve m\u00e1s fina, seca, marcada y muestra signos de fatiga. Para contrarrestar estos efectos, hemos desarrollado un tratamiento capaz de compensarlos movilizando la energ\u00eda y vitalidad del tejido cut\u00e1neo. Tu piel experimenta un nuevo comienzo.<\/p>\n<p>&nbsp;<\/p>\n<h4 class=\"separacio-producte\">PRINCIPALES ACTIVOS<\/h4>\n<p>&nbsp;<\/p>\n<p>ISOFLAVONAS DE SOJA: Estimulan el sistema natural de reparaci\u00f3n de la piel y activan su capacidad de regeneraci\u00f3n.<\/p>\n<p>GALACTOSIL FRUCTOSA: Mejora significativamente la hidrataci\u00f3n de las diferentes capas de la piel.<\/p>","protected":false},"featured_media":13158,"template":"","meta":{"_acf_changed":false},"product_brand":[],"product_cat":[54,62],"product_tag":[84,102,108],"class_list":{"0":"post-7060","1":"product","2":"type-product","3":"status-publish","4":"has-post-thumbnail","6":"product_cat-04-reveal","7":"product_cat-h-comblement","8":"product_tag-jour-nuit","9":"product_tag-peaux-seches","10":"product_tag-une-peau-menopausee","12":"first","13":"instock","14":"taxable","15":"shipping-taxable","16":"purchasable","17":"product-type-simple"},"acf":[],"_links":{"self":[{"href":"https:\/\/renophase.fr\/es\/wp-json\/wp\/v2\/product\/7060","targetHints":{"allow":["GET"]}}],"collection":[{"href":"https:\/\/renophase.fr\/es\/wp-json\/wp\/v2\/product"}],"about":[{"href":"https:\/\/renophase.fr\/es\/wp-json\/wp\/v2\/types\/product"}],"version-history":[{"count":0,"href":"https:\/\/renophase.fr\/es\/wp-json\/wp\/v2\/product\/7060\/revisions"}],"wp:featuredmedia":[{"embeddable":true,"href":"https:\/\/renophase.fr\/es\/wp-json\/wp\/v2\/media\/13158"}],"wp:attachment":[{"href":"https:\/\/renophase.fr\/es\/wp-json\/wp\/v2\/media?parent=7060"}],"wp:term":[{"taxonomy":"product_brand","embeddable":true,"href":"https:\/\/renophase.fr\/es\/wp-json\/wp\/v2\/product_brand?post=7060"},{"taxonomy":"product_cat","embeddable":true,"href":"https:\/\/renophase.fr\/es\/wp-json\/wp\/v2\/product_cat?post=7060"},{"taxonomy":"product_tag","embeddable":true,"href":"https:\/\/renophase.fr\/es\/wp-json\/wp\/v2\/product_tag?post=7060"}],"curies":[{"name":"wp","href":"https:\/\/api.w.org\/{rel}","templated":true}]}}