{"id":7079,"date":"2023-04-10T13:00:58","date_gmt":"2023-04-10T11:00:58","guid":{"rendered":"https:\/\/cosmetique.renophase.fr\/?post_type=product&#038;p=7079"},"modified":"2026-01-14T11:41:00","modified_gmt":"2026-01-14T10:41:00","slug":"eye-c-creme","status":"publish","type":"product","link":"https:\/\/renophase.fr\/es\/producto\/eye-c-creme\/","title":{"rendered":"<strong>NEWSKIN<\/strong>| Cr\u00e8me Riche"},"content":{"rendered":"<div class=\"desc\">\n<div class=\"text_desc\">\n<h4 style=\"text-align: center;width: 500px\">M\u00e9todo de aplicaci\u00f3n<\/h4>\n<p>CREMA ALISADORA ANTI-EDAD PARA PIELES SENSIBLES.\nArrugas, p\u00e9rdida de elasticidad y densidad. Pieles sensibles, normales a secas. Por la noche, aplicar la crema en el rostro, el cuello y el escote. Usada diariamente, la NEWSKIN Cr\u00e8me Riche revela una piel renovada, incre\u00edblemente suave al tacto, m\u00e1s firme, m\u00e1s hermosa y profundamente hidratada.<\/p>\n<\/div>\n<\/div>\n<div><\/div>","protected":false},"excerpt":{"rendered":"<h4 class=\"separacio-producte\"><strong>UNA CREMA ALISANTE Y RADIANTE ANTI-ENVEJECIMIENTO PARA PIEL SENSIBLE.<\/strong><\/h4>\n<div class=\"ecart\"><\/div>\n<p>Para corregir los signos del envejecimiento en una piel sensibilizada, es esencial exfoliar suavemente, restructurar la barrera cut\u00e1nea, reforzar las fibras el\u00e1sticas, estimular la producci\u00f3n de col\u00e1geno y aumentar las reservas de agua. Conscientes de estos desaf\u00edos, hemos formulado un tratamiento retexturizante y redensificante de alta tolerancia.<\/p>\n<p>&nbsp;<\/p>\n<h4 class=\"separacio-producte\">PRINCIPALES ACTIVOS<\/h4>\n<p>&nbsp;<\/p>\n<p>GLUCONOLACTONA: Mol\u00e9cula natural, emoliente, antioxidante, mejora la funci\u00f3n barrera de la epidermis para una piel muy suave e hidratada.<\/p>\n<p>LACTOPEPTIDOS: Activos regeneradores de la piel que inducen la producci\u00f3n de col\u00e1geno y \u00e1cido hialur\u00f3nico.<\/p>","protected":false},"featured_media":13147,"template":"","meta":{"_acf_changed":false},"product_brand":[],"product_cat":[54,65],"product_tag":[114,74,84,102,110,83],"class_list":{"0":"post-7079","1":"product","2":"type-product","3":"status-publish","4":"has-post-thumbnail","6":"product_cat-04-reveal","7":"product_cat-newskin-04-reveal","8":"product_tag-des-premieres-rides","9":"product_tag-des-rides","10":"product_tag-jour-nuit","11":"product_tag-peaux-seches","12":"product_tag-une-peau-sensible","13":"product_tag-une-perte-delasticite-cutanee","15":"first","16":"instock","17":"taxable","18":"shipping-taxable","19":"purchasable","20":"product-type-simple"},"acf":[],"_links":{"self":[{"href":"https:\/\/renophase.fr\/es\/wp-json\/wp\/v2\/product\/7079","targetHints":{"allow":["GET"]}}],"collection":[{"href":"https:\/\/renophase.fr\/es\/wp-json\/wp\/v2\/product"}],"about":[{"href":"https:\/\/renophase.fr\/es\/wp-json\/wp\/v2\/types\/product"}],"version-history":[{"count":0,"href":"https:\/\/renophase.fr\/es\/wp-json\/wp\/v2\/product\/7079\/revisions"}],"wp:featuredmedia":[{"embeddable":true,"href":"https:\/\/renophase.fr\/es\/wp-json\/wp\/v2\/media\/13147"}],"wp:attachment":[{"href":"https:\/\/renophase.fr\/es\/wp-json\/wp\/v2\/media?parent=7079"}],"wp:term":[{"taxonomy":"product_brand","embeddable":true,"href":"https:\/\/renophase.fr\/es\/wp-json\/wp\/v2\/product_brand?post=7079"},{"taxonomy":"product_cat","embeddable":true,"href":"https:\/\/renophase.fr\/es\/wp-json\/wp\/v2\/product_cat?post=7079"},{"taxonomy":"product_tag","embeddable":true,"href":"https:\/\/renophase.fr\/es\/wp-json\/wp\/v2\/product_tag?post=7079"}],"curies":[{"name":"wp","href":"https:\/\/api.w.org\/{rel}","templated":true}]}}