{"id":7091,"date":"2023-04-10T11:30:43","date_gmt":"2023-04-10T09:30:43","guid":{"rendered":"https:\/\/cosmetique.renophase.fr\/?post_type=product&#038;p=7091"},"modified":"2026-02-16T15:14:58","modified_gmt":"2026-02-16T14:14:58","slug":"newskin-creme-riche-copie","status":"publish","type":"product","link":"https:\/\/renophase.fr\/es\/producto\/newskin-creme-riche-copie\/","title":{"rendered":"<strong>EYE C<\/strong>| Cr\u00e8me"},"content":{"rendered":"<div class=\"desc\">\n<div class=\"text_desc\">\n<h4 style=\"text-align: center;width: 500px\">M\u00e9todo de aplicaci\u00f3n<\/h4>\n<p>CREMA REVITALIZANTE ANTIOXIDANTE ANTIARRUGAS PARA EL CONTORNO DE OJOS.\nArrugas y l\u00edneas de expresi\u00f3n en el contorno de los ojos.\nUtilizada diariamente, EYE C Crema alisa, tonifica e ilumina la delicada zona del contorno de los ojos.<\/p>\n<div class=\"ecart\">\n<h4 style=\"text-align: center;width: 500px\">Precauciones de uso<\/h4>\n<p>No usar en ni\u00f1os menores de 3 a\u00f1os. No aplicar sobre pieles irritadas. En caso de contacto con los ojos, enjuagar abundantemente con agua.<\/p>\n<h4 style=\"text-align: center;width: 500px\"><\/h4>\n<\/div>\n<\/div>\n<\/div>","protected":false},"excerpt":{"rendered":"<h4 class=\"separacio-producte\"><strong>UNA CREMA REVITALIZANTE Y ANTIARRUGAS PARA EL CONTORNO DE OJOS.<\/strong><\/h4>\n<div class=\"ecart\"><\/div>\n<p>Los radicales libres presentes en exceso en la piel causan la ruptura de las fibras de soporte y ralentizan las funciones vitales. La zona del contorno de los ojos, m\u00e1s fina, es m\u00e1s propensa a la aparici\u00f3n de arrugas de expresi\u00f3n que marcan la mirada. Para remediar estos desequilibrios, hemos desarrollado este tratamiento, concentrado en \u00e1cido glic\u00f3lico antioxidante alisante y en provitamina C revitalizante y antiarrugas.<\/p>\n<p>&nbsp;<\/p>\n<h4 class=\"separacio-producte\">PRINCIPALES ACTIVOS<\/h4>\n<p>&nbsp;<\/p>\n<p>\u00c1CIDO GLIC\u00d3LICO: Agente de renovaci\u00f3n cut\u00e1nea, suaviza la piel.<\/p>\n<p>FOSFATO ASCORB\u00cdLICO DE MAGNESIO: Forma estable y biodisponible de un precursor de la vitamina C que protege la piel del estr\u00e9s medioambiental.<\/p>","protected":false},"featured_media":13143,"template":"","meta":{"_acf_changed":false},"product_brand":[],"product_cat":[54,64],"product_tag":[74,85,100,101,102],"class_list":{"0":"post-7091","1":"product","2":"type-product","3":"status-publish","4":"has-post-thumbnail","6":"product_cat-04-reveal","7":"product_cat-eye-c","8":"product_tag-des-rides","9":"product_tag-jour","10":"product_tag-peaux-grasses","11":"product_tag-peaux-normales","12":"product_tag-peaux-seches","14":"first","15":"instock","16":"taxable","17":"shipping-taxable","18":"purchasable","19":"product-type-simple"},"acf":[],"_links":{"self":[{"href":"https:\/\/renophase.fr\/es\/wp-json\/wp\/v2\/product\/7091","targetHints":{"allow":["GET"]}}],"collection":[{"href":"https:\/\/renophase.fr\/es\/wp-json\/wp\/v2\/product"}],"about":[{"href":"https:\/\/renophase.fr\/es\/wp-json\/wp\/v2\/types\/product"}],"version-history":[{"count":0,"href":"https:\/\/renophase.fr\/es\/wp-json\/wp\/v2\/product\/7091\/revisions"}],"wp:featuredmedia":[{"embeddable":true,"href":"https:\/\/renophase.fr\/es\/wp-json\/wp\/v2\/media\/13143"}],"wp:attachment":[{"href":"https:\/\/renophase.fr\/es\/wp-json\/wp\/v2\/media?parent=7091"}],"wp:term":[{"taxonomy":"product_brand","embeddable":true,"href":"https:\/\/renophase.fr\/es\/wp-json\/wp\/v2\/product_brand?post=7091"},{"taxonomy":"product_cat","embeddable":true,"href":"https:\/\/renophase.fr\/es\/wp-json\/wp\/v2\/product_cat?post=7091"},{"taxonomy":"product_tag","embeddable":true,"href":"https:\/\/renophase.fr\/es\/wp-json\/wp\/v2\/product_tag?post=7091"}],"curies":[{"name":"wp","href":"https:\/\/api.w.org\/{rel}","templated":true}]}}