{"id":7425,"date":"2023-04-10T08:30:37","date_gmt":"2023-04-10T06:30:37","guid":{"rendered":"https:\/\/cosmetique.renophase.fr\/?post_type=product&#038;p=7425"},"modified":"2026-01-14T11:38:44","modified_gmt":"2026-01-14T10:38:44","slug":"neck-smoothing","status":"publish","type":"product","link":"https:\/\/renophase.fr\/es\/producto\/neck-smoothing\/","title":{"rendered":"<strong>NECK<\/strong>| Smoothing"},"content":{"rendered":"<div class=\"desc\">\n<div class=\"text_desc\">\n<h4 style=\"text-align: center;width: 500px\">M\u00e9todo de aplicaci\u00f3n<\/h4>\n<p>Aplicar dos o tres veces por semana si se tolera bien. Si la piel es gruesa, no est\u00e1 irritada ni es sensible, Neck Smoothing puede aplicarse durante la noche, una o dos veces por semana.<\/p>\n<h4 style=\"text-align: center;width: 500px\">Precauciones de uso<\/h4>\n<p>No aplicar sobre pieles sensibles.<\/p>\n<\/div>\n<\/div>","protected":false},"excerpt":{"rendered":"<h4 class=\"separacio-producte\"><strong>CREMA PEELING DE RENOVACI\u00d3N CUT\u00c1NEA. ZONA DEL CUELLO<\/strong><\/h4>\n<div class=\"ecart\"><\/div>\n<p>Tendemos a cuidar mucho m\u00e1s nuestro rostro que nuestro cuello. Esta zona sensible y fr\u00e1gil se marca m\u00e1s r\u00e1pidamente con el tiempo. Se engruesa, se arruga, pierde tensi\u00f3n y luminosidad. La crema peeling Retargeting es una formulaci\u00f3n \u00fanica en su dise\u00f1o. Aplicada por la noche, transforma la textura, alisa las irregularidades y deja la piel extremadamente suave. Es el efecto de la longevidad celular, la clave de la juventud de la piel.<\/p>\n<p>&nbsp;<\/p>\n<h4 class=\"separacio-producte\">PRINCIPALES ACTIVOS<\/h4>\n<p>&nbsp;<\/p>\n<p>GLUCONOLACTONA: Mol\u00e9cula natural que induce la exfoliaci\u00f3n y restaura el ciclo natural de renovaci\u00f3n celular de la piel, a la vez que proporciona una hidrataci\u00f3n \u00f3ptima.<\/p>\n<p>SOJA ISOFLAVONES: Potentes antioxidantes, protegen la piel del estr\u00e9s medioambiental y, por tanto, del proceso inflamatorio que causa el envejecimiento. Estos activos naturales regeneran la piel.<\/p>","protected":false},"featured_media":13234,"template":"","meta":{"_acf_changed":false},"product_brand":[],"product_cat":[72,71],"product_tag":[86,101,102,81],"class_list":{"0":"post-7425","1":"product","2":"type-product","3":"status-publish","4":"has-post-thumbnail","6":"product_cat-neck","7":"product_cat-retargeting","8":"product_tag-nuit","9":"product_tag-peaux-normales","10":"product_tag-peaux-seches","11":"product_tag-un-cou-ride","13":"first","14":"instock","15":"taxable","16":"shipping-taxable","17":"purchasable","18":"product-type-simple"},"acf":[],"_links":{"self":[{"href":"https:\/\/renophase.fr\/es\/wp-json\/wp\/v2\/product\/7425","targetHints":{"allow":["GET"]}}],"collection":[{"href":"https:\/\/renophase.fr\/es\/wp-json\/wp\/v2\/product"}],"about":[{"href":"https:\/\/renophase.fr\/es\/wp-json\/wp\/v2\/types\/product"}],"version-history":[{"count":0,"href":"https:\/\/renophase.fr\/es\/wp-json\/wp\/v2\/product\/7425\/revisions"}],"wp:featuredmedia":[{"embeddable":true,"href":"https:\/\/renophase.fr\/es\/wp-json\/wp\/v2\/media\/13234"}],"wp:attachment":[{"href":"https:\/\/renophase.fr\/es\/wp-json\/wp\/v2\/media?parent=7425"}],"wp:term":[{"taxonomy":"product_brand","embeddable":true,"href":"https:\/\/renophase.fr\/es\/wp-json\/wp\/v2\/product_brand?post=7425"},{"taxonomy":"product_cat","embeddable":true,"href":"https:\/\/renophase.fr\/es\/wp-json\/wp\/v2\/product_cat?post=7425"},{"taxonomy":"product_tag","embeddable":true,"href":"https:\/\/renophase.fr\/es\/wp-json\/wp\/v2\/product_tag?post=7425"}],"curies":[{"name":"wp","href":"https:\/\/api.w.org\/{rel}","templated":true}]}}