{"id":7431,"date":"2023-04-10T08:00:59","date_gmt":"2023-04-10T06:00:59","guid":{"rendered":"https:\/\/cosmetique.renophase.fr\/?post_type=product&#038;p=7431"},"modified":"2026-01-14T11:53:49","modified_gmt":"2026-01-14T10:53:49","slug":"renewlight-tr-serum","status":"publish","type":"product","link":"https:\/\/renophase.fr\/es\/producto\/renewlight-tr-serum\/","title":{"rendered":"<strong>RENEWLIGHT<\/strong>| TRanexamique S\u00e9rum"},"content":{"rendered":"<div class=\"desc\">\n<div class=\"text_desc\">\n<h4 style=\"text-align: center;width: 500px\">M\u00e9todo de aplicaci\u00f3n<\/h4>\n<p>S\u00c9RUM CORRECTOR ANTI-MANCHAS UNIFICADOR DEL TONO. Tez opaca, irregularidad pigmentaria y manchas marrones. Todo tipo de piel. Preferentemente por la noche, aplicar el s\u00e9rum sobre el rostro, cuello y escote, antes de cualquier otro producto. Durante el d\u00eda, aplicar REPAIR Crema L. Utilizado diariamente, RENEWLIGHT TR S\u00e9rum corrige las manchas marrones y mejora la uniformidad del tono.<\/p>\n<\/div>\n<\/div>\n<div><\/div>","protected":false},"excerpt":{"rendered":"<h4 class=\"separacio-producte\"><strong>S\u00c9RUM CORRECTOR DE LAS MANCHAS PIGMENTARIAS PRONUNCIADAS.<\/strong><\/h4>\n<div class=\"ecart\"><\/div>\n<p>Las hiperpigmentaciones pronunciadas y profundas no son solo el resultado de la acci\u00f3n nociva de los rayos UV, sino que tambi\u00e9n son causadas por hormonas, factores hereditarios, ciertos medicamentos y la inflamaci\u00f3n. Para resolver este problema complejo, hemos desarrollado una f\u00f3rmula \u00fanica para recuperar una pigmentaci\u00f3n uniforme.<\/p>\n<p>&nbsp;<\/p>\n<h4 class=\"separacio-producte\">PRINCIPALES ACTIVOS<\/h4>\n<p>&nbsp;<\/p>\n<p>\u00c1CIDO TRANEX\u00c1MICO 2 %: Varios estudios internacionales han demostrado que este activo reduce la producci\u00f3n de melanina y la propagaci\u00f3n de los elementos proinflamatorios responsables de la hiperpigmentaci\u00f3n.<\/p>\n<p>RETINOL: Acelera la renovaci\u00f3n de la piel.<\/p>","protected":false},"featured_media":13242,"template":"","meta":{"_acf_changed":false},"product_brand":[],"product_cat":[54,120],"product_tag":[69,84,100,101,102],"class_list":{"0":"post-7431","1":"product","2":"type-product","3":"status-publish","4":"has-post-thumbnail","6":"product_cat-04-reveal","7":"product_cat-renewlight-04-reveal","8":"product_tag-des-taches-brunes","9":"product_tag-jour-nuit","10":"product_tag-peaux-grasses","11":"product_tag-peaux-normales","12":"product_tag-peaux-seches","14":"first","15":"instock","16":"taxable","17":"shipping-taxable","18":"purchasable","19":"product-type-simple"},"acf":[],"_links":{"self":[{"href":"https:\/\/renophase.fr\/es\/wp-json\/wp\/v2\/product\/7431","targetHints":{"allow":["GET"]}}],"collection":[{"href":"https:\/\/renophase.fr\/es\/wp-json\/wp\/v2\/product"}],"about":[{"href":"https:\/\/renophase.fr\/es\/wp-json\/wp\/v2\/types\/product"}],"version-history":[{"count":0,"href":"https:\/\/renophase.fr\/es\/wp-json\/wp\/v2\/product\/7431\/revisions"}],"wp:featuredmedia":[{"embeddable":true,"href":"https:\/\/renophase.fr\/es\/wp-json\/wp\/v2\/media\/13242"}],"wp:attachment":[{"href":"https:\/\/renophase.fr\/es\/wp-json\/wp\/v2\/media?parent=7431"}],"wp:term":[{"taxonomy":"product_brand","embeddable":true,"href":"https:\/\/renophase.fr\/es\/wp-json\/wp\/v2\/product_brand?post=7431"},{"taxonomy":"product_cat","embeddable":true,"href":"https:\/\/renophase.fr\/es\/wp-json\/wp\/v2\/product_cat?post=7431"},{"taxonomy":"product_tag","embeddable":true,"href":"https:\/\/renophase.fr\/es\/wp-json\/wp\/v2\/product_tag?post=7431"}],"curies":[{"name":"wp","href":"https:\/\/api.w.org\/{rel}","templated":true}]}}