{"id":7437,"date":"2023-04-10T09:00:15","date_gmt":"2023-04-10T07:00:15","guid":{"rendered":"https:\/\/cosmetique.renophase.fr\/?post_type=product&#038;p=7437"},"modified":"2026-01-14T11:38:02","modified_gmt":"2026-01-14T10:38:02","slug":"neck-recovery","status":"publish","type":"product","link":"https:\/\/renophase.fr\/es\/producto\/neck-recovery\/","title":{"rendered":"<strong>NECK<\/strong>| Recovery"},"content":{"rendered":"<div class=\"desc\">\n<div class=\"text_desc\">\n<h4 style=\"text-align: center;width: 500px\">M\u00e9todo de aplicaci\u00f3n<\/h4>\n<p>Aplicar la crema NECK RECOVERY cada ma\u00f1ana en la zona del cuello.<\/p>\n<h4 style=\"text-align: center;width: 500px\">Precauciones de uso<\/h4>\n<p>No aplicar sobre pieles sensibles.<\/p>\n<\/div>\n<\/div>","protected":false},"excerpt":{"rendered":"<h4 class=\"separacio-producte\"><strong>Una crema de densificaci\u00f3n y regeneraci\u00f3n cut\u00e1nea<\/strong><\/h4>\n<div class=\"ecart\"><\/div>\n<p>La regi\u00f3n del cuello es la primera en mostrar signos de envejecimiento. La exposici\u00f3n solar y las variaciones biol\u00f3gicas provocan la disminuci\u00f3n de col\u00e1geno y elastina, el descolgamiento de los tejidos de soporte y la relajaci\u00f3n de la piel. La tecnolog\u00eda Retargeting AdvancedSkin Recovery, protegida por una patente, optimiza la acci\u00f3n de la prote\u00edna Klotho, clave de la longevidad celular. Progresivamente, la piel se transforma, volvi\u00e9ndose cada vez m\u00e1s lisa, luminosa, repulpada y con efectos duraderos.<\/p>\n<p>&nbsp;<\/p>\n<h4 class=\"separacio-producte\">PRINCIPALES ACTIVOS<\/h4>\n<p>&nbsp;<\/p>\n<p>GLUCONOLACTONA: Mol\u00e9cula natural que induce la exfoliaci\u00f3n y restaura el ciclo natural de renovaci\u00f3n celular de la piel, a la vez que proporciona una hidrataci\u00f3n \u00f3ptima.<\/p>\n<p>EXTRACTO DE SINORHIZOBIUM MELILOTI: Fortalece y densifica la estructura de la piel. Aumenta la producci\u00f3n de \u00e1cido hialur\u00f3nico.<\/p>\n<p>HEXAP\u00c9PTIDO 8: Act\u00faa sobre las microcontracciones, densifica la piel, reduce la profundidad de las arrugas e induce la producci\u00f3n de col\u00e1geno.<\/p>\n<p>&nbsp;<\/p>","protected":false},"featured_media":13229,"template":"","meta":{"_acf_changed":false},"product_brand":[],"product_cat":[72,71],"product_tag":[84,101,102,80,81],"class_list":{"0":"post-7437","1":"product","2":"type-product","3":"status-publish","4":"has-post-thumbnail","6":"product_cat-neck","7":"product_cat-retargeting","8":"product_tag-jour-nuit","9":"product_tag-peaux-normales","10":"product_tag-peaux-seches","11":"product_tag-un-cou-relache","12":"product_tag-un-cou-ride","14":"first","15":"instock","16":"taxable","17":"shipping-taxable","18":"purchasable","19":"product-type-simple"},"acf":[],"_links":{"self":[{"href":"https:\/\/renophase.fr\/es\/wp-json\/wp\/v2\/product\/7437","targetHints":{"allow":["GET"]}}],"collection":[{"href":"https:\/\/renophase.fr\/es\/wp-json\/wp\/v2\/product"}],"about":[{"href":"https:\/\/renophase.fr\/es\/wp-json\/wp\/v2\/types\/product"}],"version-history":[{"count":0,"href":"https:\/\/renophase.fr\/es\/wp-json\/wp\/v2\/product\/7437\/revisions"}],"wp:featuredmedia":[{"embeddable":true,"href":"https:\/\/renophase.fr\/es\/wp-json\/wp\/v2\/media\/13229"}],"wp:attachment":[{"href":"https:\/\/renophase.fr\/es\/wp-json\/wp\/v2\/media?parent=7437"}],"wp:term":[{"taxonomy":"product_brand","embeddable":true,"href":"https:\/\/renophase.fr\/es\/wp-json\/wp\/v2\/product_brand?post=7437"},{"taxonomy":"product_cat","embeddable":true,"href":"https:\/\/renophase.fr\/es\/wp-json\/wp\/v2\/product_cat?post=7437"},{"taxonomy":"product_tag","embeddable":true,"href":"https:\/\/renophase.fr\/es\/wp-json\/wp\/v2\/product_tag?post=7437"}],"curies":[{"name":"wp","href":"https:\/\/api.w.org\/{rel}","templated":true}]}}